{"id":1025,"date":"2022-09-13T13:53:28","date_gmt":"2022-09-13T13:53:28","guid":{"rendered":"https:\/\/playjouer.ca\/?page_id=1025"},"modified":"2022-11-03T21:33:20","modified_gmt":"2022-11-03T21:33:20","slug":"la-promesse-du-rcel","status":"publish","type":"page","link":"https:\/\/playjouer.ca\/fr\/a-propos\/la-promesse-du-rcel\/","title":{"rendered":"La promesse du RC\u00c9L"},"content":{"rendered":"\n<p>Premier r\u00e9seau de ce type au monde, le RC\u00c9L deviendra un r\u00e9seau national de syst\u00e8mes et de coll\u00e8gues exploitant le jeu comme un m\u00e9canisme essentiel pour la sant\u00e9, le bien-\u00eatre et l\u2019apprentissage dans leurs communaut\u00e9s scolaires. Ensemble, le r\u00e9seau \u00e9laborera de nouvelles compr\u00e9hensions de ce \u00e0 quoi ressemble un jeu culturellement et linguistiquement durable pour les \u00e9l\u00e8ves de partout au pays, et changera la fa\u00e7on dont le jeu est int\u00e9gr\u00e9 dans l\u2019exp\u00e9rience quotidienne de la scolarit\u00e9 chez les jeunes de 9 \u00e0 13 ans.<\/p>\n\n\n\n<p>Dans cette optique, le RC\u00c9L va&nbsp;:<\/p>\n\n\n\n<ol><li>mettre en relation les membres du personnel enseignant avec d\u2019autres personnes \u00e0 travers le pays qui s\u2019efforcent \u00e9galement d\u2019int\u00e9grer le jeu dans la vie de leurs \u00e9l\u00e8ves \u00e0 l\u2019\u00e9cole;<\/li><li>amplifier et d\u00e9fendre le travail des membres;<\/li><li>concevoir un accompagnement pour chaque \u00e9quipe scolaire en fonction des priorit\u00e9s et des besoins identifi\u00e9s.<\/li><\/ol>\n","protected":false},"excerpt":{"rendered":"<p>Premier r\u00e9seau de ce type au monde, le RC\u00c9L deviendra un r\u00e9seau national de syst\u00e8mes et de coll\u00e8gues exploitant le jeu comme un m\u00e9canisme essentiel pour la sant\u00e9, le bien-\u00eatre [&hellip;]<\/p>\n","protected":false},"author":1,"featured_media":0,"parent":828,"menu_order":0,"comment_status":"closed","ping_status":"closed","template":"","meta":[],"acf":[],"_links":{"self":[{"href":"https:\/\/playjouer.ca\/fr\/wp-json\/wp\/v2\/pages\/1025"}],"collection":[{"href":"https:\/\/playjouer.ca\/fr\/wp-json\/wp\/v2\/pages"}],"about":[{"href":"https:\/\/playjouer.ca\/fr\/wp-json\/wp\/v2\/types\/page"}],"author":[{"embeddable":true,"href":"https:\/\/playjouer.ca\/fr\/wp-json\/wp\/v2\/users\/1"}],"replies":[{"embeddable":true,"href":"https:\/\/playjouer.ca\/fr\/wp-json\/wp\/v2\/comments?post=1025"}],"version-history":[{"count":3,"href":"https:\/\/playjouer.ca\/fr\/wp-json\/wp\/v2\/pages\/1025\/revisions"}],"predecessor-version":[{"id":1445,"href":"https:\/\/playjouer.ca\/fr\/wp-json\/wp\/v2\/pages\/1025\/revisions\/1445"}],"up":[{"embeddable":true,"href":"https:\/\/playjouer.ca\/fr\/wp-json\/wp\/v2\/pages\/828"}],"wp:attachment":[{"href":"https:\/\/playjouer.ca\/fr\/wp-json\/wp\/v2\/media?parent=1025"}],"curies":[{"name":"wp","href":"https:\/\/api.w.org\/{rel}","templated":true}]}}