{"id":1030,"date":"2022-09-13T13:53:45","date_gmt":"2022-09-13T17:53:45","guid":{"rendered":"https:\/\/playjouer.ca\/?page_id=1030"},"modified":"2023-11-06T16:32:45","modified_gmt":"2023-11-06T21:32:45","slug":"reconnaissance-des-territoires","status":"publish","type":"page","link":"https:\/\/playjouer.ca\/fr\/a-propos\/reconnaissance-des-territoires\/","title":{"rendered":"Reconnaissance des territoires"},"content":{"rendered":"\n<p>Le R\u00e9seau canadien des \u00e9coles ludiques (RC\u00c9L) est construit et se d\u00e9veloppera sur les territoires traditionnels de nombreuses nations.<\/p>\n\n\n\n<p>Les personnes qui dirigent le d\u00e9veloppement du RC\u00c9L vivent et travaillent sur les territoires traditionnels non c\u00e9d\u00e9s des peuples algonquins. Nous respectons les Algonquins, qui sont les gardien.nes traditionnel.les de ces terres. Nous respectons tous les peuples autochtones de toutes les nations du Canada qui vivent \u00e0 Ottawa ou d&rsquo;ailleurs. Nous reconnaissons leurs gardien.nes des savoirs traditionnels de tous \u00e2ges, et nous honorons aussi leurs dirigeant.es d&rsquo;hier, d&rsquo;aujourd&rsquo;hui et de demain, au courage ind\u00e9niable.<\/p>\n","protected":false},"excerpt":{"rendered":"<p>Le R\u00e9seau canadien des \u00e9coles ludiques (RC\u00c9L) est construit et se d\u00e9veloppera sur les territoires traditionnels de nombreuses nations. Les personnes qui dirigent le d\u00e9veloppement du RC\u00c9L vivent et travaillent [&hellip;]<\/p>\n","protected":false},"author":1,"featured_media":0,"parent":828,"menu_order":0,"comment_status":"closed","ping_status":"closed","template":"","meta":[],"acf":[],"_links":{"self":[{"href":"https:\/\/playjouer.ca\/fr\/wp-json\/wp\/v2\/pages\/1030"}],"collection":[{"href":"https:\/\/playjouer.ca\/fr\/wp-json\/wp\/v2\/pages"}],"about":[{"href":"https:\/\/playjouer.ca\/fr\/wp-json\/wp\/v2\/types\/page"}],"author":[{"embeddable":true,"href":"https:\/\/playjouer.ca\/fr\/wp-json\/wp\/v2\/users\/1"}],"replies":[{"embeddable":true,"href":"https:\/\/playjouer.ca\/fr\/wp-json\/wp\/v2\/comments?post=1030"}],"version-history":[{"count":3,"href":"https:\/\/playjouer.ca\/fr\/wp-json\/wp\/v2\/pages\/1030\/revisions"}],"predecessor-version":[{"id":4694,"href":"https:\/\/playjouer.ca\/fr\/wp-json\/wp\/v2\/pages\/1030\/revisions\/4694"}],"up":[{"embeddable":true,"href":"https:\/\/playjouer.ca\/fr\/wp-json\/wp\/v2\/pages\/828"}],"wp:attachment":[{"href":"https:\/\/playjouer.ca\/fr\/wp-json\/wp\/v2\/media?parent=1030"}],"curies":[{"name":"wp","href":"https:\/\/api.w.org\/{rel}","templated":true}]}}