{"id":1032,"date":"2022-09-13T13:53:59","date_gmt":"2022-09-13T17:53:59","guid":{"rendered":"https:\/\/playjouer.ca\/?page_id=1032"},"modified":"2023-02-21T16:06:28","modified_gmt":"2023-02-21T21:06:28","slug":"ecoles-participantes","status":"publish","type":"page","link":"https:\/\/playjouer.ca\/fr\/restez-connecte-es\/vitrine-rcel\/ecoles-participantes\/","title":{"rendered":"\u00c9coles participantes"},"content":{"rendered":"\n<h2><strong>Colombie-Britannique (C.-B.)<\/strong><\/h2>\n\n\n\n<ul>\n<li><a href=\"https:\/\/playjouer.ca\/fr\/a-propos\/ecoles-participantes\/babine-elementary-secondary-school-en\/\" data-type=\"page\" data-id=\"1365\">Babine Elementary Secondary School<\/a>\u200b [EN]<\/li>\n\n\n\n<li><a href=\"https:\/\/playjouer.ca\/fr\/a-propos\/ecoles-participantes\/brooks-secondary-en\/\" data-type=\"page\" data-id=\"1175\">Brooks Secondary School<\/a> [EN]<\/li>\n\n\n\n<li><a href=\"https:\/\/playjouer.ca\/fr\/a-propos\/ecoles-participantes\/hudson-road-elementary-en\/\" data-type=\"page\" data-id=\"1227\">Hudson Road Elementary<\/a>\u200b [EN]<\/li>\n\n\n\n<li><a href=\"https:\/\/playjouer.ca\/fr\/a-propos\/ecoles-participantes\/ecole-des-sentiers-alpins\/\" data-type=\"page\" data-id=\"1326\">\u00c9cole des Sentiers-alpins et Secondaire de Nelson<\/a> [FR]<\/li>\n\n\n\n<li><a href=\"https:\/\/playjouer.ca\/fr\/a-propos\/ecoles-participantes\/ecole-collines-or-secondaire-kamloops\/\" data-type=\"page\" data-id=\"1288\">\u00c9cole Collines-d\u2019or et Secondaire de Kamloops<\/a> [FR]<\/li>\n<\/ul>\n\n\n\n<h2><strong>Nouveau Brunswick (N.-B.)<\/strong><\/h2>\n\n\n\n<ul>\n<li><a href=\"https:\/\/playjouer.ca\/fr\/a-propos\/ecoles-participantes\/bath-community-school-en\/\" data-type=\"page\" data-id=\"1301\">Bath Community School<\/a> [EN]<\/li>\n\n\n\n<li>\u200b\u200b<a href=\"https:\/\/playjouer.ca\/fr\/a-propos\/ecoles-participantes\/ecole-communautaire-saint-joseph\/\" data-type=\"page\" data-id=\"1188\">\u00c9cole Communautaire Saint-Joseph<\/a> [FR]<\/li>\n\n\n\n<li>\u200b\u200b<a href=\"https:\/\/playjouer.ca\/fr\/a-propos\/ecoles-participantes\/gagetown-school-en\/\" data-type=\"page\" data-id=\"1265\">Gagetown School<\/a>\u200b [EN]<\/li>\n\n\n\n<li>\u200b\u200b<a href=\"https:\/\/playjouer.ca\/fr\/a-propos\/ecoles-participantes\/hanwell-park-academy-en\/\" data-type=\"page\" data-id=\"1260\">Hanwell Park Academy<\/a>\u200b [EN]<\/li>\n\n\n\n<li><a href=\"https:\/\/playjouer.ca\/fr\/a-propos\/ecoles-participantes\/terry-fox-elementary-en\/\" data-type=\"page\" data-id=\"1338\">Terry Fox Elementary School<\/a> [EN]<\/li>\n\n\n\n<li><a href=\"https:\/\/playjouer.ca\/fr\/a-propos\/ecoles-participantes\/polyvalente-thomas-albert\/\" data-type=\"page\" data-id=\"1242\">Polyvalente Thomas-Albert<\/a> [FR]<\/li>\n<\/ul>\n\n\n\n<h2><strong>Terre-Neuve-et-Labrador (T.-N.-L.)<\/strong><\/h2>\n\n\n\n<ul>\n<li><a href=\"https:\/\/playjouer.ca\/fr\/a-propos\/ecoles-participantes\/amos-comenius-memorial-school-en\/\" data-type=\"page\" data-id=\"1240\">Amos Comenius Memorial School<\/a> [EN]<\/li>\n\n\n\n<li><a href=\"https:\/\/playjouer.ca\/fr\/a-propos\/ecoles-participantes\/ecole-notre-dame-du-cap\/\" data-type=\"page\" data-id=\"1580\">\u00c9cole Notre-Dame-du-Cap<\/a> [FR]<\/li>\n\n\n\n<li>\u200b\u200b<a href=\"https:\/\/playjouer.ca\/fr\/a-propos\/ecoles-participantes\/stephenville-elementary-school-en\/\" data-type=\"page\" data-id=\"1315\">Stephenville Elementary School<\/a>\u200b [EN]<\/li>\n\n\n\n<li><a href=\"https:\/\/playjouer.ca\/fr\/a-propos\/ecoles-participantes\/st-andrews-elementary-en\/\" data-type=\"page\" data-id=\"1269\">St. Andrew\u2019s Elementary<\/a> [EN]<\/li>\n\n\n\n<li><a href=\"https:\/\/playjouer.ca\/fr\/a-propos\/ecoles-participantes\/valmont-academy-en\/\" data-type=\"page\" data-id=\"1312\">Valmont Academy<\/a> [EN]<\/li>\n\n\n\n<li><a href=\"https:\/\/playjouer.ca\/fr\/a-propos\/ecoles-participantes\/vanier-elementary-en\/\" data-type=\"page\" data-id=\"1285\">Vanier Elementary<\/a> [EN]<\/li>\n<\/ul>\n\n\n\n<h2><strong>Nouvelle-\u00c9cosse (N.-\u00c9.)<\/strong><\/h2>\n\n\n\n<ul>\n<li><a href=\"https:\/\/playjouer.ca\/fr\/a-propos\/ecoles-participantes\/ecole-acadienne-de-pomquet\/\" data-type=\"page\" data-id=\"1340\">\u00c9cole acadienne de Pomquet<\/a> [FR]<\/li>\n\n\n\n<li><a href=\"https:\/\/playjouer.ca\/fr\/a-propos\/ecoles-participantes\/ecole-secondaire-de-clare\/\" data-type=\"page\" data-id=\"1465\">\u00c9cole secondaire de Clare<\/a> [FR]<\/li>\n\n\n\n<li><a href=\"https:\/\/playjouer.ca\/fr\/a-propos\/ecoles-participantes\/fanning-education-centre-canso-academy-en\/\" data-type=\"page\" data-id=\"1372\">Fanning Education Centre \/ Canso Academy<\/a> [EN]<\/li>\n\n\n\n<li><a href=\"https:\/\/playjouer.ca\/fr\/a-propos\/ecoles-participantes\/mount-edward-elementary-school-en\/\" data-type=\"page\" data-id=\"1357\">Mount Edward Elementary School<\/a> [EN]<\/li>\n\n\n\n<li><a href=\"https:\/\/playjouer.ca\/fr\/a-propos\/ecoles-participantes\/redcliff-middle-school-en\/\" data-type=\"page\" data-id=\"1362\">Redcliff Middle School<\/a> [EN]<\/li>\n\n\n\n<li><a href=\"https:\/\/playjouer.ca\/fr\/a-propos\/ecoles-participantes\/harbourside-elementary-en\/\" data-type=\"page\" data-id=\"1250\">Harbourside Elementary<\/a> [EN]<\/li>\n<\/ul>\n\n\n\n<h2><strong>Ontario (ON)<\/strong><\/h2>\n\n\n\n<ul>\n<li><a href=\"https:\/\/playjouer.ca\/fr\/a-propos\/ecoles-participantes\/ecole-elementaire-catholique-st-michel\/\" data-type=\"page\" data-id=\"1294\">\u00c9cole \u00e9l\u00e9mentaire catholique St-Michel<\/a> [FR]<\/li>\n\n\n\n<li><a href=\"https:\/\/playjouer.ca\/fr\/a-propos\/ecoles-participantes\/ecole-elementaire-publique-mamawi\/\" data-type=\"page\" data-id=\"1591\">\u00c9cole \u00e9l\u00e9mentaire publique Mamawi<\/a> [FR]<\/li>\n\n\n\n<li>\u200b\u200b<a href=\"https:\/\/playjouer.ca\/fr\/a-propos\/ecoles-participantes\/duncan-schoular-public-school-en\/\" data-type=\"page\" data-id=\"1255\">Duncan J Schoular\u200b Public School<\/a> [EN]<\/li>\n\n\n\n<li><a href=\"https:\/\/playjouer.ca\/fr\/a-propos\/ecoles-participantes\/mcmurrich-junior-public-school-en\/\" data-type=\"page\" data-id=\"1333\">McMurrich Junior Public School<\/a> [EN]<\/li>\n\n\n\n<li><a href=\"https:\/\/playjouer.ca\/fr\/a-propos\/ecoles-participantes\/north-gower-marlborough-public-school-en\/\" data-type=\"page\" data-id=\"1181\">North Gower Marlborough Public School<\/a> [EN]<\/li>\n\n\n\n<li>\u200b\u200b<a href=\"https:\/\/playjouer.ca\/fr\/a-propos\/ecoles-participantes\/st-david-catholic-elementary-school-en\/\" data-type=\"page\" data-id=\"1212\">St. David Catholic Elementary School<\/a>\u200b [EN]<\/li>\n\n\n\n<li><a href=\"https:\/\/playjouer.ca\/fr\/a-propos\/ecoles-participantes\/st-george-notre-dame-en\/\" data-type=\"page\" data-id=\"1232\">St. George and Notre Dame<\/a> [EN]<\/li>\n<\/ul>\n\n\n\n<h2><strong>Qu\u00e9bec (QC)<\/strong><\/h2>\n\n\n\n<ul>\n<li><a href=\"https:\/\/playjouer.ca\/fr\/a-propos\/ecoles-participantes\/ecole-benoit-duhamel\/\" data-type=\"page\" data-id=\"1214\">\u00c9cole Beno\u00eet-Duhamel\u200b<\/a> [FR]<\/li>\n\n\n\n<li><a href=\"https:\/\/playjouer.ca\/fr\/a-propos\/ecoles-participantes\/kitigan-zibi-kikinamadinan-en\/\" data-type=\"page\" data-id=\"1348\">Kitigan Zibi Kikinamadinan<\/a> [EN]<\/li>\n\n\n\n<li><a href=\"https:\/\/playjouer.ca\/fr\/a-propos\/ecoles-participantes\/pierre-elliott-trudeau-elementary-en\/\" data-type=\"page\" data-id=\"1353\">Pierre Elliott Trudeau Elementary School<\/a> [EN]<\/li>\n<\/ul>\n\n\n\n<h2><strong>Saskatchewan (SK)<\/strong><\/h2>\n\n\n\n<ul>\n<li><a href=\"https:\/\/playjouer.ca\/fr\/a-propos\/ecoles-participantes\/ecole-monseigneur-de-laval\/\" data-type=\"page\" data-id=\"1375\">\u00c9cole Monseigneur de Laval<\/a> [FR]<\/li>\n\n\n\n<li><a href=\"https:\/\/playjouer.ca\/fr\/a-propos\/ecoles-participantes\/st-anne-elementary-school-en\/\" data-type=\"page\" data-id=\"1308\">St. Anne Elementary School<\/a> [EN]<\/li>\n\n\n\n<li><a href=\"https:\/\/playjouer.ca\/fr\/a-propos\/ecoles-participantes\/biggar-central-school-en\/\" data-type=\"page\" data-id=\"1279\">Biggar Central School<\/a> [EN]<\/li>\n\n\n\n<li><a href=\"https:\/\/playjouer.ca\/fr\/a-propos\/ecoles-participantes\/birch-hills-public-schools-en\/\" data-type=\"page\" data-id=\"1195\">Birch Hills Public School<\/a> [EN]<\/li>\n\n\n\n<li>\u200b\u200b<a href=\"https:\/\/playjouer.ca\/fr\/a-propos\/ecoles-participantes\/queen-mary-public-school-en\/\" data-type=\"page\" data-id=\"1273\">Queen Mary Public School<\/a> \u200b[EN]<\/li>\n\n\n\n<li>\u200b\u200b<a href=\"https:\/\/playjouer.ca\/fr\/a-propos\/ecoles-participantes\/riverside-public-school-en\/\" data-type=\"page\" data-id=\"1224\">Riverside Public School\u200b<\/a> [EN]<\/li>\n\n\n\n<li>\u200b\u200b<a href=\"https:\/\/playjouer.ca\/fr\/a-propos\/ecoles-participantes\/st-lorenzo-ruiz-en\/\" data-type=\"page\" data-id=\"1321\">St. Lorenzo Ruiz\u200b<\/a> [EN]<\/li>\n\n\n\n<li>\u200b\u200b<a href=\"https:\/\/playjouer.ca\/fr\/a-propos\/ecoles-participantes\/eaton-school-sunwest-en\/\" data-type=\"page\" data-id=\"1166\">Eaton School Sunwest<\/a>\u200b [EN]<\/li>\n<\/ul>\n","protected":false},"excerpt":{"rendered":"<p>Colombie-Britannique (C.-B.) Nouveau Brunswick (N.-B.) Terre-Neuve-et-Labrador (T.-N.-L.) Nouvelle-\u00c9cosse (N.-\u00c9.) Ontario (ON) Qu\u00e9bec (QC) Saskatchewan (SK)<\/p>\n","protected":false},"author":1,"featured_media":0,"parent":3082,"menu_order":0,"comment_status":"closed","ping_status":"closed","template":"","meta":[],"acf":[],"_links":{"self":[{"href":"https:\/\/playjouer.ca\/fr\/wp-json\/wp\/v2\/pages\/1032"}],"collection":[{"href":"https:\/\/playjouer.ca\/fr\/wp-json\/wp\/v2\/pages"}],"about":[{"href":"https:\/\/playjouer.ca\/fr\/wp-json\/wp\/v2\/types\/page"}],"author":[{"embeddable":true,"href":"https:\/\/playjouer.ca\/fr\/wp-json\/wp\/v2\/users\/1"}],"replies":[{"embeddable":true,"href":"https:\/\/playjouer.ca\/fr\/wp-json\/wp\/v2\/comments?post=1032"}],"version-history":[{"count":4,"href":"https:\/\/playjouer.ca\/fr\/wp-json\/wp\/v2\/pages\/1032\/revisions"}],"predecessor-version":[{"id":2340,"href":"https:\/\/playjouer.ca\/fr\/wp-json\/wp\/v2\/pages\/1032\/revisions\/2340"}],"up":[{"embeddable":true,"href":"https:\/\/playjouer.ca\/fr\/wp-json\/wp\/v2\/pages\/3082"}],"wp:attachment":[{"href":"https:\/\/playjouer.ca\/fr\/wp-json\/wp\/v2\/media?parent=1032"}],"curies":[{"name":"wp","href":"https:\/\/api.w.org\/{rel}","templated":true}]}}