{"id":1166,"date":"2022-10-30T00:16:13","date_gmt":"2022-10-30T04:16:13","guid":{"rendered":"https:\/\/playjouer.ca\/about-fr\/ecoles-participantes\/eaton-school-sunwest\/"},"modified":"2024-01-08T18:01:08","modified_gmt":"2024-01-08T23:01:08","slug":"eaton-school-sunwest","status":"publish","type":"page","link":"https:\/\/playjouer.ca\/fr\/restez-connecte-es\/soyez-inspire-es\/eaton-school-sunwest\/","title":{"rendered":"Eaton School Sunwest [EN]"},"content":{"rendered":"\n<h2 class=\"has-cpsn-orange-color has-text-color\">Introduction<\/h2>\n\n\n\n<figure class=\"wp-block-embed is-type-video is-provider-youtube wp-block-embed-youtube wp-embed-aspect-16-9 wp-has-aspect-ratio\"><div class=\"wp-block-embed__wrapper\">\n<iframe loading=\"lazy\" title=\"\u200b\u200bEaton School Sunwest\u200b : Introduction\" width=\"640\" height=\"360\" src=\"https:\/\/www.youtube.com\/embed\/jt3jgRq7F0k?feature=oembed\" frameborder=\"0\" allow=\"accelerometer; autoplay; clipboard-write; encrypted-media; gyroscope; picture-in-picture\" allowfullscreen><\/iframe>\n<\/div><\/figure>\n\n\n\n<h2 class=\"has-cpsn-orange-color has-text-color\">Notre projet<\/h2>\n\n\n\n<p>L&rsquo;objectif principal de notre \u00e9quipe est de cr\u00e9er des espaces vivants ! La responsabilisation, l&rsquo;autonomie et la communaut\u00e9 sont primordiales dans la p\u00e9dagogie de notre \u00e9quipe. Notre objectif est de rendre l&rsquo;apprentissage accessible \u00e0 tous dans nos espaces. Cet espace permet aux \u00e9l\u00e8ves d&rsquo;explorer l&rsquo;art, le bien-\u00eatre, la construction, les sciences de l&rsquo;environnement, l&rsquo;horticulture et met en valeur notre communaut\u00e9 agricole rurale. Ce projet nous a permis d&rsquo;enrichir notre enseignement au-del\u00e0 des quatre murs d&rsquo;une salle de classe. \u00c9tant donn\u00e9 que 60 % de nos \u00e9l\u00e8ves sont des apprenants naturels, notre objectif sera de finaliser notre espace ext\u00e9rieur avec un th\u00e9\u00e2tre, des panneaux solaires, des instruments de musique, une serre et de c\u00e9l\u00e9brer la communaut\u00e9 qui nous a aid\u00e9s \u00e0 construire cet espace avec une exp\u00e9rience de type \u00ab de la ferme \u00e0 la table. \u00bb Cela nous permettra d&rsquo;aborder le bien-\u00eatre et la croissance socio-\u00e9motionnelle de nos \u00e9l\u00e8ves et de leur donner les moyens de partager leurs connaissances. Nous voulons nous occuper de l&rsquo;enfant dans son ensemble avec une approche holistique de l&rsquo;\u00e9ducation.<\/p>\n\n\n\n<p><strong>Parlez-nous de votre \u00e9quipe et de votre communaut\u00e9 scolaire.<\/strong><br>Nous vivons dans une r\u00e9gion rurale de la Saskatchewan, dans une ville plus grande que nature appel\u00e9e Eatonia. La population de la ville est de 500 habitants et les fermes environnantes correspondent \u00e9galement \u00e0 ce chiffre, tandis que l&rsquo;\u00e9cole compte 135 \u00e9l\u00e8ves. Notre petite ville est comme une famille ; tout le monde se conna\u00eet, s&rsquo;entraide, et les gens font preuve de compassion et d&rsquo;un grand c\u0153ur. Ces valeurs sont enracin\u00e9es dans le fondement de notre \u00e9cole multigrade K-12 dans la division scolaire Sunwest. Notre petite \u00e9cole compte 19 employ\u00e9s exceptionnels, dont seulement 8 enseignants en classe, parmi lesquels 5 d&rsquo;entre nous ont collabor\u00e9 \u00e0 ce voyage RC\u00c9L. La collaboration est au c\u0153ur de nombreux projets au sein de l&rsquo;\u00e9cole et, en tant qu&rsquo;\u00e9quipe, nous sommes meilleurs ensembles. Nos points forts favorisent l&rsquo;apprentissage gr\u00e2ce \u00e0 la curiosit\u00e9 de Clint, au sens de l&rsquo;organisation de Megan, \u00e0 la cr\u00e9ativit\u00e9 de Nichole, \u00e0 Lisa en tant que leader, ainsi qu&rsquo;\u00e0 la capacit\u00e9 d&rsquo;inclusion et de r\u00e9flexion de Shelley. Collectivement, nous croyons qu&rsquo;il faut ouvrir les portes \u00e0 des possibilit\u00e9s alternatives d&rsquo;apprentissage par le jeu, car cela permet aux \u00e9l\u00e8ves d&rsquo;\u00eatre plus attentifs et productifs.<\/p>\n\n\n\n<p><strong>Parlez-nous de l&rsquo;importance de l&rsquo;apprentissage par le jeu pour votre \u00e9quipe et vos \u00e9l\u00e8ves.<\/strong><br>Le personnel de Spartan croit que tous les \u00e9l\u00e8ves PEUVENT \u00eatre habilit\u00e9s \u00e0 mettre en valeur leurs forces et leur capacit\u00e9 d&rsquo;apprentissage. Notre t\u00e2che, en tant qu&rsquo;\u00e9ducateurs, est d&rsquo;\u00e9tablir des relations qui alimentent cet apprentissage et offrent des possibilit\u00e9s de rendre l&rsquo;apprentissage accessible \u00e0 tous. Notre espace ext\u00e9rieur Spartan est une vitrine de cette approche de l&rsquo;\u00e9ducation holistique. Avec le soutien de notre communaut\u00e9, cet espace nous a permis de continuer \u00e0 honorer la voix des \u00e9l\u00e8ves, o\u00f9 l&rsquo;apprentissage est naturel, cr\u00e9atif et authentique. Cet espace est anim\u00e9 par l&rsquo;apprentissage et permet \u00e0 toutes les parties prenantes d&rsquo;aborder la croissance socio-\u00e9motionnelle et le bien-\u00eatre et de leur donner les moyens de partager leurs connaissances. Il n&rsquo;y a pas de plus grande r\u00e9compense que de voir un enfant r\u00e9colter une culture, faire pousser des l\u00e9gumes et appliquer des comp\u00e9tences en math\u00e9matiques ou en sciences dans un sc\u00e9nario de la vie r\u00e9elle. L&rsquo;\u00e9ducation en plein air permet cela. Nous pensons que l&rsquo;apprentissage par le jeu permet aux \u00e9l\u00e8ves, au personnel et \u00e0 la communaut\u00e9 de prendre des risques, d&rsquo;am\u00e9liorer le bien-\u00eatre et de cr\u00e9er des opportunit\u00e9s d&rsquo;interaction sociale et de collaboration.<\/p>\n\n\n\n<p><strong>Parlez-nous de votre int\u00e9r\u00eat \u00e0 rejoindre le R\u00e9seau canadien des \u00e9coles ludiques.<\/strong><br>Nous pensons que le RC\u00c9L pourrait soutenir notre \u00e9quipe en nous donnant acc\u00e8s \u00e0 des experts dans le domaine des espaces de fabrication, des espaces verts, de l&rsquo;agriculture et de l&rsquo;\u00e9ducation en plein air. En ce qui concerne le d\u00e9veloppement d&rsquo;un th\u00e9\u00e2tre en plein air, nous ne savons pas o\u00f9 nous pourrions acqu\u00e9rir les ressources n\u00e9cessaires pour rendre cela possible. En tant qu&rsquo;\u00e9quipe, nous sommes \u00e9galement impatients de nous connecter et de collaborer avec d&rsquo;autres enseignants. Cela nous permettra de continuer \u00e0 cr\u00e9er des espaces d&rsquo;apprentissage vivants. En tant qu&rsquo;\u00e9cole rurale, il est passionnant de voir ce que font les autres \u00e9coles canadiennes. \u00c0 nos yeux, les possibilit\u00e9s sont vraiment infinies. Nous sommes impatients de vous rencontrer tous et de vous faire d\u00e9couvrir les possibilit\u00e9s de l&rsquo;\u00e9ducation en plein air.<\/p>\n\n\n\n<p><strong>D\u00e9couvrez les projets de nos \u00e9l\u00e8ves et ce que nous avons accompli au cours de l&rsquo;ann\u00e9e 2022-2023 !<\/strong><\/p>\n\n\n\n<div class=\"wp-block-file\"><object class=\"wp-block-file__embed\" data=\"https:\/\/playjouer.ca\/wp-content\/uploads\/2024\/01\/Eaton-School-CPSN-Virtual-Showcase.pdf\" type=\"application\/pdf\" style=\"width:100%;height:600px\" aria-label=\"Contenu embarqu\u00e9 Eaton-School-CPSN-Virtual-Showcase.\"><\/object><a id=\"wp-block-file--media-25fe6d45-c274-4c73-af9e-6db95107ed1d\" href=\"https:\/\/playjouer.ca\/wp-content\/uploads\/2024\/01\/Eaton-School-CPSN-Virtual-Showcase.pdf\">Eaton-School-CPSN-Virtual-Showcase<\/a><a href=\"https:\/\/playjouer.ca\/wp-content\/uploads\/2024\/01\/Eaton-School-CPSN-Virtual-Showcase.pdf\" class=\"wp-block-file__button wp-element-button\" download aria-describedby=\"wp-block-file--media-25fe6d45-c274-4c73-af9e-6db95107ed1d\">Download<\/a><\/div>\n\n\n\n<figure class=\"is-layout-flex wp-block-gallery-1 wp-block-gallery has-nested-images columns-default is-cropped\">\n<figure class=\"wp-block-image size-large\"><img decoding=\"async\" loading=\"lazy\" width=\"820\" height=\"1024\" data-id=\"5178\"  src=\"https:\/\/playjouer.ca\/wp-content\/uploads\/2024\/01\/Nichole-Bredy-photo-output-820x1024.jpeg\" alt=\"\" class=\"wp-image-5178\" srcset=\"https:\/\/playjouer.ca\/wp-content\/uploads\/2024\/01\/Nichole-Bredy-photo-output-820x1024.jpeg 820w, https:\/\/playjouer.ca\/wp-content\/uploads\/2024\/01\/Nichole-Bredy-photo-output-240x300.jpeg 240w, https:\/\/playjouer.ca\/wp-content\/uploads\/2024\/01\/Nichole-Bredy-photo-output-768x959.jpeg 768w, https:\/\/playjouer.ca\/wp-content\/uploads\/2024\/01\/Nichole-Bredy-photo-output-1230x1536.jpeg 1230w, https:\/\/playjouer.ca\/wp-content\/uploads\/2024\/01\/Nichole-Bredy-photo-output-1640x2048.jpeg 1640w\" sizes=\"(max-width: 820px) 100vw, 820px\" \/><\/figure>\n\n\n\n<figure class=\"wp-block-image size-large\"><img decoding=\"async\" loading=\"lazy\" width=\"768\" height=\"1024\" data-id=\"5176\"  src=\"https:\/\/playjouer.ca\/wp-content\/uploads\/2024\/01\/Nichole-Bredy-IMG_9451-768x1024.jpeg\" alt=\"\" class=\"wp-image-5176\" srcset=\"https:\/\/playjouer.ca\/wp-content\/uploads\/2024\/01\/Nichole-Bredy-IMG_9451-768x1024.jpeg 768w, https:\/\/playjouer.ca\/wp-content\/uploads\/2024\/01\/Nichole-Bredy-IMG_9451-225x300.jpeg 225w, https:\/\/playjouer.ca\/wp-content\/uploads\/2024\/01\/Nichole-Bredy-IMG_9451-1152x1536.jpeg 1152w, https:\/\/playjouer.ca\/wp-content\/uploads\/2024\/01\/Nichole-Bredy-IMG_9451-1536x2048.jpeg 1536w, https:\/\/playjouer.ca\/wp-content\/uploads\/2024\/01\/Nichole-Bredy-IMG_9451-scaled.jpeg 1920w\" sizes=\"(max-width: 768px) 100vw, 768px\" \/><\/figure>\n\n\n\n<figure class=\"wp-block-image size-large\"><img decoding=\"async\" loading=\"lazy\" width=\"1024\" height=\"768\" data-id=\"5174\"  src=\"https:\/\/playjouer.ca\/wp-content\/uploads\/2024\/01\/Nichole-Bredy-IMG_2387-1024x768.jpeg\" alt=\"\" class=\"wp-image-5174\" srcset=\"https:\/\/playjouer.ca\/wp-content\/uploads\/2024\/01\/Nichole-Bredy-IMG_2387-1024x768.jpeg 1024w, https:\/\/playjouer.ca\/wp-content\/uploads\/2024\/01\/Nichole-Bredy-IMG_2387-300x225.jpeg 300w, https:\/\/playjouer.ca\/wp-content\/uploads\/2024\/01\/Nichole-Bredy-IMG_2387-768x576.jpeg 768w, https:\/\/playjouer.ca\/wp-content\/uploads\/2024\/01\/Nichole-Bredy-IMG_2387-1536x1152.jpeg 1536w, https:\/\/playjouer.ca\/wp-content\/uploads\/2024\/01\/Nichole-Bredy-IMG_2387-2048x1536.jpeg 2048w\" sizes=\"(max-width: 1024px) 100vw, 1024px\" \/><\/figure>\n\n\n\n<figure class=\"wp-block-image size-large\"><img decoding=\"async\" loading=\"lazy\" width=\"1024\" height=\"768\" data-id=\"5172\"  src=\"https:\/\/playjouer.ca\/wp-content\/uploads\/2024\/01\/Nichole-Bredy-IMG_2374-1024x768.jpeg\" alt=\"\" class=\"wp-image-5172\" srcset=\"https:\/\/playjouer.ca\/wp-content\/uploads\/2024\/01\/Nichole-Bredy-IMG_2374-1024x768.jpeg 1024w, https:\/\/playjouer.ca\/wp-content\/uploads\/2024\/01\/Nichole-Bredy-IMG_2374-300x225.jpeg 300w, https:\/\/playjouer.ca\/wp-content\/uploads\/2024\/01\/Nichole-Bredy-IMG_2374-768x576.jpeg 768w, https:\/\/playjouer.ca\/wp-content\/uploads\/2024\/01\/Nichole-Bredy-IMG_2374-1536x1152.jpeg 1536w, https:\/\/playjouer.ca\/wp-content\/uploads\/2024\/01\/Nichole-Bredy-IMG_2374-2048x1536.jpeg 2048w\" sizes=\"(max-width: 1024px) 100vw, 1024px\" \/><\/figure>\n\n\n\n<figure class=\"wp-block-image size-large\"><img decoding=\"async\" loading=\"lazy\" width=\"768\" height=\"1024\" data-id=\"5170\"  src=\"https:\/\/playjouer.ca\/wp-content\/uploads\/2024\/01\/Nichole-Bredy-IMG_2366-768x1024.jpeg\" alt=\"\" class=\"wp-image-5170\" srcset=\"https:\/\/playjouer.ca\/wp-content\/uploads\/2024\/01\/Nichole-Bredy-IMG_2366-768x1024.jpeg 768w, https:\/\/playjouer.ca\/wp-content\/uploads\/2024\/01\/Nichole-Bredy-IMG_2366-225x300.jpeg 225w, https:\/\/playjouer.ca\/wp-content\/uploads\/2024\/01\/Nichole-Bredy-IMG_2366-1152x1536.jpeg 1152w, https:\/\/playjouer.ca\/wp-content\/uploads\/2024\/01\/Nichole-Bredy-IMG_2366-1536x2048.jpeg 1536w, https:\/\/playjouer.ca\/wp-content\/uploads\/2024\/01\/Nichole-Bredy-IMG_2366-scaled.jpeg 1920w\" sizes=\"(max-width: 768px) 100vw, 768px\" \/><\/figure>\n\n\n\n<figure class=\"wp-block-image size-large\"><img decoding=\"async\" loading=\"lazy\" width=\"768\" height=\"1024\" data-id=\"5168\"  src=\"https:\/\/playjouer.ca\/wp-content\/uploads\/2024\/01\/Nichole-Bredy-IMG_2365-768x1024.jpeg\" alt=\"\" class=\"wp-image-5168\" srcset=\"https:\/\/playjouer.ca\/wp-content\/uploads\/2024\/01\/Nichole-Bredy-IMG_2365-768x1024.jpeg 768w, https:\/\/playjouer.ca\/wp-content\/uploads\/2024\/01\/Nichole-Bredy-IMG_2365-225x300.jpeg 225w, https:\/\/playjouer.ca\/wp-content\/uploads\/2024\/01\/Nichole-Bredy-IMG_2365-1152x1536.jpeg 1152w, https:\/\/playjouer.ca\/wp-content\/uploads\/2024\/01\/Nichole-Bredy-IMG_2365-1536x2048.jpeg 1536w, https:\/\/playjouer.ca\/wp-content\/uploads\/2024\/01\/Nichole-Bredy-IMG_2365-scaled.jpeg 1920w\" sizes=\"(max-width: 768px) 100vw, 768px\" \/><\/figure>\n\n\n\n<figure class=\"wp-block-image size-large\"><img decoding=\"async\" loading=\"lazy\" width=\"768\" height=\"1024\" data-id=\"5166\"  src=\"https:\/\/playjouer.ca\/wp-content\/uploads\/2024\/01\/Nichole-Bredy-IMG_0490-768x1024.jpeg\" alt=\"\" class=\"wp-image-5166\" srcset=\"https:\/\/playjouer.ca\/wp-content\/uploads\/2024\/01\/Nichole-Bredy-IMG_0490-768x1023.jpeg 768w, https:\/\/playjouer.ca\/wp-content\/uploads\/2024\/01\/Nichole-Bredy-IMG_0490-225x300.jpeg 225w, https:\/\/playjouer.ca\/wp-content\/uploads\/2024\/01\/Nichole-Bredy-IMG_0490.jpeg 965w\" sizes=\"(max-width: 768px) 100vw, 768px\" \/><\/figure>\n\n\n\n<figure class=\"wp-block-image size-large\"><img decoding=\"async\" loading=\"lazy\" width=\"768\" height=\"1024\" data-id=\"5164\"  src=\"https:\/\/playjouer.ca\/wp-content\/uploads\/2024\/01\/Nichole-Bredy-IMG_0489-768x1024.jpeg\" alt=\"\" class=\"wp-image-5164\" srcset=\"https:\/\/playjouer.ca\/wp-content\/uploads\/2024\/01\/Nichole-Bredy-IMG_0489-768x1023.jpeg 768w, https:\/\/playjouer.ca\/wp-content\/uploads\/2024\/01\/Nichole-Bredy-IMG_0489-225x300.jpeg 225w, https:\/\/playjouer.ca\/wp-content\/uploads\/2024\/01\/Nichole-Bredy-IMG_0489.jpeg 965w\" sizes=\"(max-width: 768px) 100vw, 768px\" \/><\/figure>\n\n\n\n<figure class=\"wp-block-image size-large\"><img decoding=\"async\" loading=\"lazy\" width=\"768\" height=\"1024\" data-id=\"5162\"  src=\"https:\/\/playjouer.ca\/wp-content\/uploads\/2024\/01\/Nichole-Bredy-IMG_0488-768x1024.jpeg\" alt=\"\" class=\"wp-image-5162\" srcset=\"https:\/\/playjouer.ca\/wp-content\/uploads\/2024\/01\/Nichole-Bredy-IMG_0488-768x1023.jpeg 768w, https:\/\/playjouer.ca\/wp-content\/uploads\/2024\/01\/Nichole-Bredy-IMG_0488-225x300.jpeg 225w, https:\/\/playjouer.ca\/wp-content\/uploads\/2024\/01\/Nichole-Bredy-IMG_0488.jpeg 965w\" sizes=\"(max-width: 768px) 100vw, 768px\" \/><\/figure>\n\n\n\n<figure class=\"wp-block-image size-large\"><img decoding=\"async\" loading=\"lazy\" width=\"818\" height=\"1024\" data-id=\"5144\"  src=\"https:\/\/playjouer.ca\/wp-content\/uploads\/2024\/01\/Nichole-Bredy-2023-09-18-00.05.43-photo-output-818x1024.jpeg\" alt=\"\" class=\"wp-image-5144\" srcset=\"https:\/\/playjouer.ca\/wp-content\/uploads\/2024\/01\/Nichole-Bredy-2023-09-18-00.05.43-photo-output-818x1024.jpeg 818w, https:\/\/playjouer.ca\/wp-content\/uploads\/2024\/01\/Nichole-Bredy-2023-09-18-00.05.43-photo-output-240x300.jpeg 240w, https:\/\/playjouer.ca\/wp-content\/uploads\/2024\/01\/Nichole-Bredy-2023-09-18-00.05.43-photo-output-768x961.jpeg 768w, https:\/\/playjouer.ca\/wp-content\/uploads\/2024\/01\/Nichole-Bredy-2023-09-18-00.05.43-photo-output-1228x1536.jpeg 1228w, https:\/\/playjouer.ca\/wp-content\/uploads\/2024\/01\/Nichole-Bredy-2023-09-18-00.05.43-photo-output-1637x2048.jpeg 1637w, https:\/\/playjouer.ca\/wp-content\/uploads\/2024\/01\/Nichole-Bredy-2023-09-18-00.05.43-photo-output-scaled.jpeg 2046w\" sizes=\"(max-width: 818px) 100vw, 818px\" \/><\/figure>\n\n\n\n<figure class=\"wp-block-image size-large\"><img decoding=\"async\" loading=\"lazy\" width=\"768\" height=\"1024\" data-id=\"5146\"  src=\"https:\/\/playjouer.ca\/wp-content\/uploads\/2024\/01\/Nichole-Bredy-IMG_0151-768x1024.jpeg\" alt=\"\" class=\"wp-image-5146\" srcset=\"https:\/\/playjouer.ca\/wp-content\/uploads\/2024\/01\/Nichole-Bredy-IMG_0151-768x1024.jpeg 768w, https:\/\/playjouer.ca\/wp-content\/uploads\/2024\/01\/Nichole-Bredy-IMG_0151-225x300.jpeg 225w, https:\/\/playjouer.ca\/wp-content\/uploads\/2024\/01\/Nichole-Bredy-IMG_0151-1152x1536.jpeg 1152w, https:\/\/playjouer.ca\/wp-content\/uploads\/2024\/01\/Nichole-Bredy-IMG_0151-1536x2048.jpeg 1536w, https:\/\/playjouer.ca\/wp-content\/uploads\/2024\/01\/Nichole-Bredy-IMG_0151-scaled.jpeg 1920w\" sizes=\"(max-width: 768px) 100vw, 768px\" \/><\/figure>\n\n\n\n<figure class=\"wp-block-image size-large\"><img decoding=\"async\" loading=\"lazy\" width=\"768\" height=\"1024\" data-id=\"5148\"  src=\"https:\/\/playjouer.ca\/wp-content\/uploads\/2024\/01\/Nichole-Bredy-IMG_0172-768x1024.jpeg\" alt=\"\" class=\"wp-image-5148\" srcset=\"https:\/\/playjouer.ca\/wp-content\/uploads\/2024\/01\/Nichole-Bredy-IMG_0172-768x1024.jpeg 768w, https:\/\/playjouer.ca\/wp-content\/uploads\/2024\/01\/Nichole-Bredy-IMG_0172-225x300.jpeg 225w, https:\/\/playjouer.ca\/wp-content\/uploads\/2024\/01\/Nichole-Bredy-IMG_0172-1152x1536.jpeg 1152w, https:\/\/playjouer.ca\/wp-content\/uploads\/2024\/01\/Nichole-Bredy-IMG_0172-1536x2048.jpeg 1536w, https:\/\/playjouer.ca\/wp-content\/uploads\/2024\/01\/Nichole-Bredy-IMG_0172-scaled.jpeg 1920w\" sizes=\"(max-width: 768px) 100vw, 768px\" \/><\/figure>\n\n\n\n<figure class=\"wp-block-image size-large\"><img decoding=\"async\" loading=\"lazy\" width=\"768\" height=\"1024\" data-id=\"5150\"  src=\"https:\/\/playjouer.ca\/wp-content\/uploads\/2024\/01\/Nichole-Bredy-IMG_0192-768x1024.jpeg\" alt=\"\" class=\"wp-image-5150\" srcset=\"https:\/\/playjouer.ca\/wp-content\/uploads\/2024\/01\/Nichole-Bredy-IMG_0192-768x1024.jpeg 768w, https:\/\/playjouer.ca\/wp-content\/uploads\/2024\/01\/Nichole-Bredy-IMG_0192-225x300.jpeg 225w, https:\/\/playjouer.ca\/wp-content\/uploads\/2024\/01\/Nichole-Bredy-IMG_0192-1152x1536.jpeg 1152w, https:\/\/playjouer.ca\/wp-content\/uploads\/2024\/01\/Nichole-Bredy-IMG_0192-1536x2048.jpeg 1536w, https:\/\/playjouer.ca\/wp-content\/uploads\/2024\/01\/Nichole-Bredy-IMG_0192-scaled.jpeg 1920w\" sizes=\"(max-width: 768px) 100vw, 768px\" \/><\/figure>\n\n\n\n<figure class=\"wp-block-image size-large\"><img decoding=\"async\" loading=\"lazy\" width=\"768\" height=\"1024\" data-id=\"5152\"  src=\"https:\/\/playjouer.ca\/wp-content\/uploads\/2024\/01\/Nichole-Bredy-IMG_0193-768x1024.jpeg\" alt=\"\" class=\"wp-image-5152\" srcset=\"https:\/\/playjouer.ca\/wp-content\/uploads\/2024\/01\/Nichole-Bredy-IMG_0193-768x1024.jpeg 768w, https:\/\/playjouer.ca\/wp-content\/uploads\/2024\/01\/Nichole-Bredy-IMG_0193-225x300.jpeg 225w, https:\/\/playjouer.ca\/wp-content\/uploads\/2024\/01\/Nichole-Bredy-IMG_0193-1152x1536.jpeg 1152w, https:\/\/playjouer.ca\/wp-content\/uploads\/2024\/01\/Nichole-Bredy-IMG_0193-1536x2048.jpeg 1536w, https:\/\/playjouer.ca\/wp-content\/uploads\/2024\/01\/Nichole-Bredy-IMG_0193-scaled.jpeg 1920w\" sizes=\"(max-width: 768px) 100vw, 768px\" \/><\/figure>\n\n\n\n<figure class=\"wp-block-image size-large\"><img decoding=\"async\" loading=\"lazy\" width=\"1024\" height=\"768\" data-id=\"5154\"  src=\"https:\/\/playjouer.ca\/wp-content\/uploads\/2024\/01\/Nichole-Bredy-IMG_0195-1024x768.jpeg\" alt=\"\" class=\"wp-image-5154\" srcset=\"https:\/\/playjouer.ca\/wp-content\/uploads\/2024\/01\/Nichole-Bredy-IMG_0195-1024x768.jpeg 1024w, https:\/\/playjouer.ca\/wp-content\/uploads\/2024\/01\/Nichole-Bredy-IMG_0195-300x225.jpeg 300w, https:\/\/playjouer.ca\/wp-content\/uploads\/2024\/01\/Nichole-Bredy-IMG_0195-768x576.jpeg 768w, https:\/\/playjouer.ca\/wp-content\/uploads\/2024\/01\/Nichole-Bredy-IMG_0195-1536x1152.jpeg 1536w, https:\/\/playjouer.ca\/wp-content\/uploads\/2024\/01\/Nichole-Bredy-IMG_0195-2048x1536.jpeg 2048w\" sizes=\"(max-width: 1024px) 100vw, 1024px\" \/><\/figure>\n\n\n\n<figure class=\"wp-block-image size-large\"><img decoding=\"async\" loading=\"lazy\" width=\"960\" height=\"720\" data-id=\"5160\"  src=\"https:\/\/playjouer.ca\/wp-content\/uploads\/2024\/01\/Nichole-Bredy-IMG_0487.jpeg\" alt=\"\" class=\"wp-image-5160\" srcset=\"https:\/\/playjouer.ca\/wp-content\/uploads\/2024\/01\/Nichole-Bredy-IMG_0487.jpeg 960w, https:\/\/playjouer.ca\/wp-content\/uploads\/2024\/01\/Nichole-Bredy-IMG_0487-300x225.jpeg 300w, https:\/\/playjouer.ca\/wp-content\/uploads\/2024\/01\/Nichole-Bredy-IMG_0487-768x576.jpeg 768w\" sizes=\"(max-width: 960px) 100vw, 960px\" \/><\/figure>\n\n\n\n<figure class=\"wp-block-image size-large\"><img decoding=\"async\" loading=\"lazy\" width=\"768\" height=\"1024\" data-id=\"5158\"  src=\"https:\/\/playjouer.ca\/wp-content\/uploads\/2024\/01\/Nichole-Bredy-IMG_0202-768x1024.jpeg\" alt=\"\" class=\"wp-image-5158\" srcset=\"https:\/\/playjouer.ca\/wp-content\/uploads\/2024\/01\/Nichole-Bredy-IMG_0202-768x1024.jpeg 768w, https:\/\/playjouer.ca\/wp-content\/uploads\/2024\/01\/Nichole-Bredy-IMG_0202-225x300.jpeg 225w, https:\/\/playjouer.ca\/wp-content\/uploads\/2024\/01\/Nichole-Bredy-IMG_0202-1152x1536.jpeg 1152w, https:\/\/playjouer.ca\/wp-content\/uploads\/2024\/01\/Nichole-Bredy-IMG_0202-1536x2048.jpeg 1536w, https:\/\/playjouer.ca\/wp-content\/uploads\/2024\/01\/Nichole-Bredy-IMG_0202-scaled.jpeg 1920w\" sizes=\"(max-width: 768px) 100vw, 768px\" \/><\/figure>\n\n\n\n<figure class=\"wp-block-image size-large\"><img decoding=\"async\" loading=\"lazy\" width=\"768\" height=\"1024\" data-id=\"5156\"  src=\"https:\/\/playjouer.ca\/wp-content\/uploads\/2024\/01\/Nichole-Bredy-IMG_0201-768x1024.jpeg\" alt=\"\" class=\"wp-image-5156\" srcset=\"https:\/\/playjouer.ca\/wp-content\/uploads\/2024\/01\/Nichole-Bredy-IMG_0201-768x1024.jpeg 768w, https:\/\/playjouer.ca\/wp-content\/uploads\/2024\/01\/Nichole-Bredy-IMG_0201-225x300.jpeg 225w, https:\/\/playjouer.ca\/wp-content\/uploads\/2024\/01\/Nichole-Bredy-IMG_0201-1152x1536.jpeg 1152w, https:\/\/playjouer.ca\/wp-content\/uploads\/2024\/01\/Nichole-Bredy-IMG_0201-1536x2048.jpeg 1536w, https:\/\/playjouer.ca\/wp-content\/uploads\/2024\/01\/Nichole-Bredy-IMG_0201-scaled.jpeg 1920w\" sizes=\"(max-width: 768px) 100vw, 768px\" \/><\/figure>\n<\/figure>\n","protected":false},"excerpt":{"rendered":"<p>Introduction Notre projet L&rsquo;objectif principal de notre \u00e9quipe est de cr\u00e9er des espaces vivants ! La responsabilisation, l&rsquo;autonomie et la communaut\u00e9 sont primordiales dans la p\u00e9dagogie de notre \u00e9quipe. Notre [&hellip;]<\/p>\n","protected":false},"author":1,"featured_media":0,"parent":861,"menu_order":0,"comment_status":"open","ping_status":"closed","template":"","meta":[],"acf":[],"_links":{"self":[{"href":"https:\/\/playjouer.ca\/fr\/wp-json\/wp\/v2\/pages\/1166"}],"collection":[{"href":"https:\/\/playjouer.ca\/fr\/wp-json\/wp\/v2\/pages"}],"about":[{"href":"https:\/\/playjouer.ca\/fr\/wp-json\/wp\/v2\/types\/page"}],"author":[{"embeddable":true,"href":"https:\/\/playjouer.ca\/fr\/wp-json\/wp\/v2\/users\/1"}],"replies":[{"embeddable":true,"href":"https:\/\/playjouer.ca\/fr\/wp-json\/wp\/v2\/comments?post=1166"}],"version-history":[{"count":5,"href":"https:\/\/playjouer.ca\/fr\/wp-json\/wp\/v2\/pages\/1166\/revisions"}],"predecessor-version":[{"id":5181,"href":"https:\/\/playjouer.ca\/fr\/wp-json\/wp\/v2\/pages\/1166\/revisions\/5181"}],"up":[{"embeddable":true,"href":"https:\/\/playjouer.ca\/fr\/wp-json\/wp\/v2\/pages\/861"}],"wp:attachment":[{"href":"https:\/\/playjouer.ca\/fr\/wp-json\/wp\/v2\/media?parent=1166"}],"curies":[{"name":"wp","href":"https:\/\/api.w.org\/{rel}","templated":true}]}}