{"id":1181,"date":"2022-10-30T00:32:50","date_gmt":"2022-10-30T04:32:50","guid":{"rendered":"https:\/\/playjouer.ca\/?page_id=1181"},"modified":"2024-01-08T16:37:48","modified_gmt":"2024-01-08T21:37:48","slug":"north-gower-marlborough-public-school","status":"publish","type":"page","link":"https:\/\/playjouer.ca\/fr\/restez-connecte-es\/soyez-inspire-es\/north-gower-marlborough-public-school\/","title":{"rendered":"North Gower Marlborough Public School [EN]"},"content":{"rendered":"\n<h2 class=\"has-cpsn-orange-color has-text-color\">Introduction<\/h2>\n\n\n\n<figure class=\"wp-block-embed is-type-video is-provider-youtube wp-block-embed-youtube wp-embed-aspect-16-9 wp-has-aspect-ratio\"><div class=\"wp-block-embed__wrapper\">\n<iframe loading=\"lazy\" title=\"North Gower Marlborough Public School : Introduction\" width=\"640\" height=\"360\" src=\"https:\/\/www.youtube.com\/embed\/dhplZUpgH5c?feature=oembed\" frameborder=\"0\" allow=\"accelerometer; autoplay; clipboard-write; encrypted-media; gyroscope; picture-in-picture; web-share\" allowfullscreen><\/iframe>\n<\/div><\/figure>\n\n\n\n<h2 class=\"has-cpsn-orange-color has-text-color\">Notre projet<\/h2>\n\n\n\n<p>Notre vision est de donner aux \u00e9tudiants des opportunit\u00e9s qui d\u00e9veloppent leurs connexions avec les autres \u00e0 travers la r\u00e9alisation de films. Alors que beaucoup sont des consommateurs exp\u00e9riment\u00e9s de technologie, notre objectif est d&rsquo;am\u00e9liorer leurs capacit\u00e9s \u00e0 devenir des cr\u00e9ateurs. Les \u00e9l\u00e8ves d\u00e9velopperont leurs capacit\u00e9s \u00e0 collaborer les uns avec les autres et \u00e0 communiquer leurs visions aux autres par le biais de posts sur les m\u00e9dias sociaux, de blogs et de podcasts cr\u00e9\u00e9s par les \u00e9l\u00e8ves. Nous nous efforcerons de cr\u00e9er des partenariats avec notre communaut\u00e9 et d&rsquo;\u00e9tablir des liens avec la riche industrie des studios d&rsquo;animation d&rsquo;Ottawa, ainsi qu&rsquo;avec les \u00e9tudiants et les professeurs de technologie, d&rsquo;animation, de cin\u00e9ma et de communication du secondaire, du coll\u00e8ge et de l&rsquo;universit\u00e9. Nous envisageons les salles de classe comme des espaces de studio o\u00f9 les \u00e9l\u00e8ves pourront aussi facilement prendre un iPad et cr\u00e9er un projet m\u00e9diatique qu&rsquo;ils l&rsquo;auraient fait auparavant avec un crayon. Il est important de reconna\u00eetre que notre plan sera fluide afin de s&rsquo;assurer que la voix des \u00e9l\u00e8ves dirige le processus.<\/p>\n\n\n\n<p><strong>Parlez-nous de votre \u00e9quipe et de votre communaut\u00e9 scolaire.<\/strong><br>Notre \u00e9cole attire des \u00e9l\u00e8ves de plusieurs communaut\u00e9s locales. Les \u00e9l\u00e8ves de plusieurs villes locales participent \u00e0 notre programme anglais de la maternelle \u00e0 la cinqui\u00e8me ann\u00e9e. Bien que notre \u00e9cole ne compte que 141 \u00e9l\u00e8ves, ces enfants repr\u00e9sentent un large \u00e9ventail d\u00e9mographique en termes de capacit\u00e9s et de forces acad\u00e9miques. L&rsquo;un des avantages d&rsquo;\u00eatre une petite \u00e9cole est que tout le monde doit collaborer pour que notre \u00e9cole soit un succ\u00e8s. Nous appr\u00e9cions ce que chaque \u00e9l\u00e8ve apporte en classe et l&rsquo;engagement par le jeu permet \u00e0 tous les \u00e9l\u00e8ves de mettre en valeur leurs r\u00e9ussites et leurs points forts. Beaucoup apprennent mieux avec des approches non traditionnelles, et notre approche bas\u00e9e sur le jeu est donc une merveilleuse fa\u00e7on de leur permettre de d\u00e9montrer leurs nombreux dons. Notre \u00e9quipe se compose des deux enseignants de la classe junior, de l&rsquo;enseignant de fran\u00e7ais de base et de l&rsquo;enseignant de soutien \u00e0 l&rsquo;apprentissage.<\/p>\n\n\n\n<p><strong>Parlez-nous de l&rsquo;importance de l&rsquo;apprentissage par le jeu pour votre \u00e9quipe et vos \u00e9l\u00e8ves.<\/strong><br>La construction de la communaut\u00e9 par le jeu permet de mettre en valeur les dons et les talents de tous les \u00e9l\u00e8ves et d&rsquo;interagir avec tous leurs camarades de classe de mani\u00e8re joyeuse. Nous avons mis l&rsquo;accent sur l&rsquo;apprentissage pratique et sur les relations avec les partenaires communautaires. \u00c9tant quelque peu \u00e9loign\u00e9s de ces opportunit\u00e9s dans notre petit village, nous essayons d&rsquo;amener le monde dans notre \u00e9cole. Nous nous effor\u00e7ons de faire en sorte que nos \u00e9l\u00e8ves voient la myriade de possibilit\u00e9s qui s&rsquo;offrent \u00e0 eux et les nombreuses voies qui s&rsquo;offrent \u00e0 eux. Nous avons constat\u00e9 que l&rsquo;\u00e9cole peut parfois aller \u00e0 l&rsquo;encontre de cet objectif, en faisant croire aux \u00e9l\u00e8ves que parce qu&rsquo;ils n&rsquo;excellent pas dans un ensemble \u00e9troit de comp\u00e9tences, ils sont limit\u00e9s dans leurs options. Bien au contraire, nous savons que les penseurs qui sortent des sentiers battus et font preuve de cr\u00e9ativit\u00e9 et de talents uniques sont exactement ce dont le monde a besoin. En tant qu&rsquo;\u00e9quipe, nous collaborons pour nous assurer que nous partageons nos forces et que nous nous soutenons mutuellement pour relever les d\u00e9fis.<\/p>\n\n\n\n<p><strong>Parlez-nous de votre int\u00e9r\u00eat \u00e0 rejoindre le R\u00e9seau canadien des \u00e9coles ludiques.<\/strong><br>Notre objectif est d&rsquo;accro\u00eetre les possibilit\u00e9s pour nos \u00e9l\u00e8ves de se connecter et de communiquer entre eux et au-del\u00e0 de la communaut\u00e9 scolaire, et de leur permettre d&rsquo;interagir dans le monde au-del\u00e0 de leurs propres exp\u00e9riences. Nous pr\u00e9voyons de lancer notre projet en nous concentrant sur la narration d&rsquo;histoires par le biais de la r\u00e9alisation de films. Les \u00e9l\u00e8ves d\u00e9velopperont leurs capacit\u00e9s \u00e0 collaborer les uns avec les autres et \u00e0 communiquer leurs visions aux autres. Nous cr\u00e9erons des partenariats dans la communaut\u00e9 et tirerons parti de nos liens avec les \u00e9coles du RC\u00c9L pour nous connecter avec d&rsquo;autres \u00e9coles \u00e0 travers le Canada. Nous esp\u00e9rons collaborer avec des coll\u00e8gues et des classes dans le cadre du projet et faire en sorte que nos \u00e9l\u00e8ves partagent leurs id\u00e9es et leurs projets avec un public authentique. Nous sommes enthousiastes \u00e0 l&rsquo;id\u00e9e de continuer \u00e0 am\u00e9liorer notre vision de la cr\u00e9ation d&rsquo;une \u00e9cole qui met en valeur les dons des \u00e9l\u00e8ves, s&rsquo;appuie sur leurs points forts, approfondit leurs liens et \u00e9largit leurs horizons.<\/p>\n\n\n\n<p><strong>D\u00e9couvrez les films de nos \u00e9l\u00e8ves et leurs accomplissements au cours de l&rsquo;ann\u00e9e 2022-2023 !<\/strong><\/p>\n\n\n\n<div class=\"wp-block-file\"><object class=\"wp-block-file__embed\" data=\"https:\/\/playjouer.ca\/wp-content\/uploads\/2024\/01\/North-Gower-Filmmaking-Journey-Infographic-2-Leslie-Mott.pdf\" type=\"application\/pdf\" style=\"width:100%;height:600px\" aria-label=\"Contenu embarqu\u00e9 North-Gower-Filmmaking-Journey-Infographic-2-Leslie-Mott.\"><\/object><a id=\"wp-block-file--media-e29584ab-f93a-4ed9-b79d-06ae7b43b16f\" href=\"https:\/\/playjouer.ca\/wp-content\/uploads\/2024\/01\/North-Gower-Filmmaking-Journey-Infographic-2-Leslie-Mott.pdf\">North-Gower-Filmmaking-Journey-Infographic-2-Leslie-Mott<\/a><a href=\"https:\/\/playjouer.ca\/wp-content\/uploads\/2024\/01\/North-Gower-Filmmaking-Journey-Infographic-2-Leslie-Mott.pdf\" class=\"wp-block-file__button wp-element-button\" download aria-describedby=\"wp-block-file--media-e29584ab-f93a-4ed9-b79d-06ae7b43b16f\">Download<\/a><\/div>\n\n\n\n<p>Le festival North Gower :<\/p>\n\n\n\n<div class=\"is-layout-flex wp-container-3 wp-block-columns\">\n<div class=\"is-layout-flow wp-block-column\" style=\"flex-basis:60%\">\n<figure class=\"wp-block-embed is-type-video is-provider-youtube wp-block-embed-youtube wp-embed-aspect-16-9 wp-has-aspect-ratio\"><div class=\"wp-block-embed__wrapper\">\n<iframe loading=\"lazy\" title=\"North Gower Film Festival - CPSN Virtual Showcase\" width=\"640\" height=\"360\" src=\"https:\/\/www.youtube.com\/embed\/WiJqT3F0wkc?feature=oembed\" frameborder=\"0\" allow=\"accelerometer; autoplay; clipboard-write; encrypted-media; gyroscope; picture-in-picture; web-share\" allowfullscreen><\/iframe>\n<\/div><\/figure>\n\n\n\n<figure class=\"wp-block-image size-large\"><img decoding=\"async\" loading=\"lazy\" width=\"1024\" height=\"414\" src=\"https:\/\/playjouer.ca\/wp-content\/uploads\/2024\/01\/North-Gower-film-festival-Leslie-Mott-1-1024x414.jpg\" alt=\"\" class=\"wp-image-5047\" srcset=\"https:\/\/playjouer.ca\/wp-content\/uploads\/2024\/01\/North-Gower-film-festival-Leslie-Mott-1-1024x414.jpg 1024w, https:\/\/playjouer.ca\/wp-content\/uploads\/2024\/01\/North-Gower-film-festival-Leslie-Mott-1-300x121.jpg 300w, https:\/\/playjouer.ca\/wp-content\/uploads\/2024\/01\/North-Gower-film-festival-Leslie-Mott-1-768x310.jpg 768w, https:\/\/playjouer.ca\/wp-content\/uploads\/2024\/01\/North-Gower-film-festival-Leslie-Mott-1-1536x621.jpg 1536w, https:\/\/playjouer.ca\/wp-content\/uploads\/2024\/01\/North-Gower-film-festival-Leslie-Mott-1-2048x828.jpg 2048w\" sizes=\"(max-width: 1024px) 100vw, 1024px\" \/><\/figure>\n\n\n\n<p>The school team :<\/p>\n\n\n\n<figure class=\"wp-block-image size-large\"><img decoding=\"async\" loading=\"lazy\" width=\"1024\" height=\"768\" src=\"https:\/\/playjouer.ca\/wp-content\/uploads\/2024\/01\/North-Gower-at-conference-Leslie-Mott-1024x768.jpg\" alt=\"\" class=\"wp-image-5049\" srcset=\"https:\/\/playjouer.ca\/wp-content\/uploads\/2024\/01\/North-Gower-at-conference-Leslie-Mott-1024x768.jpg 1024w, https:\/\/playjouer.ca\/wp-content\/uploads\/2024\/01\/North-Gower-at-conference-Leslie-Mott-300x225.jpg 300w, https:\/\/playjouer.ca\/wp-content\/uploads\/2024\/01\/North-Gower-at-conference-Leslie-Mott-768x576.jpg 768w, https:\/\/playjouer.ca\/wp-content\/uploads\/2024\/01\/North-Gower-at-conference-Leslie-Mott-1536x1152.jpg 1536w, https:\/\/playjouer.ca\/wp-content\/uploads\/2024\/01\/North-Gower-at-conference-Leslie-Mott-2048x1536.jpg 2048w\" sizes=\"(max-width: 1024px) 100vw, 1024px\" \/><\/figure>\n<\/div>\n\n\n\n<div class=\"is-layout-flow wp-block-column\" style=\"flex-basis:40%\">\n<figure class=\"wp-block-image size-large\"><img decoding=\"async\" loading=\"lazy\" width=\"261\" height=\"1024\" src=\"https:\/\/playjouer.ca\/wp-content\/uploads\/2024\/01\/North-Gower-Links-to-our-filmmaking-journey-Leslie-Mott-261x1024.png\" alt=\"\" class=\"wp-image-5043\" srcset=\"https:\/\/playjouer.ca\/wp-content\/uploads\/2024\/01\/North-Gower-Links-to-our-filmmaking-journey-Leslie-Mott-261x1024.png 261w, https:\/\/playjouer.ca\/wp-content\/uploads\/2024\/01\/North-Gower-Links-to-our-filmmaking-journey-Leslie-Mott-391x1536.png 391w\" sizes=\"(max-width: 261px) 100vw, 261px\" \/><\/figure>\n<\/div>\n<\/div>\n","protected":false},"excerpt":{"rendered":"<p>Introduction Notre projet Notre vision est de donner aux \u00e9tudiants des opportunit\u00e9s qui d\u00e9veloppent leurs connexions avec les autres \u00e0 travers la r\u00e9alisation de films. Alors que beaucoup sont des [&hellip;]<\/p>\n","protected":false},"author":1,"featured_media":0,"parent":861,"menu_order":0,"comment_status":"open","ping_status":"closed","template":"","meta":[],"acf":[],"_links":{"self":[{"href":"https:\/\/playjouer.ca\/fr\/wp-json\/wp\/v2\/pages\/1181"}],"collection":[{"href":"https:\/\/playjouer.ca\/fr\/wp-json\/wp\/v2\/pages"}],"about":[{"href":"https:\/\/playjouer.ca\/fr\/wp-json\/wp\/v2\/types\/page"}],"author":[{"embeddable":true,"href":"https:\/\/playjouer.ca\/fr\/wp-json\/wp\/v2\/users\/1"}],"replies":[{"embeddable":true,"href":"https:\/\/playjouer.ca\/fr\/wp-json\/wp\/v2\/comments?post=1181"}],"version-history":[{"count":3,"href":"https:\/\/playjouer.ca\/fr\/wp-json\/wp\/v2\/pages\/1181\/revisions"}],"predecessor-version":[{"id":5053,"href":"https:\/\/playjouer.ca\/fr\/wp-json\/wp\/v2\/pages\/1181\/revisions\/5053"}],"up":[{"embeddable":true,"href":"https:\/\/playjouer.ca\/fr\/wp-json\/wp\/v2\/pages\/861"}],"wp:attachment":[{"href":"https:\/\/playjouer.ca\/fr\/wp-json\/wp\/v2\/media?parent=1181"}],"curies":[{"name":"wp","href":"https:\/\/api.w.org\/{rel}","templated":true}]}}