{"id":1188,"date":"2022-10-30T00:16:13","date_gmt":"2022-10-30T00:16:13","guid":{"rendered":"https:\/\/playjouer.ca\/about-fr\/ecoles-participantes\/eaton-school-sunwest-en-2\/"},"modified":"2024-01-08T14:18:52","modified_gmt":"2024-01-08T19:18:52","slug":"ecole-communautaire-saint-joseph","status":"publish","type":"page","link":"https:\/\/playjouer.ca\/fr\/restez-connecte-es\/soyez-inspire-es\/ecole-communautaire-saint-joseph\/","title":{"rendered":"\u00c9cole communautaire Saint-Joseph"},"content":{"rendered":"\n<h2 class=\"has-cpsn-orange-color has-text-color\">Introduction<\/h2>\n\n\n\n<figure class=\"wp-block-embed is-type-video is-provider-youtube wp-block-embed-youtube wp-embed-aspect-16-9 wp-has-aspect-ratio\"><div class=\"wp-block-embed__wrapper\">\n<iframe loading=\"lazy\" title=\"\u00c9cole communautaire Saint-Joseph : Introduction\" width=\"640\" height=\"360\" src=\"https:\/\/www.youtube.com\/embed\/_j-nok39G50?feature=oembed\" frameborder=\"0\" allow=\"accelerometer; autoplay; clipboard-write; encrypted-media; gyroscope; picture-in-picture\" allowfullscreen><\/iframe>\n<\/div><\/figure>\n\n\n\n<h2 class=\"has-cpsn-orange-color has-text-color\">Notre projet<\/h2>\n\n\n\n<p>R\u00e9cr\u00e9s d\u00e9branch\u00e9es : Conception et construction de tables de jeu \u00e0 \u00eatre install\u00e9es dans la cour d&rsquo;\u00e9cole (menuiserie, Cricut, imprimante 3D, jeux imprim\u00e9s sur t\u00f4le). Les \u00e9l\u00e8ves feront la conception, la construction et l&rsquo;animation des tables de jeu. (volets bricolo et enviro) Classe ext\u00e9rieure en couleur : En partant du Tower Garden, les enfants feront pousser des choses dans le but ultime de d\u00e9velopper leurs comp\u00e9tences de jardinage. Par la suite, le printemps venu, les \u00e9l\u00e8ves seront charg\u00e9s d&rsquo;ajouter de la couleur \u00e0 la classe ext\u00e9rieure existante avec l&rsquo;ajout de vivaces. Les \u00e9l\u00e8ves seront les initiateurs et d\u00e9cideront du produit final. (volet enviro).<\/p>\n\n\n\n<figure class=\"wp-block-image size-large\"><img decoding=\"async\" loading=\"lazy\" width=\"768\" height=\"1024\" src=\"https:\/\/playjouer.ca\/wp-content\/uploads\/2024\/01\/Tracy-Desbiens-Jeux-en-ateliers-carroussels-2-768x1024.png\" alt=\"\" class=\"wp-image-4977\" srcset=\"https:\/\/playjouer.ca\/wp-content\/uploads\/2024\/01\/Tracy-Desbiens-Jeux-en-ateliers-carroussels-2-768x1024.png 768w, https:\/\/playjouer.ca\/wp-content\/uploads\/2024\/01\/Tracy-Desbiens-Jeux-en-ateliers-carroussels-2-225x300.png 225w, https:\/\/playjouer.ca\/wp-content\/uploads\/2024\/01\/Tracy-Desbiens-Jeux-en-ateliers-carroussels-2-1152x1536.png 1152w, https:\/\/playjouer.ca\/wp-content\/uploads\/2024\/01\/Tracy-Desbiens-Jeux-en-ateliers-carroussels-2-1536x2048.png 1536w, https:\/\/playjouer.ca\/wp-content\/uploads\/2024\/01\/Tracy-Desbiens-Jeux-en-ateliers-carroussels-2.png 1728w\" sizes=\"(max-width: 768px) 100vw, 768px\" \/><\/figure>\n\n\n\n<p><strong>Parlez-nous de votre \u00e9quipe et de votre communaut\u00e9 scolaire.<\/strong><br>L&rsquo;\u00e9cole Saint-Joseph a toujours \u00e9t\u00e9 un chef de file en innovation p\u00e9dagogique. Depuis plusieurs ann\u00e9es, nous osons faire autrement. L&rsquo;\u00e9quipe-\u00e9cole croit dans l&rsquo;apprentissage par le jeu, mais n&rsquo;a pas toujours les ressources disponibles pour la mise en \u0153uvre. Nos \u00e9l\u00e8ves sont issus d&rsquo;une communaut\u00e9 rurale et ne b\u00e9n\u00e9ficient pas toujours des opportunit\u00e9s offertes aux \u00e9l\u00e8ves habitant plus pr\u00e8s de la ville.<\/p>\n\n\n\n<p><strong>Parlez-nous de l&rsquo;importance de l&rsquo;apprentissage par le jeu pour votre \u00e9quipe et vos \u00e9l\u00e8ves.<\/strong><br>Nous savons tous que la pand\u00e9mie a laiss\u00e9 des traces au niveau de l&rsquo;engagement et de la motivation scolaire, d&rsquo;autant plus \u00e0 l&rsquo;interm\u00e9diaire. Nous avons \u00e0 c\u0153ur de remettre le plaisir d&rsquo;apprendre \u00e0 l&rsquo;avant-plan afin que nos \u00e9l\u00e8ves retrouvent la volont\u00e9 de s&rsquo;entreprendre et d&rsquo;apprendre \u00e0 se connaitre et \u00e0 ainsi d\u00e9couvrir des passions.<\/p>\n\n\n\n<p><strong>Parlez-nous de votre int\u00e9r\u00eat \u00e0 rejoindre le R\u00e9seau canadien des \u00e9coles ludiques.<\/strong><br>Nous souhaitons \u00eatre inspir\u00e9s par ce qui se passe ailleurs. Nous voulons avoir des id\u00e9es pour continuer d&rsquo;innover et de faire autrement. Nous souhaitons \u00e9galement avoir acc\u00e8s \u00e0 des ressources.<\/p>\n\n\n\n<figure class=\"is-layout-flex wp-block-gallery-1 wp-block-gallery has-nested-images columns-default is-cropped\">\n<figure class=\"wp-block-image size-large\"><img decoding=\"async\" loading=\"lazy\" width=\"768\" height=\"1024\" data-id=\"4992\"  src=\"https:\/\/playjouer.ca\/wp-content\/uploads\/2024\/01\/Julie-Beaulieu-IMG_3810-768x1024.jpeg\" alt=\"\" class=\"wp-image-4992\" srcset=\"https:\/\/playjouer.ca\/wp-content\/uploads\/2024\/01\/Julie-Beaulieu-IMG_3810-768x1024.jpeg 768w, https:\/\/playjouer.ca\/wp-content\/uploads\/2024\/01\/Julie-Beaulieu-IMG_3810-225x300.jpeg 225w, https:\/\/playjouer.ca\/wp-content\/uploads\/2024\/01\/Julie-Beaulieu-IMG_3810-1152x1536.jpeg 1152w, https:\/\/playjouer.ca\/wp-content\/uploads\/2024\/01\/Julie-Beaulieu-IMG_3810-1536x2048.jpeg 1536w, https:\/\/playjouer.ca\/wp-content\/uploads\/2024\/01\/Julie-Beaulieu-IMG_3810-scaled.jpeg 1920w\" sizes=\"(max-width: 768px) 100vw, 768px\" \/><\/figure>\n\n\n\n<figure class=\"wp-block-image size-large\"><img decoding=\"async\" data-id=\"4988\"  src=\"https:\/\/playjouer.ca\/wp-content\/uploads\/2024\/01\/Julie-Beaulieu-IMG_3808.jpeg\" alt=\"\" class=\"wp-image-4988\"\/><\/figure>\n\n\n\n<figure class=\"wp-block-image size-large\"><img decoding=\"async\" loading=\"lazy\" width=\"1920\" height=\"2560\" data-id=\"4990\"  src=\"https:\/\/playjouer.ca\/wp-content\/uploads\/2024\/01\/Julie-Beaulieu-IMG_3807-scaled.jpeg\" alt=\"\" class=\"wp-image-4990\" srcset=\"https:\/\/playjouer.ca\/wp-content\/uploads\/2024\/01\/Julie-Beaulieu-IMG_3807-scaled.jpeg 1920w, https:\/\/playjouer.ca\/wp-content\/uploads\/2024\/01\/Julie-Beaulieu-IMG_3807-225x300.jpeg 225w\" sizes=\"(max-width: 1920px) 100vw, 1920px\" \/><\/figure>\n\n\n\n<figure class=\"wp-block-image size-large\"><img decoding=\"async\" loading=\"lazy\" width=\"767\" height=\"1024\" data-id=\"4984\"  src=\"https:\/\/playjouer.ca\/wp-content\/uploads\/2024\/01\/Julie-Beaulieu-IMG_3890-767x1024.jpeg\" alt=\"\" class=\"wp-image-4984\" srcset=\"https:\/\/playjouer.ca\/wp-content\/uploads\/2024\/01\/Julie-Beaulieu-IMG_3890-767x1024.jpeg 767w, https:\/\/playjouer.ca\/wp-content\/uploads\/2024\/01\/Julie-Beaulieu-IMG_3890-225x300.jpeg 225w, https:\/\/playjouer.ca\/wp-content\/uploads\/2024\/01\/Julie-Beaulieu-IMG_3890-768x1026.jpeg 768w, https:\/\/playjouer.ca\/wp-content\/uploads\/2024\/01\/Julie-Beaulieu-IMG_3890-1150x1536.jpeg 1150w, https:\/\/playjouer.ca\/wp-content\/uploads\/2024\/01\/Julie-Beaulieu-IMG_3890.jpeg 1169w\" sizes=\"(max-width: 767px) 100vw, 767px\" \/><\/figure>\n\n\n\n<figure class=\"wp-block-image size-large\"><img decoding=\"async\" loading=\"lazy\" width=\"1024\" height=\"697\" data-id=\"4982\"  src=\"https:\/\/playjouer.ca\/wp-content\/uploads\/2024\/01\/Julie-Beaulieu-IMG_3887-1024x697.jpeg\" alt=\"\" class=\"wp-image-4982\" srcset=\"https:\/\/playjouer.ca\/wp-content\/uploads\/2024\/01\/Julie-Beaulieu-IMG_3887-1024x697.jpeg 1024w, https:\/\/playjouer.ca\/wp-content\/uploads\/2024\/01\/Julie-Beaulieu-IMG_3887-300x204.jpeg 300w, https:\/\/playjouer.ca\/wp-content\/uploads\/2024\/01\/Julie-Beaulieu-IMG_3887-768x523.jpeg 768w, https:\/\/playjouer.ca\/wp-content\/uploads\/2024\/01\/Julie-Beaulieu-IMG_3887.jpeg 1134w\" sizes=\"(max-width: 1024px) 100vw, 1024px\" \/><\/figure>\n\n\n\n<figure class=\"wp-block-image size-large\"><img decoding=\"async\" loading=\"lazy\" width=\"1024\" height=\"768\" data-id=\"4980\"  src=\"https:\/\/playjouer.ca\/wp-content\/uploads\/2024\/01\/Julie-Beaulieu-IMG_0634-1024x768.jpeg\" alt=\"\" class=\"wp-image-4980\" srcset=\"https:\/\/playjouer.ca\/wp-content\/uploads\/2024\/01\/Julie-Beaulieu-IMG_0634-1024x768.jpeg 1024w, https:\/\/playjouer.ca\/wp-content\/uploads\/2024\/01\/Julie-Beaulieu-IMG_0634-300x225.jpeg 300w, https:\/\/playjouer.ca\/wp-content\/uploads\/2024\/01\/Julie-Beaulieu-IMG_0634-768x576.jpeg 768w, https:\/\/playjouer.ca\/wp-content\/uploads\/2024\/01\/Julie-Beaulieu-IMG_0634.jpeg 1104w\" sizes=\"(max-width: 1024px) 100vw, 1024px\" \/><\/figure>\n<\/figure>\n","protected":false},"excerpt":{"rendered":"<p>Introduction Notre projet R\u00e9cr\u00e9s d\u00e9branch\u00e9es : Conception et construction de tables de jeu \u00e0 \u00eatre install\u00e9es dans la cour d&rsquo;\u00e9cole (menuiserie, Cricut, imprimante 3D, jeux imprim\u00e9s sur t\u00f4le). Les \u00e9l\u00e8ves [&hellip;]<\/p>\n","protected":false},"author":1,"featured_media":0,"parent":861,"menu_order":0,"comment_status":"open","ping_status":"closed","template":"","meta":[],"acf":[],"_links":{"self":[{"href":"https:\/\/playjouer.ca\/fr\/wp-json\/wp\/v2\/pages\/1188"}],"collection":[{"href":"https:\/\/playjouer.ca\/fr\/wp-json\/wp\/v2\/pages"}],"about":[{"href":"https:\/\/playjouer.ca\/fr\/wp-json\/wp\/v2\/types\/page"}],"author":[{"embeddable":true,"href":"https:\/\/playjouer.ca\/fr\/wp-json\/wp\/v2\/users\/1"}],"replies":[{"embeddable":true,"href":"https:\/\/playjouer.ca\/fr\/wp-json\/wp\/v2\/comments?post=1188"}],"version-history":[{"count":3,"href":"https:\/\/playjouer.ca\/fr\/wp-json\/wp\/v2\/pages\/1188\/revisions"}],"predecessor-version":[{"id":4996,"href":"https:\/\/playjouer.ca\/fr\/wp-json\/wp\/v2\/pages\/1188\/revisions\/4996"}],"up":[{"embeddable":true,"href":"https:\/\/playjouer.ca\/fr\/wp-json\/wp\/v2\/pages\/861"}],"wp:attachment":[{"href":"https:\/\/playjouer.ca\/fr\/wp-json\/wp\/v2\/media?parent=1188"}],"curies":[{"name":"wp","href":"https:\/\/api.w.org\/{rel}","templated":true}]}}