{"id":1195,"date":"2022-10-30T00:16:13","date_gmt":"2022-10-30T04:16:13","guid":{"rendered":"https:\/\/playjouer.ca\/about-fr\/ecoles-participantes\/eaton-school-sunwest-en-3\/"},"modified":"2024-01-08T17:15:24","modified_gmt":"2024-01-08T22:15:24","slug":"birch-hills-public-schools","status":"publish","type":"page","link":"https:\/\/playjouer.ca\/fr\/restez-connecte-es\/soyez-inspire-es\/birch-hills-public-schools\/","title":{"rendered":"Birch Hills Public School [EN]"},"content":{"rendered":"\n<h2 class=\"has-cpsn-orange-color has-text-color\">Introduction<\/h2>\n\n\n\n<figure class=\"wp-block-embed is-type-video is-provider-youtube wp-block-embed-youtube wp-embed-aspect-16-9 wp-has-aspect-ratio\"><div class=\"wp-block-embed__wrapper\">\n<iframe loading=\"lazy\" title=\"Birch Hills Public School : Introduction\" width=\"640\" height=\"360\" src=\"https:\/\/www.youtube.com\/embed\/55qKzySzNFg?feature=oembed\" frameborder=\"0\" allow=\"accelerometer; autoplay; clipboard-write; encrypted-media; gyroscope; picture-in-picture; web-share\" allowfullscreen><\/iframe>\n<\/div><\/figure>\n\n\n\n<h2 class=\"has-cpsn-orange-color has-text-color\">Notre projet<\/h2>\n\n\n\n<p>Ressemble \u00e0 : Un espace d&rsquo;apprentissage ext\u00e9rieur flexible pour plusieurs niveaux scolaires. L&rsquo;espace d&rsquo;apprentissage aura des si\u00e8ges flexibles, des bacs de jardinage, des parterres de fleurs, des arbres, un foyer, un hangar de stockage, un patio, une patinoire et des supports \u00e0 v\u00e9los. Objectifs : Cr\u00e9er un espace d&rsquo;apprentissage ext\u00e9rieur flexible, utilisable pendant les quatre saisons de l&rsquo;ann\u00e9e scolaire en Saskatchewan. L&rsquo;espace sera con\u00e7u, construit, r\u00e9utilis\u00e9, reconstruit et entretenu chaque ann\u00e9e scolaire par et pour les \u00e9l\u00e8ves des ann\u00e9es interm\u00e9diaires. Comment : Concevoir et cr\u00e9er cet espace avec les \u00e9l\u00e8ves de 4e, 5e et 6e ann\u00e9es, avec le soutien des \u00e9l\u00e8ves et des enseignants des cours pratiques et appliqu\u00e9s du secondaire. Travailler avec le service des installations de la division scolaire pour obtenir un soutien dans la construction de l&rsquo;espace d&rsquo;apprentissage en plein air. Nous inviterons les membres de la communaut\u00e9, les anciens et les gardiens du savoir \u00e0 apporter leur contribution et leur soutien au projet.<\/p>\n\n\n\n<p><strong>Parlez-nous de votre \u00e9quipe et de votre communaut\u00e9 scolaire.<\/strong><br>Notre \u00e9quipe est compos\u00e9e de trois enseignant.es du niveau moyen, deux enseignant.es de soutien, un co de division et deux administrateurs d&rsquo;une \u00e9cole K-12. Les \u00e9l\u00e8ves qui fr\u00e9quentent BHPS viennent de la communaut\u00e9, de petites communaut\u00e9s situ\u00e9es dans un rayon proche de Birch Hills, et vivent dans des fermes familiales ou sur des terres \u00e0 proximit\u00e9. Diverses origines culturelles sont repr\u00e9sent\u00e9es au sein de notre population \u00e9tudiante, qui comprend des \u00e9l\u00e8ves des Premi\u00e8res nations et des M\u00e9tis. De la maternelle \u00e0 la 6e ann\u00e9e, les \u00e9l\u00e8ves sont assign\u00e9s \u00e0 un professeur principal en tant que groupe homog\u00e8ne en fonction de leur niveau scolaire et de la 7e \u00e0 la 12e ann\u00e9e, les \u00e9l\u00e8ves sont assign\u00e9s \u00e0 un professeur pour chaque mati\u00e8re. Il y a entre 20 et 30 \u00e9l\u00e8ves inscrits dans chaque niveau scolaire. A BHPS, nous nous effor\u00e7ons d&rsquo;offrir aux \u00e9l\u00e8ves des opportunit\u00e9s, en classe et en dehors de la classe, qui leur permettent d&rsquo;acqu\u00e9rir les comp\u00e9tences n\u00e9cessaires pour devenir des membres engag\u00e9s de leur communaut\u00e9 scolaire.<\/p>\n\n\n\n<p><strong>Parlez-nous de l&rsquo;importance de l&rsquo;apprentissage par le jeu pour votre \u00e9quipe et vos \u00e9l\u00e8ves.<\/strong><\/p>\n\n\n\n<ul>\n<li>Utiliser le jeu comme moyen de r\u00e9pondre aux appels \u00e0 l&rsquo;action de V\u00e9rit\u00e9 et R\u00e9conciliation en reconnaissant et en pr\u00e9servant la culture et les traditions par le biais de l&rsquo;apprentissage bas\u00e9 sur la terre.<\/li>\n\n\n\n<li>Les strat\u00e9gies d&rsquo;apprentissage par le jeu r\u00e9pondent aux besoins holistiques des \u00e9l\u00e8ves. Tr\u00e8s bien pour les \u00e9l\u00e8ves qui b\u00e9n\u00e9ficient d&rsquo;un apprentissage pratique : processus d&rsquo;essai et d&rsquo;erreur.<\/li>\n\n\n\n<li>Cr\u00e9er un environnement d&rsquo;apprentissage qui exige la collaboration, un processus d&rsquo;essai et d&rsquo;erreur, la pens\u00e9e critique, l&rsquo;apprentissage pratique et des initiatives bas\u00e9es sur des produits.<\/li>\n\n\n\n<li>L&rsquo;engagement des \u00e9l\u00e8ves a un impact positif sur leurs comportements.de jeu est une combinaison de pratiques historiques et de technologies actuelles dont les \u00e9l\u00e8ves auront besoin pour poursuivre leur parcours individuel.<\/li>\n<\/ul>\n\n\n\n<p><strong>Parlez-nous de votre int\u00e9r\u00eat \u00e0 rejoindre le R\u00e9seau canadien des \u00e9coles ludiques.<\/strong><br>Nous en sommes \u00e0 notre deuxi\u00e8me ann\u00e9e de mise en place d&rsquo;un environnement d&rsquo;apprentissage par le jeu pour les \u00e9l\u00e8ves de la maternelle \u00e0 la sixi\u00e8me ann\u00e9e. Nous sommes enthousiastes \u00e0 l&rsquo;id\u00e9e de faire partie de ce r\u00e9seau afin d&rsquo;approfondir notre compr\u00e9hension de l&rsquo;apprentissage par le jeu, d&rsquo;entrer en contact avec des enseignants et des \u00e9coles de tout le Canada et de d\u00e9velopper un projet qui fera partie de notre programme d&rsquo;apprentissage par le jeu chaque ann\u00e9e. Un type de soutien que nous esp\u00e9rons obtenir du r\u00e9seau CPSN est l&rsquo;acc\u00e8s \u00e0 des ressources renouvelables que les enseignants pourront utiliser avec les \u00e9l\u00e8ves dans l&rsquo;environnement d&rsquo;apprentissage par le jeu. Nous sommes \u00e9galement impatients de rencontrer des experts dans ce domaine lors des activit\u00e9s du r\u00e9seau tout au long de l&rsquo;ann\u00e9e scolaire.<\/p>\n\n\n\n<p><strong>D\u00e9couvrez les projets de nos \u00e9l\u00e8ves et ce que nous avons accompli au cours de l&rsquo;ann\u00e9e 2022-2023 !<\/strong><\/p>\n\n\n\n<div class=\"wp-block-file\"><object class=\"wp-block-file__embed\" data=\"https:\/\/playjouer.ca\/wp-content\/uploads\/2024\/01\/BIRCH-HILLSPUBLIC-SCHOOL-CPSN-VIRTUAL-SHOWCASE.pdf\" type=\"application\/pdf\" style=\"width:100%;height:600px\" aria-label=\"Contenu embarqu\u00e9 BIRCH-HILLSPUBLIC-SCHOOL-CPSN-VIRTUAL-SHOWCASE.\"><\/object><a id=\"wp-block-file--media-dc910dce-640b-4354-a7ee-7eeda2ecf63b\" href=\"https:\/\/playjouer.ca\/wp-content\/uploads\/2024\/01\/BIRCH-HILLSPUBLIC-SCHOOL-CPSN-VIRTUAL-SHOWCASE.pdf\">BIRCH-HILLSPUBLIC-SCHOOL-CPSN-VIRTUAL-SHOWCASE<\/a><a href=\"https:\/\/playjouer.ca\/wp-content\/uploads\/2024\/01\/BIRCH-HILLSPUBLIC-SCHOOL-CPSN-VIRTUAL-SHOWCASE.pdf\" class=\"wp-block-file__button wp-element-button\" download aria-describedby=\"wp-block-file--media-dc910dce-640b-4354-a7ee-7eeda2ecf63b\">Download<\/a><\/div>\n\n\n\n<figure class=\"is-layout-flex wp-block-gallery-1 wp-block-gallery has-nested-images columns-default is-cropped\">\n<figure class=\"wp-block-image size-large\"><img decoding=\"async\" data-id=\"5130\"  src=\"https:\/\/playjouer.ca\/wp-content\/uploads\/2024\/01\/Robyn-Stanford-IMG_9834.jpeg\" alt=\"\" class=\"wp-image-5130\"\/><\/figure>\n\n\n\n<figure class=\"wp-block-image size-large\"><img decoding=\"async\" data-id=\"5128\"  src=\"https:\/\/playjouer.ca\/wp-content\/uploads\/2024\/01\/Robyn-Stanford-IMG_9840.jpeg\" alt=\"\" class=\"wp-image-5128\"\/><\/figure>\n\n\n\n<figure class=\"wp-block-image size-large\"><img decoding=\"async\" data-id=\"5126\"  src=\"https:\/\/playjouer.ca\/wp-content\/uploads\/2024\/01\/Robyn-Stanford-IMG_9802.jpeg\" alt=\"\" class=\"wp-image-5126\"\/><\/figure>\n\n\n\n<figure class=\"wp-block-image size-large\"><img decoding=\"async\" data-id=\"5124\"  src=\"https:\/\/playjouer.ca\/wp-content\/uploads\/2024\/01\/Robyn-Stanford-IMG_9799.jpeg\" alt=\"\" class=\"wp-image-5124\"\/><\/figure>\n\n\n\n<figure class=\"wp-block-image size-large\"><img decoding=\"async\" data-id=\"5122\"  src=\"https:\/\/playjouer.ca\/wp-content\/uploads\/2024\/01\/Robyn-Stanford-IMG_9791.jpeg\" alt=\"\" class=\"wp-image-5122\"\/><\/figure>\n\n\n\n<figure class=\"wp-block-image size-large\"><img decoding=\"async\" loading=\"lazy\" width=\"1920\" height=\"2560\" data-id=\"5120\"  src=\"https:\/\/playjouer.ca\/wp-content\/uploads\/2024\/01\/Robyn-Stanford-IMG_9798-scaled.jpeg\" alt=\"\" class=\"wp-image-5120\"\/><\/figure>\n\n\n\n<figure class=\"wp-block-image size-large\"><img decoding=\"async\" loading=\"lazy\" width=\"1920\" height=\"2560\" data-id=\"5118\"  src=\"https:\/\/playjouer.ca\/wp-content\/uploads\/2024\/01\/Robyn-Stanford-IMG_9800-scaled.jpeg\" alt=\"\" class=\"wp-image-5118\"\/><\/figure>\n\n\n\n<figure class=\"wp-block-image size-large\"><img decoding=\"async\" data-id=\"5116\"  src=\"https:\/\/playjouer.ca\/wp-content\/uploads\/2024\/01\/Robyn-Stanford-IMG_9796.jpeg\" alt=\"\" class=\"wp-image-5116\"\/><\/figure>\n\n\n\n<figure class=\"wp-block-image size-large\"><img decoding=\"async\" data-id=\"5114\"  src=\"https:\/\/playjouer.ca\/wp-content\/uploads\/2024\/01\/Robyn-Stanford-IMG_9793.jpeg\" alt=\"\" class=\"wp-image-5114\"\/><\/figure>\n\n\n\n<figure class=\"wp-block-image size-large\"><img decoding=\"async\" loading=\"lazy\" width=\"1024\" height=\"768\" data-id=\"5112\"  src=\"https:\/\/playjouer.ca\/wp-content\/uploads\/2024\/01\/Robyn-Stanford-IMG_9829-1024x768.jpeg\" alt=\"\" class=\"wp-image-5112\" srcset=\"https:\/\/playjouer.ca\/wp-content\/uploads\/2024\/01\/Robyn-Stanford-IMG_9829-1024x768.jpeg 1024w, https:\/\/playjouer.ca\/wp-content\/uploads\/2024\/01\/Robyn-Stanford-IMG_9829-300x225.jpeg 300w, https:\/\/playjouer.ca\/wp-content\/uploads\/2024\/01\/Robyn-Stanford-IMG_9829-768x576.jpeg 768w, https:\/\/playjouer.ca\/wp-content\/uploads\/2024\/01\/Robyn-Stanford-IMG_9829-1536x1152.jpeg 1536w, https:\/\/playjouer.ca\/wp-content\/uploads\/2024\/01\/Robyn-Stanford-IMG_9829-2048x1536.jpeg 2048w\" sizes=\"(max-width: 1024px) 100vw, 1024px\" \/><\/figure>\n\n\n\n<figure class=\"wp-block-image size-large\"><img decoding=\"async\" loading=\"lazy\" width=\"1920\" height=\"2560\" data-id=\"5109\"  src=\"https:\/\/playjouer.ca\/wp-content\/uploads\/2024\/01\/Robyn-Stanford-IMG_9803-scaled.jpeg\" alt=\"\" class=\"wp-image-5109\" srcset=\"https:\/\/playjouer.ca\/wp-content\/uploads\/2024\/01\/Robyn-Stanford-IMG_9803-scaled.jpeg 1920w, https:\/\/playjouer.ca\/wp-content\/uploads\/2024\/01\/Robyn-Stanford-IMG_9803-225x300.jpeg 225w\" sizes=\"(max-width: 1920px) 100vw, 1920px\" \/><\/figure>\n\n\n\n<figure class=\"wp-block-image size-large\"><img decoding=\"async\" loading=\"lazy\" width=\"768\" height=\"1024\" data-id=\"5107\"  src=\"https:\/\/playjouer.ca\/wp-content\/uploads\/2024\/01\/Robyn-Stanford-IMG_9790-768x1024.jpeg\" alt=\"\" class=\"wp-image-5107\" srcset=\"https:\/\/playjouer.ca\/wp-content\/uploads\/2024\/01\/Robyn-Stanford-IMG_9790-768x1024.jpeg 768w, https:\/\/playjouer.ca\/wp-content\/uploads\/2024\/01\/Robyn-Stanford-IMG_9790-225x300.jpeg 225w, https:\/\/playjouer.ca\/wp-content\/uploads\/2024\/01\/Robyn-Stanford-IMG_9790-scaled.jpeg 1920w\" sizes=\"(max-width: 768px) 100vw, 768px\" \/><\/figure>\n\n\n\n<figure class=\"wp-block-image size-large\"><img decoding=\"async\" loading=\"lazy\" width=\"1024\" height=\"768\" data-id=\"5105\"  src=\"https:\/\/playjouer.ca\/wp-content\/uploads\/2024\/01\/Robyn-Stanford-IMG_6379-1024x768.jpeg\" alt=\"\" class=\"wp-image-5105\" srcset=\"https:\/\/playjouer.ca\/wp-content\/uploads\/2024\/01\/Robyn-Stanford-IMG_6379-1024x768.jpeg 1024w, https:\/\/playjouer.ca\/wp-content\/uploads\/2024\/01\/Robyn-Stanford-IMG_6379-300x225.jpeg 300w, https:\/\/playjouer.ca\/wp-content\/uploads\/2024\/01\/Robyn-Stanford-IMG_6379-768x576.jpeg 768w, https:\/\/playjouer.ca\/wp-content\/uploads\/2024\/01\/Robyn-Stanford-IMG_6379-1536x1152.jpeg 1536w, https:\/\/playjouer.ca\/wp-content\/uploads\/2024\/01\/Robyn-Stanford-IMG_6379.jpeg 2048w\" sizes=\"(max-width: 1024px) 100vw, 1024px\" \/><\/figure>\n\n\n\n<figure class=\"wp-block-image size-large\"><img decoding=\"async\" loading=\"lazy\" width=\"1024\" height=\"934\" data-id=\"5103\"  src=\"https:\/\/playjouer.ca\/wp-content\/uploads\/2024\/01\/Robyn-Stanford-IMG_0974-1024x934.jpeg\" alt=\"\" class=\"wp-image-5103\" srcset=\"https:\/\/playjouer.ca\/wp-content\/uploads\/2024\/01\/Robyn-Stanford-IMG_0974-1024x934.jpeg 1024w, https:\/\/playjouer.ca\/wp-content\/uploads\/2024\/01\/Robyn-Stanford-IMG_0974-300x274.jpeg 300w, https:\/\/playjouer.ca\/wp-content\/uploads\/2024\/01\/Robyn-Stanford-IMG_0974-768x701.jpeg 768w, https:\/\/playjouer.ca\/wp-content\/uploads\/2024\/01\/Robyn-Stanford-IMG_0974-1536x1401.jpeg 1536w, https:\/\/playjouer.ca\/wp-content\/uploads\/2024\/01\/Robyn-Stanford-IMG_0974.jpeg 1997w\" sizes=\"(max-width: 1024px) 100vw, 1024px\" \/><\/figure>\n<\/figure>\n","protected":false},"excerpt":{"rendered":"<p>Introduction Notre projet Ressemble \u00e0 : Un espace d&rsquo;apprentissage ext\u00e9rieur flexible pour plusieurs niveaux scolaires. L&rsquo;espace d&rsquo;apprentissage aura des si\u00e8ges flexibles, des bacs de jardinage, des parterres de fleurs, des [&hellip;]<\/p>\n","protected":false},"author":1,"featured_media":0,"parent":861,"menu_order":0,"comment_status":"open","ping_status":"closed","template":"","meta":[],"acf":[],"_links":{"self":[{"href":"https:\/\/playjouer.ca\/fr\/wp-json\/wp\/v2\/pages\/1195"}],"collection":[{"href":"https:\/\/playjouer.ca\/fr\/wp-json\/wp\/v2\/pages"}],"about":[{"href":"https:\/\/playjouer.ca\/fr\/wp-json\/wp\/v2\/types\/page"}],"author":[{"embeddable":true,"href":"https:\/\/playjouer.ca\/fr\/wp-json\/wp\/v2\/users\/1"}],"replies":[{"embeddable":true,"href":"https:\/\/playjouer.ca\/fr\/wp-json\/wp\/v2\/comments?post=1195"}],"version-history":[{"count":4,"href":"https:\/\/playjouer.ca\/fr\/wp-json\/wp\/v2\/pages\/1195\/revisions"}],"predecessor-version":[{"id":5134,"href":"https:\/\/playjouer.ca\/fr\/wp-json\/wp\/v2\/pages\/1195\/revisions\/5134"}],"up":[{"embeddable":true,"href":"https:\/\/playjouer.ca\/fr\/wp-json\/wp\/v2\/pages\/861"}],"wp:attachment":[{"href":"https:\/\/playjouer.ca\/fr\/wp-json\/wp\/v2\/media?parent=1195"}],"curies":[{"name":"wp","href":"https:\/\/api.w.org\/{rel}","templated":true}]}}