{"id":1212,"date":"2022-10-30T00:16:13","date_gmt":"2022-10-30T04:16:13","guid":{"rendered":"https:\/\/playjouer.ca\/about-fr\/ecoles-participantes\/st-david-catholic-elementary-school\/"},"modified":"2024-01-08T16:47:32","modified_gmt":"2024-01-08T21:47:32","slug":"st-david-catholic-elementary-school","status":"publish","type":"page","link":"https:\/\/playjouer.ca\/fr\/restez-connecte-es\/soyez-inspire-es\/st-david-catholic-elementary-school\/","title":{"rendered":"St. David Catholic Elementary School [EN]"},"content":{"rendered":"\n<h2 class=\"has-cpsn-orange-color has-text-color\">Introduction<\/h2>\n\n\n\n<figure class=\"wp-block-embed is-type-video is-provider-youtube wp-block-embed-youtube wp-embed-aspect-16-9 wp-has-aspect-ratio\"><div class=\"wp-block-embed__wrapper\">\n<iframe loading=\"lazy\" title=\"St. David Catholic Elementary School : Introduction\" width=\"640\" height=\"360\" src=\"https:\/\/www.youtube.com\/embed\/CSK4TFJeE9c?feature=oembed\" frameborder=\"0\" allow=\"accelerometer; autoplay; clipboard-write; encrypted-media; gyroscope; picture-in-picture\" allowfullscreen><\/iframe>\n<\/div><\/figure>\n\n\n\n<h2 class=\"has-cpsn-orange-color has-text-color\">Notre projet<\/h2>\n\n\n\n<p>\u00c0 l&rsquo;\u00e9cole St. David, nous nous engagerons dans l&rsquo;apprentissage en plein air comme approche p\u00e9dagogique pour enrichir l&rsquo;apprentissage, renforcer l&rsquo;engagement scolaire et am\u00e9liorer la sant\u00e9 et le bien-\u00eatre des \u00e9l\u00e8ves. Nous passerons du temps \u00e0 l&rsquo;ext\u00e9rieur \u00e0 jouer, explorer et apprendre. Cela constituera une partie r\u00e9guli\u00e8re et significative de la journ\u00e9e de chaque \u00e9l\u00e8ve. Nous \u00e9tendrons l&rsquo;environnement d&rsquo;apprentissage au-del\u00e0 du bureau et des quatre murs et utiliserons l&rsquo;espace ext\u00e9rieur dans le cadre de notre pratique p\u00e9dagogique r\u00e9guli\u00e8re. Nous nous engageons \u00e0 offrir \u00e0 nos \u00e9l\u00e8ves et \u00e0 nos enseignants la possibilit\u00e9 d&rsquo;interagir et d&rsquo;apprendre dans un environnement d&rsquo;apprentissage dans lequel les fronti\u00e8res entre la salle de classe et l&rsquo;apprentissage en plein air, et entre l&rsquo;enseignant et l&rsquo;\u00e9l\u00e8ve, sont ren\u00e9goci\u00e9es afin de stimuler l&rsquo;enseignement et l&rsquo;apprentissage par le jeu. David School a l&rsquo;intention d&rsquo;approfondir ses liens avec les perspectives indig\u00e8nes, de renforcer sa sant\u00e9 et son bien-\u00eatre, et d&rsquo;accro\u00eetre ses connaissances sur le changement climatique, l&rsquo;intendance et l&rsquo;environnement.<\/p>\n\n\n\n<p><strong>Parlez-nous de votre \u00e9quipe et de votre communaut\u00e9 scolaire.<\/strong><br>L&rsquo;\u00e9cole \u00e9l\u00e9mentaire catholique St. David est une \u00e9cole situ\u00e9e dans le centre-ville de Sudbury, en Ontario. Notre communaut\u00e9 scolaire est dot\u00e9e d&rsquo;une forte population d&rsquo;\u00e9l\u00e8ves de peuples indig\u00e8nes ainsi que d&rsquo;\u00e9l\u00e8ves originaires de nations africaines. L&rsquo;\u00e9cole dispose d&rsquo;un espace d&rsquo;apprentissage traditionnel en plein air, avec des sentiers de randonn\u00e9e et un ruisseau qui entoure le b\u00e2timent. La structure et l&#8217;emplacement de l&rsquo;\u00e9cole rappellent \u00e0 tous ceux qui y entrent que nous sommes li\u00e9s \u00e0 la nature et \u00e0 notre environnement. Notre personnel cr\u00e9atif et nos gardiens du savoir continuent de contribuer \u00e0 cr\u00e9er une atmosph\u00e8re scolaire culturellement pertinente et engageante, bas\u00e9e sur le jeu, qui accueille et honore la diversit\u00e9. Aujourd&rsquo;hui, nous reconnaissons que l&rsquo;apprentissage sur la terre est un apprentissage bas\u00e9 sur le jeu. Notre \u00e9quipe scolaire croit que la diversit\u00e9 apporte une richesse de connaissances, de perspectives et de th\u00e9ories d&rsquo;innovation qui, lorsqu&rsquo;elles sont li\u00e9es, ouvrent la porte \u00e0 de nouvelles et passionnantes opportunit\u00e9s d&rsquo;apprentissage.<\/p>\n\n\n\n<p><strong>Parlez-nous de l&rsquo;importance de l&rsquo;apprentissage par le jeu pour votre \u00e9quipe et vos \u00e9l\u00e8ves.<\/strong><br>L&rsquo;apprentissage relationnel demande de la patience et du temps. L&rsquo;apprentissage par le jeu est un merveilleux exemple de la mani\u00e8re dont l&rsquo;accent mis sur les enseignements relationnels peut fa\u00e7onner positivement la culture d&rsquo;une \u00e9cole. Les \u00e9coles qui reconnaissent la beaut\u00e9 et l&rsquo;importance de l&rsquo;inclusion et de la diversit\u00e9 contribuent \u00e0 aider les jeunes indig\u00e8nes \u00e0 d\u00e9velopper un fort sentiment d&rsquo;appartenance et \u00e0 s&rsquo;assurer qu&rsquo;ils savent qu&rsquo;ils ont une place unique et sacr\u00e9e dans le monde. Lorsque nous sommes en mesure de nous concentrer sur les enseignements relationnels, nous pouvons \u00e0 notre tour d\u00e9velopper un sens plus profond de la communaut\u00e9 parmi les \u00e9tudiants, les membres du personnel et nos partenaires. Lorsque nous augmentons l&rsquo;engagement des \u00e9l\u00e8ves par le jeu, nous sommes en mesure d&rsquo;am\u00e9liorer les r\u00e9sultats de nos \u00e9l\u00e8ves.<\/p>\n\n\n\n<p><strong>Parlez-nous de votre int\u00e9r\u00eat \u00e0 rejoindre le R\u00e9seau canadien des \u00e9coles ludiques.<\/strong><br>L&rsquo;\u00e9quipe de notre \u00e9cole appr\u00e9cie vraiment et comprend l&rsquo;importance de l&rsquo;apprentissage par le jeu. Nous appr\u00e9cions l&rsquo;opportunit\u00e9 de faire partie de la famille du RC\u00c9L et d&rsquo;\u00eatre un membre \u00e0 part enti\u00e8re du mouvement \u00e9ducatif qui reconna\u00eet la contribution de l&rsquo;apprentissage par le jeu \u00e0 l&rsquo;engagement fort des \u00e9l\u00e8ves, \u00e0 l&rsquo;am\u00e9lioration de la sant\u00e9 mentale et du bien-\u00eatre et \u00e0 la r\u00e9ussite scolaire globale. Nous sommes impatients d&rsquo;apprendre des autres membres du RC\u00c9L et de collaborer avec eux.<\/p>\n\n\n\n<p><strong>D\u00e9couvrez ce que nous avons accompli au cours de l&rsquo;ann\u00e9e 2022-2023 !<\/strong><\/p>\n\n\n\n<div class=\"wp-block-file\"><object class=\"wp-block-file__embed\" data=\"https:\/\/playjouer.ca\/wp-content\/uploads\/2024\/01\/Christina-Raso-Canadian-Playful-School-Network-.pdf\" type=\"application\/pdf\" style=\"width:100%;height:600px\" aria-label=\"Contenu embarqu\u00e9 Christina-Raso-Canadian-Playful-School-Network-.\"><\/object><a id=\"wp-block-file--media-d799f6e6-ec10-4d1c-9261-7e335e17abdf\" href=\"https:\/\/playjouer.ca\/wp-content\/uploads\/2024\/01\/Christina-Raso-Canadian-Playful-School-Network-.pdf\">Christina-Raso-Canadian-Playful-School-Network-<\/a><a href=\"https:\/\/playjouer.ca\/wp-content\/uploads\/2024\/01\/Christina-Raso-Canadian-Playful-School-Network-.pdf\" class=\"wp-block-file__button wp-element-button\" download aria-describedby=\"wp-block-file--media-d799f6e6-ec10-4d1c-9261-7e335e17abdf\">Download<\/a><\/div>\n","protected":false},"excerpt":{"rendered":"<p>Introduction Notre projet \u00c0 l&rsquo;\u00e9cole St. David, nous nous engagerons dans l&rsquo;apprentissage en plein air comme approche p\u00e9dagogique pour enrichir l&rsquo;apprentissage, renforcer l&rsquo;engagement scolaire et am\u00e9liorer la sant\u00e9 et le [&hellip;]<\/p>\n","protected":false},"author":1,"featured_media":0,"parent":861,"menu_order":0,"comment_status":"open","ping_status":"closed","template":"","meta":[],"acf":[],"_links":{"self":[{"href":"https:\/\/playjouer.ca\/fr\/wp-json\/wp\/v2\/pages\/1212"}],"collection":[{"href":"https:\/\/playjouer.ca\/fr\/wp-json\/wp\/v2\/pages"}],"about":[{"href":"https:\/\/playjouer.ca\/fr\/wp-json\/wp\/v2\/types\/page"}],"author":[{"embeddable":true,"href":"https:\/\/playjouer.ca\/fr\/wp-json\/wp\/v2\/users\/1"}],"replies":[{"embeddable":true,"href":"https:\/\/playjouer.ca\/fr\/wp-json\/wp\/v2\/comments?post=1212"}],"version-history":[{"count":3,"href":"https:\/\/playjouer.ca\/fr\/wp-json\/wp\/v2\/pages\/1212\/revisions"}],"predecessor-version":[{"id":5062,"href":"https:\/\/playjouer.ca\/fr\/wp-json\/wp\/v2\/pages\/1212\/revisions\/5062"}],"up":[{"embeddable":true,"href":"https:\/\/playjouer.ca\/fr\/wp-json\/wp\/v2\/pages\/861"}],"wp:attachment":[{"href":"https:\/\/playjouer.ca\/fr\/wp-json\/wp\/v2\/media?parent=1212"}],"curies":[{"name":"wp","href":"https:\/\/api.w.org\/{rel}","templated":true}]}}