{"id":1240,"date":"2022-10-30T00:16:13","date_gmt":"2022-10-30T04:16:13","guid":{"rendered":"https:\/\/playjouer.ca\/about-fr\/ecoles-participantes\/amos-comenius-memorial-school\/"},"modified":"2024-01-08T09:23:34","modified_gmt":"2024-01-08T14:23:34","slug":"amos-comenius-memorial-school","status":"publish","type":"page","link":"https:\/\/playjouer.ca\/fr\/restez-connecte-es\/soyez-inspire-es\/amos-comenius-memorial-school\/","title":{"rendered":"\u200b\u200bAmos Comenius Memorial School [EN]"},"content":{"rendered":"\n<h2 class=\"has-cpsn-orange-color has-text-color\">Introduction<\/h2>\n\n\n\n<figure class=\"wp-block-embed is-type-video is-provider-youtube wp-block-embed-youtube wp-embed-aspect-16-9 wp-has-aspect-ratio\"><div class=\"wp-block-embed__wrapper\">\n<iframe loading=\"lazy\" title=\"\u200b\u200bAmos Comenius Memorial School : Introduction\" width=\"640\" height=\"360\" src=\"https:\/\/www.youtube.com\/embed\/KM_dXJs7mvk?feature=oembed\" frameborder=\"0\" allow=\"accelerometer; autoplay; clipboard-write; encrypted-media; gyroscope; picture-in-picture\" allowfullscreen><\/iframe>\n<\/div><\/figure>\n\n\n\n<h2 class=\"has-cpsn-orange-color has-text-color\">Notre projet<\/h2>\n\n\n\n<p>Notre communaut\u00e9 scolaire est fi\u00e8re d&rsquo;\u00eatre innovante et de relever tous les d\u00e9fis qui se pr\u00e9sentent, tout en mettant l&rsquo;accent sur l&rsquo;apprentissage par le jeu. \u00c0 l&rsquo;ACMS, nos projets ludiques sont ax\u00e9s sur l&rsquo;engagement des \u00e9l\u00e8ves et sur des projets passionnants et pratiques qui permettent \u00e0 nos \u00e9l\u00e8ves d&rsquo;\u00e9largir leurs horizons en mati\u00e8re d&rsquo;information et de r\u00e9fl\u00e9chir de mani\u00e8re critique aux d\u00e9fis auxquels ils sont confront\u00e9s en vivant dans une communaut\u00e9 indig\u00e8ne \u00e9loign\u00e9e. Notre objectif est d&rsquo;offrir des possibilit\u00e9s d&rsquo;apprentissage diverses, uniques et r\u00e9alistes \u00e0 nos \u00e9l\u00e8ves, tout en r\u00e9solvant des probl\u00e8mes du monde r\u00e9el. Avec notre \u00e9quipe en tant que facilitateurs, les \u00e9tudiants prendront l&rsquo;initiative de cr\u00e9er un train de traitement de l&rsquo;eau avec les ressources fournies par les sponsors. Nos \u00e9l\u00e8ves vont atteindre les \u00e9toiles par l&rsquo;exploration et le jeu.<\/p>\n\n\n\n<p><strong>Parlez-nous de votre \u00e9quipe et de votre communaut\u00e9 scolaire.<\/strong><br>Notre \u00e9quipe scolaire est compos\u00e9e de membres du personnel qui font partie int\u00e9grante de la communaut\u00e9 scolaire Amos Comenius depuis de nombreuses ann\u00e9es. Au sein de notre \u00e9quipe scolaire, nous mettons en avant une grande vari\u00e9t\u00e9 de comp\u00e9tences et de domaines de formation qui permettent de r\u00e9pondre aux divers besoins de notre population scolaire. En collaborant r\u00e9guli\u00e8rement, nous sommes en mesure de proposer des id\u00e9es, des projets et des solutions innovantes pour affiner et am\u00e9liorer l&rsquo;apprentissage de nos \u00e9l\u00e8ves. Notre domaine de pr\u00e9dilection pour ce projet est la classe de 7e ann\u00e9e 2022-2023. Ce groupe d&rsquo;\u00e9l\u00e8ves a des personnalit\u00e9s tr\u00e8s int\u00e9ressantes et cr\u00e9atives qui aiment travailler avec leurs mains pour fabriquer des choses. Au cours des ann\u00e9es pr\u00e9c\u00e9dentes, les enseignants ont remarqu\u00e9 cette tendance au sein de ce groupe d&rsquo;\u00e9l\u00e8ves et ont constat\u00e9 un grand succ\u00e8s lorsque les \u00e9l\u00e8ves \u00e9taient autoris\u00e9s \u00e0 choisir des moyens d&rsquo;expression individuels et uniques. C&rsquo;est tr\u00e8s important pour notre \u00e9cole, car depuis la pand\u00e9mie et le passage forc\u00e9 \u00e0 une utilisation accrue de la technologie, nous avons reconnu la n\u00e9cessit\u00e9 de changer nos m\u00e9thodes d&rsquo;enseignement et d&rsquo;apprentissage. Ces nouveaux modes d&rsquo;apprentissage ont \u00e9veill\u00e9 la curiosit\u00e9 de ce groupe et ont permis \u00e0 certains \u00e9l\u00e8ves de niveau scolaire inf\u00e9rieur de prosp\u00e9rer, \u00e0 des \u00e9l\u00e8ves d\u00e9sengag\u00e9s de trouver leurs passions, et un nouveau sentiment de coh\u00e9sion dans la classe s&rsquo;est form\u00e9.<\/p>\n\n\n\n<p><strong>Parlez-nous de l&rsquo;importance de l&rsquo;apprentissage par le jeu pour votre \u00e9quipe et vos \u00e9l\u00e8ves.<\/strong><br>L&rsquo;apprentissage par le jeu est particuli\u00e8rement important pour ce groupe d&rsquo;\u00e9l\u00e8ves afin de maximiser l&rsquo;apprentissage et l&rsquo;engagement des \u00e9l\u00e8ves. Ils aiment collaborer en petits groupes avec des \u00e9l\u00e8ves ayant des points forts similaires pour contribuer \u00e0 un grand projet collectif de classe. Cette forme d&rsquo;apprentissage a apport\u00e9 un nouveau sens de l&rsquo;amusement \u00e0 leur \u00e9ducation, et nous, en tant qu&rsquo;\u00e9ducateurs, reconnaissons la n\u00e9cessit\u00e9 de soutenir davantage cette passion. Nous pensons que lorsque ce groupe a l&rsquo;occasion de construire ou de fabriquer un projet dans un but utile pour aider sa communaut\u00e9, il d\u00e9ploie tous ses efforts pour r\u00e9ussir. Dans l&rsquo;ensemble, cette m\u00e9thode r\u00e9vis\u00e9e d&rsquo;enseignement et d&rsquo;apprentissage est en train de devenir une tendance \u00e0 l&rsquo;ACMS, et les d\u00e9fis et le stress des classes pr\u00e9c\u00e9dentes semblent \u00eatre att\u00e9nu\u00e9s gr\u00e2ce \u00e0 cette approche r\u00e9invent\u00e9e de l&rsquo;apprentissage. En mettant l&rsquo;accent sur l&rsquo;expression artistique, les jeux technologiques, les espaces de fabrication, les travaux pratiques et les projets passionn\u00e9s, tous nos \u00e9l\u00e8ves peuvent trouver du plaisir et un apprentissage authentique. Tous nos \u00e9l\u00e8ves jouent un r\u00f4le essentiel dans la r\u00e9ussite du projet, et ils comptent les uns sur les autres.<\/p>\n\n\n\n<p><strong>Parlez-nous de votre int\u00e9r\u00eat \u00e0 rejoindre le R\u00e9seau canadien des \u00e9coles ludiques.<\/strong><br>Le R\u00e9seau canadien des \u00e9coles ludiques a offert \u00e0 notre \u00e9cole une opportunit\u00e9 que nous ne pouvions pas manquer. Nous voulons perp\u00e9tuer l&rsquo;amour de l&rsquo;apprentissage et du jeu au sein de notre population d&rsquo;\u00e9l\u00e8ves du premier cycle du secondaire. Par l&rsquo;interm\u00e9diaire du RC\u00c9L, nous esp\u00e9rons que nos \u00e9l\u00e8ves trouveront des liens avec d&rsquo;autres \u00e9coles indig\u00e8nes, ce qui leur permettra de discuter et de tisser des liens \u00e0 travers leurs similitudes et leurs d\u00e9fis. Ensuite, nous aimerions que nos \u00e9l\u00e8ves puissent entrer en contact avec d&rsquo;autres \u00e9l\u00e8ves du m\u00eame groupe d&rsquo;\u00e2ge dans l&rsquo;espoir de leur ouvrir les yeux sur diff\u00e9rents projets et int\u00e9r\u00eats int\u00e9ressants. Nous souhaiterions \u00e9galement que nos \u00e9l\u00e8ves puissent entrer en contact avec d&rsquo;autres communaut\u00e9s scolaires rurales afin de leur ouvrir les yeux sur les succ\u00e8s et les d\u00e9fis auxquels elles sont confront\u00e9es en tant que communaut\u00e9.<\/p>\n\n\n\n<p><strong>D\u00e9couvrez ce que nous avons accompli au cours de l&rsquo;ann\u00e9e 2022-2023 !<\/strong><\/p>\n\n\n\n<figure class=\"wp-block-embed is-type-video is-provider-youtube wp-block-embed-youtube wp-embed-aspect-16-9 wp-has-aspect-ratio\"><div class=\"wp-block-embed__wrapper\">\n<iframe loading=\"lazy\" title=\"Amos Comenius Memorial School - Grade 7 Water Project\" width=\"640\" height=\"360\" src=\"https:\/\/www.youtube.com\/embed\/Gguc7_ywVZ4?feature=oembed\" frameborder=\"0\" allow=\"accelerometer; autoplay; clipboard-write; encrypted-media; gyroscope; picture-in-picture; web-share\" allowfullscreen><\/iframe>\n<\/div><\/figure>\n","protected":false},"excerpt":{"rendered":"<p>Introduction Notre projet Notre communaut\u00e9 scolaire est fi\u00e8re d&rsquo;\u00eatre innovante et de relever tous les d\u00e9fis qui se pr\u00e9sentent, tout en mettant l&rsquo;accent sur l&rsquo;apprentissage par le jeu. \u00c0 l&rsquo;ACMS, [&hellip;]<\/p>\n","protected":false},"author":1,"featured_media":0,"parent":861,"menu_order":0,"comment_status":"open","ping_status":"closed","template":"","meta":[],"acf":[],"_links":{"self":[{"href":"https:\/\/playjouer.ca\/fr\/wp-json\/wp\/v2\/pages\/1240"}],"collection":[{"href":"https:\/\/playjouer.ca\/fr\/wp-json\/wp\/v2\/pages"}],"about":[{"href":"https:\/\/playjouer.ca\/fr\/wp-json\/wp\/v2\/types\/page"}],"author":[{"embeddable":true,"href":"https:\/\/playjouer.ca\/fr\/wp-json\/wp\/v2\/users\/1"}],"replies":[{"embeddable":true,"href":"https:\/\/playjouer.ca\/fr\/wp-json\/wp\/v2\/comments?post=1240"}],"version-history":[{"count":5,"href":"https:\/\/playjouer.ca\/fr\/wp-json\/wp\/v2\/pages\/1240\/revisions"}],"predecessor-version":[{"id":4903,"href":"https:\/\/playjouer.ca\/fr\/wp-json\/wp\/v2\/pages\/1240\/revisions\/4903"}],"up":[{"embeddable":true,"href":"https:\/\/playjouer.ca\/fr\/wp-json\/wp\/v2\/pages\/861"}],"wp:attachment":[{"href":"https:\/\/playjouer.ca\/fr\/wp-json\/wp\/v2\/media?parent=1240"}],"curies":[{"name":"wp","href":"https:\/\/api.w.org\/{rel}","templated":true}]}}