{"id":1255,"date":"2022-10-30T00:16:13","date_gmt":"2022-10-30T04:16:13","guid":{"rendered":"https:\/\/playjouer.ca\/about-fr\/ecoles-participantes\/duncan-schoular-public-school\/"},"modified":"2024-01-08T16:55:27","modified_gmt":"2024-01-08T21:55:27","slug":"duncan-schoular-public-school","status":"publish","type":"page","link":"https:\/\/playjouer.ca\/fr\/restez-connecte-es\/soyez-inspire-es\/duncan-schoular-public-school\/","title":{"rendered":"Duncan J.  Schoular Public School [EN]"},"content":{"rendered":"\n<h2 class=\"has-cpsn-orange-color has-text-color\">Introduction<\/h2>\n\n\n\n<figure class=\"wp-block-embed is-type-video is-provider-youtube wp-block-embed-youtube wp-embed-aspect-4-3 wp-has-aspect-ratio\"><div class=\"wp-block-embed__wrapper\">\n<iframe loading=\"lazy\" title=\"Duncan J.  Schoular Public School : Introduction\" width=\"640\" height=\"480\" src=\"https:\/\/www.youtube.com\/embed\/QiV2AXoshHg?feature=oembed\" frameborder=\"0\" allow=\"accelerometer; autoplay; clipboard-write; encrypted-media; gyroscope; picture-in-picture; web-share\" allowfullscreen><\/iframe>\n<\/div><\/figure>\n\n\n\n<h2 class=\"has-cpsn-orange-color has-text-color\">Notre projet<\/h2>\n\n\n\n<p>L&rsquo;apprentissage par le jeu cr\u00e9e de la valeur, de l&rsquo;excitation et de la joie parce que vous d\u00e9couvrez au fur et \u00e0 mesure et que vous n&rsquo;avez pas besoin de vous soucier de \u00ab\u00a0cocher les cases\u00a0\u00bb. Le chemin n&rsquo;est pas encore visible, c&rsquo;est l\u00e0 qu&rsquo;est l&rsquo;excitation ! Dans l&rsquo;apprentissage par le jeu, l&rsquo;accent est mis sur l&rsquo;apprentissage (et non sur la connaissance), l&rsquo;apprenant \u00e9tant un cr\u00e9ateur tout au long de l&rsquo;aventure d&rsquo;apprentissage. Cela s&rsquo;applique \u00e9galement aux enseignants. L&rsquo;apprentissage par le jeu permet d&rsquo;atteindre la communaut\u00e9 au sens large. Les \u00e9l\u00e8ves ont leur mot \u00e0 dire dans leur apprentissage et montrent leurs points forts de diff\u00e9rentes mani\u00e8res. Les \u00e9l\u00e8ves voient la valeur et les ressources de leur communaut\u00e9 et sont \u00e9galement consid\u00e9r\u00e9s comme une ressource pr\u00e9cieuse pour leur communaut\u00e9. Les \u00e9l\u00e8ves reconnaissent leur propre valeur et voient qu&rsquo;ils ont des options. Les \u00e9l\u00e8ves savent qu&rsquo;ils peuvent avoir un impact sur leur propre \u00e9ducation et se sentent encourag\u00e9s et habilit\u00e9s \u00e0 apporter des id\u00e9es \u00e0 l&rsquo;\u00e9cole. Nous coconstruisons notre apprentissage en jouant avec les \u00e9l\u00e8ves pour animer ces id\u00e9es avec et pour eux.<\/p>\n\n\n\n<p><strong><strong>Parlez-nous de votre \u00e9quipe et de votre communaut\u00e9 scolaire.<\/strong><\/strong><br>Nous croyons que l&rsquo;espoir est une donn\u00e9e. Nous sommes t\u00e9moins du potentiel inexploit\u00e9 de nos \u00e9l\u00e8ves et nous nourrissons l&rsquo;humain dans l&rsquo;apprentissage. Duncan J. Schoular est une \u00e9cole qui fait office de famille pour nombre de nos \u00e9l\u00e8ves, et dans ce cadre, notre objectif, notre raison d&rsquo;\u00eatre, va au-del\u00e0 et inclut un apprentissage qui relie les \u00e9l\u00e8ves \u00e0 un avenir qu&rsquo;ils ont du mal \u00e0 imaginer. Les exp\u00e9riences d&rsquo;apprentissage que nous sommes d\u00e9termin\u00e9s \u00e0 d\u00e9velopper aboutissent \u00e0 ce que nos \u00e9l\u00e8ves disent : \u00ab\u00a0J&rsquo;ai fait \u00e7a.\u00a0\u00bb Notre travail consiste \u00e0 amener la salle de classe au-del\u00e0 des murs de l&rsquo;\u00e9cole pour inclure toutes sortes d&rsquo;apprentissages, en collaborant avec toutes sortes d&rsquo;enseignants repr\u00e9sentant la communaut\u00e9 dans laquelle vivent nos \u00e9l\u00e8ves. Les \u00e9l\u00e8ves auront l&rsquo;occasion de d\u00e9montrer leur apprentissage en contribuant \u00e0 la communaut\u00e9 dans son ensemble et, ce faisant, en imaginant et en fa\u00e7onnant le monde dans lequel ils vivent.<\/p>\n\n\n\n<p><strong>Parlez-nous de l&rsquo;importance de l&rsquo;apprentissage par le jeu pour votre \u00e9quipe et vos \u00e9l\u00e8ves.<\/strong><br>Nous reconnaissons l&rsquo;apprentissage par le jeu comme une exp\u00e9rience qui met l&rsquo;accent sur le sens, le but et l&rsquo;action. Notre apprentissage culmine dans la fiert\u00e9 g\u00e9n\u00e9r\u00e9e par le travail cr\u00e9atif, par les choses que nos \u00e9l\u00e8ves ont fabriqu\u00e9es avec des esprits et des mains actifs. L&rsquo;apprentissage est un outil qui m\u00e8ne \u00e0 l&rsquo;invention, \u00e0 l&rsquo;it\u00e9ration et \u00e0 la collaboration dans des projets qui font une diff\u00e9rence pour l&rsquo;apprenant et la communaut\u00e9. Dans cette approche, nous d\u00e9couvrons la joie d&rsquo;apprendre qui, une fois exploit\u00e9e, commence \u00e0 s&rsquo;\u00e9panouir. La fa\u00e7on dont nous percevons notre apprentissage refl\u00e8te la fa\u00e7on dont nous nous percevons nous-m\u00eames et notre vie. Notre vision de l&rsquo;apprentissage par le jeu contextualise le programme d&rsquo;\u00e9tudes dans un processus qui r\u00e9v\u00e8le les d\u00e9fis auxquels les \u00e9l\u00e8ves s&rsquo;int\u00e9ressent et sur lesquels ils veulent travailler. Le programme d&rsquo;\u00e9tudes, de cette mani\u00e8re, est une bo\u00eete \u00e0 outils plut\u00f4t qu&rsquo;une carte routi\u00e8re. Nous commen\u00e7ons par la question suivante : \u00ab\u00a0Et si notre apprentissage pouvait aider une seule personne ?\u00a0\u00bb. Ce faisant, nous parvenons \u00e0 mettre en lumi\u00e8re la croissance d&rsquo;une ann\u00e9e, pour une ann\u00e9e de contribution au collectif.<\/p>\n\n\n\n<p><strong>Parlez-nous de votre int\u00e9r\u00eat \u00e0 rejoindre le R\u00e9seau canadien des \u00e9coles ludiques.<\/strong><br>Notre objectif pour cette exp\u00e9rience est de relier le monde scolaire au monde r\u00e9el, en facilitant l&rsquo;apprentissage qui relie nos \u00e9l\u00e8ves \u00e0 la communaut\u00e9 de Smiths Falls. Nous esp\u00e9rons faciliter un apprentissage o\u00f9 nos \u00e9l\u00e8ves sont vus et se voient comme des contributeurs \u00e0 leur communaut\u00e9. Un \u00e9l\u00e8ve qui va bien &#8211; qui se sent bien dans son apprentissage et dans sa vie, qui est en bonne sant\u00e9 avec un ventre plein d&rsquo;aliments nutritifs et qui est repos\u00e9 physiquement et \u00e9motionnellement &#8211; est pr\u00eat \u00e0 apprendre. Sans bien-\u00eatre, il ne peut y avoir d&rsquo;engagement dans l&rsquo;apprentissage, et les r\u00e9sultats scolaires qui en d\u00e9coulent ne sont pas au rendez-vous. Le RC\u00c9L peut soutenir notre travail en aidant les \u00e9ducateurs \u00e0 mettre en \u00e9vidence l&rsquo;impact de notre travail sur et pour nos \u00e9l\u00e8ves. L&rsquo;\u00e9ducation est fr\u00e9n\u00e9tique dans le meilleur des cas, et tous les \u00e9ducateurs de notre \u00e9cole ont besoin de savoir que notre travail et nos efforts comptent dans la vie de nos \u00e9l\u00e8ves.<\/p>\n\n\n\n<p><strong>D\u00e9couvrez ce que nous avons accompli au cours de l&rsquo;ann\u00e9e 2022-2023 !<\/strong><\/p>\n\n\n\n<div class=\"wp-block-file\"><object class=\"wp-block-file__embed\" data=\"https:\/\/playjouer.ca\/wp-content\/uploads\/2024\/01\/Duncan-J-Schoular-Virtual-Showcase.pdf\" type=\"application\/pdf\" style=\"width:100%;height:600px\" aria-label=\"Contenu embarqu\u00e9 Duncan-J-Schoular-Virtual-Showcase.\"><\/object><a id=\"wp-block-file--media-98f37fa1-7575-4824-b8d0-1dea79de6e9d\" href=\"https:\/\/playjouer.ca\/wp-content\/uploads\/2024\/01\/Duncan-J-Schoular-Virtual-Showcase.pdf\">Duncan-J-Schoular-Virtual-Showcase<\/a><a href=\"https:\/\/playjouer.ca\/wp-content\/uploads\/2024\/01\/Duncan-J-Schoular-Virtual-Showcase.pdf\" class=\"wp-block-file__button wp-element-button\" download aria-describedby=\"wp-block-file--media-98f37fa1-7575-4824-b8d0-1dea79de6e9d\">Download<\/a><\/div>\n","protected":false},"excerpt":{"rendered":"<p>Introduction Notre projet L&rsquo;apprentissage par le jeu cr\u00e9e de la valeur, de l&rsquo;excitation et de la joie parce que vous d\u00e9couvrez au fur et \u00e0 mesure et que vous n&rsquo;avez [&hellip;]<\/p>\n","protected":false},"author":1,"featured_media":0,"parent":861,"menu_order":0,"comment_status":"open","ping_status":"closed","template":"","meta":[],"acf":[],"_links":{"self":[{"href":"https:\/\/playjouer.ca\/fr\/wp-json\/wp\/v2\/pages\/1255"}],"collection":[{"href":"https:\/\/playjouer.ca\/fr\/wp-json\/wp\/v2\/pages"}],"about":[{"href":"https:\/\/playjouer.ca\/fr\/wp-json\/wp\/v2\/types\/page"}],"author":[{"embeddable":true,"href":"https:\/\/playjouer.ca\/fr\/wp-json\/wp\/v2\/users\/1"}],"replies":[{"embeddable":true,"href":"https:\/\/playjouer.ca\/fr\/wp-json\/wp\/v2\/comments?post=1255"}],"version-history":[{"count":5,"href":"https:\/\/playjouer.ca\/fr\/wp-json\/wp\/v2\/pages\/1255\/revisions"}],"predecessor-version":[{"id":5071,"href":"https:\/\/playjouer.ca\/fr\/wp-json\/wp\/v2\/pages\/1255\/revisions\/5071"}],"up":[{"embeddable":true,"href":"https:\/\/playjouer.ca\/fr\/wp-json\/wp\/v2\/pages\/861"}],"wp:attachment":[{"href":"https:\/\/playjouer.ca\/fr\/wp-json\/wp\/v2\/media?parent=1255"}],"curies":[{"name":"wp","href":"https:\/\/api.w.org\/{rel}","templated":true}]}}