{"id":1279,"date":"2022-10-30T00:16:13","date_gmt":"2022-10-30T04:16:13","guid":{"rendered":"https:\/\/playjouer.ca\/about-fr\/ecoles-participantes\/biggar-central-school\/"},"modified":"2024-01-08T17:49:45","modified_gmt":"2024-01-08T22:49:45","slug":"biggar-central-school","status":"publish","type":"page","link":"https:\/\/playjouer.ca\/fr\/restez-connecte-es\/soyez-inspire-es\/biggar-central-school\/","title":{"rendered":"Biggar Central School 2000 [EN]"},"content":{"rendered":"\n<h2 class=\"has-cpsn-orange-color has-text-color\">Introduction<\/h2>\n\n\n\n<figure class=\"wp-block-embed is-type-video is-provider-youtube wp-block-embed-youtube wp-embed-aspect-16-9 wp-has-aspect-ratio\"><div class=\"wp-block-embed__wrapper\">\n<iframe loading=\"lazy\" title=\"Biggar Central School 2000 : Introduction\" width=\"640\" height=\"360\" src=\"https:\/\/www.youtube.com\/embed\/aRTvau5COMU?feature=oembed\" frameborder=\"0\" allow=\"accelerometer; autoplay; clipboard-write; encrypted-media; gyroscope; picture-in-picture\" allowfullscreen><\/iframe>\n<\/div><\/figure>\n\n\n\n<h2 class=\"has-cpsn-orange-color has-text-color\">Notre projet<\/h2>\n\n\n\n<p>Nos projets de jeu sont ax\u00e9s sur l&rsquo;am\u00e9lioration du bien-\u00eatre mental gr\u00e2ce \u00e0 l&rsquo;apprentissage sur le terrain. Nous pr\u00e9voyons de passer du temps \u00e0 l&rsquo;ext\u00e9rieur \u00e0 faire des randonn\u00e9es et \u00e0 explorer notre environnement tout en connectant les enseignements indig\u00e8nes. Nous travaillerons en collaboration avec notre consultant autochtone et notre d\u00e9tenteur de connaissances pour planifier des exp\u00e9riences de plein air pour nos \u00e9l\u00e8ves en suivant le calendrier cri. Nous esp\u00e9rons \u00e9tablir des partenariats avec les communaut\u00e9s des Premi\u00e8res Nations voisines gr\u00e2ce \u00e0 un festival d&rsquo;hiver en plein air qui c\u00e9l\u00e9brera les diverses cultures de notre r\u00e9gion. Parmi les activit\u00e9s que nous esp\u00e9rons explorer, citons : la raquette, le cano\u00eb, la pr\u00e9paration d&rsquo;aliments traditionnels, l&rsquo;\u00e9quitation, le tra\u00eeneau \u00e0 chiens et les jeux indig\u00e8nes. Nous souhaitons renforcer l&rsquo;engagement des \u00e9l\u00e8ves et des familles en participant ensemble \u00e0 ces activit\u00e9s. Notre objectif ultime est de sensibiliser \u00e0 la r\u00e9conciliation et de cr\u00e9er des partenariats qui perdureront dans les ann\u00e9es \u00e0 venir.<\/p>\n\n\n\n<p><strong>Parlez-nous de votre \u00e9quipe et de votre communaut\u00e9 scolaire.<\/strong><br>Notre communaut\u00e9 scolaire se trouve au centre d&rsquo;une riche r\u00e9gion agricole, et notre ville compte environ 2100 habitants. Notre \u00e9quipe est compos\u00e9e d&rsquo;enseignants de 5e, 6e et 7e ann\u00e9es, d&rsquo;un directeur adjoint et d&rsquo;un mentor en apprentissage personnalis\u00e9. Molly Clark est l&rsquo;enseignante de cinqui\u00e8me ann\u00e9e, une passionn\u00e9e d&rsquo;activit\u00e9s physiques et une apprenante active dans l&rsquo;\u00e9ducation bas\u00e9e sur la terre. Jennelle Minish est passionn\u00e9e par l&rsquo;\u00e9tablissement de relations avec les parents et les \u00e9l\u00e8ves et par le bien-\u00eatre mental des \u00e9l\u00e8ves. Stephen Hadden est notre mentor scolaire pour l&rsquo;apprentissage personnalis\u00e9. Angela Sparks, notre directrice adjointe et chef d&rsquo;\u00e9quipe, a une exp\u00e9rience de l&rsquo;apprentissage par le jeu dans la petite enfance. Derek Argue est notre directeur de l&rsquo;\u00e9ducation physique et un amoureux du plein air. Notre communaut\u00e9 a connu un afflux de familles immigrantes au cours des cinq derni\u00e8res ann\u00e9es, et nous sommes \u00e0 proximit\u00e9 des Premi\u00e8res nations Red Pheasant et Mosquito. Nous valorisons l&rsquo;apprentissage personnalis\u00e9 et l&rsquo;engagement des familles en partenariat avec notre conseil communautaire scolaire actif.<\/p>\n\n\n\n<p><strong>Parlez-nous de l&rsquo;importance de l&rsquo;apprentissage par le jeu pour votre \u00e9quipe et vos \u00e9l\u00e8ves.<\/strong><br>L&rsquo;apprentissage par le jeu offre aux apprenants de toutes capacit\u00e9s la possibilit\u00e9 de montrer leurs points forts. Il aide les \u00e9l\u00e8ves \u00e0 s&rsquo;autor\u00e9guler et renforce la coop\u00e9ration par le biais d&rsquo;activit\u00e9s d&rsquo;\u00e9quipe. L&rsquo;apprentissage par le jeu offre des opportunit\u00e9s naturelles de leadership pour les \u00e9l\u00e8ves et leur permet de s&rsquo;exprimer et de choisir dans leur apprentissage. Il accro\u00eet l&rsquo;engagement des \u00e9l\u00e8ves et des familles et favorise le bien-\u00eatre mental et physique du personnel et des \u00e9l\u00e8ves. Nous pensons que l&rsquo;apprentissage par le jeu est une fa\u00e7on significative pour nos \u00e9l\u00e8ves de s&rsquo;engager dans la beaut\u00e9 de la culture indig\u00e8ne. Lorsque les \u00e9l\u00e8ves sont pleinement engag\u00e9s dans l&rsquo;apprentissage par le jeu, l&rsquo;apprentissage est immersif et int\u00e8gre des r\u00e9sultats transversaux.<\/p>\n\n\n\n<p><strong>Parlez-nous de votre int\u00e9r\u00eat \u00e0 rejoindre le R\u00e9seau canadien des \u00e9coles ludiques.<\/strong><br>Nous commencions tout juste \u00e0 nous int\u00e9resser au jeu au cours des ann\u00e9es interm\u00e9diaires et nous avons accueilli favorablement l&rsquo;opportunit\u00e9 de nous connecter et de collaborer avec nos \u00e9quipes sur le m\u00eame chemin. Le R\u00e9seau canadien des \u00e9coles ludiques nous aide \u00e0 essayer de nouvelles choses pour lesquelles nous n&rsquo;aurions pas eu les ressources n\u00e9cessaires autrement. Nous sommes impatients de rencontrer notre groupe de jeu et d&rsquo;apprendre des exp\u00e9riences des autres \u00e9coles, ainsi que d&rsquo;avoir l&rsquo;occasion de cr\u00e9er des r\u00e9seaux en personne \u00e0 Ottawa. Nous sommes impatients de voir les effets \u00e0 long terme de ce projet pr\u00e9cieux sur le bien-\u00eatre et la r\u00e9conciliation dans notre \u00e9cole et notre communaut\u00e9.<\/p>\n\n\n\n<p><strong>D\u00e9couvrez ce que nous avons accompli au cours de l&rsquo;ann\u00e9e 2022-2023 !<\/strong><\/p>\n\n\n\n<div class=\"wp-block-file\"><object class=\"wp-block-file__embed\" data=\"https:\/\/playjouer.ca\/wp-content\/uploads\/2024\/01\/Biggar-Central-School-CPSN-Virtual-Showcase.pdf\" type=\"application\/pdf\" style=\"width:100%;height:600px\" aria-label=\"Contenu embarqu\u00e9 Biggar-Central-School-CPSN-Virtual-Showcase.\"><\/object><a id=\"wp-block-file--media-b747605f-6a25-4f4a-a6bd-e063630e363c\" href=\"https:\/\/playjouer.ca\/wp-content\/uploads\/2024\/01\/Biggar-Central-School-CPSN-Virtual-Showcase.pdf\">Biggar-Central-School-CPSN-Virtual-Showcase<\/a><a href=\"https:\/\/playjouer.ca\/wp-content\/uploads\/2024\/01\/Biggar-Central-School-CPSN-Virtual-Showcase.pdf\" class=\"wp-block-file__button wp-element-button\" download aria-describedby=\"wp-block-file--media-b747605f-6a25-4f4a-a6bd-e063630e363c\">Download<\/a><\/div>\n","protected":false},"excerpt":{"rendered":"<p>Introduction Notre projet Nos projets de jeu sont ax\u00e9s sur l&rsquo;am\u00e9lioration du bien-\u00eatre mental gr\u00e2ce \u00e0 l&rsquo;apprentissage sur le terrain. Nous pr\u00e9voyons de passer du temps \u00e0 l&rsquo;ext\u00e9rieur \u00e0 faire [&hellip;]<\/p>\n","protected":false},"author":1,"featured_media":0,"parent":861,"menu_order":0,"comment_status":"open","ping_status":"closed","template":"","meta":[],"acf":[],"_links":{"self":[{"href":"https:\/\/playjouer.ca\/fr\/wp-json\/wp\/v2\/pages\/1279"}],"collection":[{"href":"https:\/\/playjouer.ca\/fr\/wp-json\/wp\/v2\/pages"}],"about":[{"href":"https:\/\/playjouer.ca\/fr\/wp-json\/wp\/v2\/types\/page"}],"author":[{"embeddable":true,"href":"https:\/\/playjouer.ca\/fr\/wp-json\/wp\/v2\/users\/1"}],"replies":[{"embeddable":true,"href":"https:\/\/playjouer.ca\/fr\/wp-json\/wp\/v2\/comments?post=1279"}],"version-history":[{"count":5,"href":"https:\/\/playjouer.ca\/fr\/wp-json\/wp\/v2\/pages\/1279\/revisions"}],"predecessor-version":[{"id":5139,"href":"https:\/\/playjouer.ca\/fr\/wp-json\/wp\/v2\/pages\/1279\/revisions\/5139"}],"up":[{"embeddable":true,"href":"https:\/\/playjouer.ca\/fr\/wp-json\/wp\/v2\/pages\/861"}],"wp:attachment":[{"href":"https:\/\/playjouer.ca\/fr\/wp-json\/wp\/v2\/media?parent=1279"}],"curies":[{"name":"wp","href":"https:\/\/api.w.org\/{rel}","templated":true}]}}