{"id":1285,"date":"2022-10-30T00:16:13","date_gmt":"2022-10-30T04:16:13","guid":{"rendered":"https:\/\/playjouer.ca\/about-fr\/ecoles-participantes\/vanier-elementary\/"},"modified":"2024-01-08T09:53:06","modified_gmt":"2024-01-08T14:53:06","slug":"vanier-elementary","status":"publish","type":"page","link":"https:\/\/playjouer.ca\/fr\/restez-connecte-es\/soyez-inspire-es\/vanier-elementary\/","title":{"rendered":"Vanier Elementary [EN]"},"content":{"rendered":"\n<h2 class=\"has-cpsn-orange-color has-text-color\">Introduction<\/h2>\n\n\n\n<figure class=\"wp-block-embed is-type-video is-provider-youtube wp-block-embed-youtube wp-embed-aspect-16-9 wp-has-aspect-ratio\"><div class=\"wp-block-embed__wrapper\">\n<iframe loading=\"lazy\" title=\"Vanier Elementary : Introduction\" width=\"640\" height=\"360\" src=\"https:\/\/www.youtube.com\/embed\/tD3gFFoZXw8?feature=oembed\" frameborder=\"0\" allow=\"accelerometer; autoplay; clipboard-write; encrypted-media; gyroscope; picture-in-picture; web-share\" allowfullscreen><\/iframe>\n<\/div><\/figure>\n\n\n\n<h2 class=\"has-cpsn-orange-color has-text-color\">Notre projet<\/h2>\n\n\n\n<p>Notre projet d&rsquo;apprentissage par le jeu vise \u00e0 faire tomber les barri\u00e8res pour les groupes marginalis\u00e9s tels que nos \u00e9l\u00e8ves de la communaut\u00e9 2SLGBTQIA+. Lorsque les \u00e9l\u00e8ves viennent \u00e0 l&rsquo;\u00e9cole avec la possibilit\u00e9 de cr\u00e9er sans jugement, un sentiment de fiert\u00e9, de libert\u00e9 et d&rsquo;acceptation s&rsquo;installe. Nous voulons donner \u00e0 nos \u00e9l\u00e8ves l&rsquo;occasion de prolonger leur jeu en \u00e9crivant et en enregistrant une chanson avec la superstar canadienne Kellie Loder, qui est \u00e9galement membre et d\u00e9fenseur de la communaut\u00e9 2SLGBTQIA+. Le th\u00e8me serait la diversit\u00e9, l&rsquo;inclusion et l&rsquo;acceptation. Nos objectifs sont d&rsquo;int\u00e9grer la technologie et de promouvoir la \u00ab\u00a0fabrication\u00a0\u00bb dans une communaut\u00e9 scolaire diversifi\u00e9e. Nous voulons encourager d&rsquo;autres enseignants \u00e0 s&rsquo;impliquer dans l&rsquo;utilisation de diverses technologies et \u00e0 engager les \u00e9l\u00e8ves dans l&rsquo;apprentissage par le jeu, un apprentissage continu et pertinent. Les \u00e9l\u00e8ves utiliseront ensuite leurs comp\u00e9tences en mati\u00e8re de cr\u00e9ation vid\u00e9o pour accompagner la chanson en utilisant WeVideo, ainsi que leur propre art vestimentaire en utilisant la technologie Cricut.<\/p>\n\n\n\n<p><strong>Parlez-nous de votre \u00e9quipe et de votre communaut\u00e9 scolaire.<\/strong><br>L&rsquo;\u00e9quipe de Vanier est compos\u00e9e de Tina Maloney (directrice de l&rsquo;\u00e9cole), Jillian Gallant (enseignante-biblioth\u00e9caire et enseignante-ressource), Alison Parrell (enseignante d&rsquo;anglais de 4e ann\u00e9e), et Ashleigh Hudson (enseignante d&rsquo;immersion fran\u00e7aise de 4e ann\u00e9e). Nous sommes une petite \u00e9cole d&rsquo;environ 280 \u00e9l\u00e8ves, situ\u00e9e \u00e0 St. John&rsquo;s, la capitale de Terre-Neuve-et-Labrador. John&rsquo;s, capitale de Terre-Neuve-et-Labrador. Nous sommes une \u00e9cole \u00e0 double voie de la maternelle \u00e0 la 6e ann\u00e9e &#8211; anglais et immersion fran\u00e7aise. En tant qu&rsquo;\u00e9cole urbaine, notre d\u00e9mographie est tr\u00e8s diversifi\u00e9e. Nous avons des \u00e9l\u00e8ves de Terre-Neuve-et-Labrador, mais nous avons \u00e9galement 23 autres pays et cultures repr\u00e9sent\u00e9s dans notre \u00e9cole, y compris une population importante de N\u00e9o-Canadiens en ALS. Notre communaut\u00e9 scolaire estime qu&rsquo;il est important de devenir une \u00e9cole verte utilisant l&rsquo;ext\u00e9rieur comme terrain de jeu pour l&rsquo;apprentissage. Nous utilisons des formes de technologie num\u00e9rique pour inciter les \u00e9l\u00e8ves \u00e0 apprendre de mani\u00e8re amusante et inclusive afin qu&rsquo;ils aiment venir \u00e0 l&rsquo;\u00e9cole dans un environnement accueillant o\u00f9 l&rsquo;apprentissage autonome par le jeu est un point central.<\/p>\n\n\n\n<p><strong>Parlez-nous de l&rsquo;importance de l&rsquo;apprentissage par le jeu pour votre \u00e9quipe et vos \u00e9l\u00e8ves.<\/strong><br>L&rsquo;apprentissage par le jeu est tr\u00e8s important en raison de son caract\u00e8re inclusif. Nous consid\u00e9rons le jeu comme un langage universel et nous voyons l&rsquo;importance de l&rsquo;apprentissage par l&rsquo;exp\u00e9rience. Notre vision est que, par le biais de la narration, de la chanson et de la cr\u00e9ation de vid\u00e9os (et par l&rsquo;int\u00e9gration de la technologie), nous faciliterons l&rsquo;acc\u00e8s de nos \u00e9l\u00e8ves \u00e0 un niveau inf\u00e9rieur \u00e0 un niveau sup\u00e9rieur. Nous avons un groupe d&rsquo;\u00e9tudiants tr\u00e8s diversifi\u00e9s qui parlent plusieurs langues et qui arrivent aussi avec une vari\u00e9t\u00e9 d&rsquo;exp\u00e9riences et d&rsquo;expertises. Notre exp\u00e9rience collective en tant qu&rsquo;enseignants nous a montr\u00e9 que ce projet apportera beaucoup de joie, de nouvelles comp\u00e9tences, une collaboration et une appr\u00e9ciation de tous les membres de notre communaut\u00e9 scolaire. Aucun enfant ne sera laiss\u00e9 de c\u00f4t\u00e9, alors que nous nous effor\u00e7ons de c\u00e9l\u00e9brer la culture, l&rsquo;expression individuelle et la diversit\u00e9 de chaque \u00e9l\u00e8ve.<\/p>\n\n\n\n<p><strong>Parlez-nous de votre int\u00e9r\u00eat \u00e0 rejoindre le R\u00e9seau canadien des \u00e9coles ludiques.<\/strong><br>Nous souhaitons nous joindre au RC\u00c9L afin d&rsquo;apprendre des autres communaut\u00e9s scolaires et de leurs divers groupes d&rsquo;enseignants et d&rsquo;\u00e9l\u00e8ves. C&rsquo;est passionnant d&rsquo;avoir cette opportunit\u00e9 d&rsquo;\u00e9largir et de partager des connaissances avec des enseignants et des \u00e9ducateurs \u00e0 travers le pays. En tant qu&rsquo;\u00e9quipe, nous avons beaucoup \u00e0 partager, avec notre connaissance de diverses technologies, de projets passionn\u00e9s, de Makerspace et d&rsquo;initiatives en plein air. Nous souhaitons \u00e9galement acqu\u00e9rir l&rsquo;expertise d&rsquo;autres \u00e9coles ludiques afin de pouvoir d\u00e9velopper et approfondir ces id\u00e9es avec les membres de notre \u00e9quipe et de notre communaut\u00e9 scolaire. Les s\u00e9ances d&rsquo;apprentissage avec un r\u00e9seau de professionnels seront enrichissantes et d&rsquo;un grand soutien. Il est rassurant de savoir qu&rsquo;une \u00e9quipe de personnes partageant les m\u00eames id\u00e9es est disponible pour discuter des id\u00e9es et offrir des suggestions. Au fur et \u00e0 mesure que notre objectif se d\u00e9veloppe, nous pensons que les \u00e9l\u00e8ves et le personnel de Vanier seront encourag\u00e9s \u00e0 apprendre en s&rsquo;amusant et en s&rsquo;amusant. Jouons !<\/p>\n\n\n\n<p><strong>Voici un aper\u00e7u de notre projet !<\/strong><\/p>\n\n\n\n<div class=\"wp-block-file\"><object class=\"wp-block-file__embed\" data=\"https:\/\/playjouer.ca\/wp-content\/uploads\/2024\/01\/Vanier-Elementary-CPSN-Showcase.pdf\" type=\"application\/pdf\" style=\"width:100%;height:600px\" aria-label=\"Contenu embarqu\u00e9 Vanier-Elementary-CPSN-Showcase.\"><\/object><a id=\"wp-block-file--media-e84525ac-357b-4aa4-ba38-86eef4f951c1\" href=\"https:\/\/playjouer.ca\/wp-content\/uploads\/2024\/01\/Vanier-Elementary-CPSN-Showcase.pdf\">Vanier-Elementary-CPSN-Showcase<\/a><a href=\"https:\/\/playjouer.ca\/wp-content\/uploads\/2024\/01\/Vanier-Elementary-CPSN-Showcase.pdf\" class=\"wp-block-file__button wp-element-button\" download aria-describedby=\"wp-block-file--media-e84525ac-357b-4aa4-ba38-86eef4f951c1\"><strong>Download<\/strong><\/a><\/div>\n\n\n\n<figure class=\"wp-block-embed is-type-video is-provider-youtube wp-block-embed-youtube wp-embed-aspect-16-9 wp-has-aspect-ratio\"><div class=\"wp-block-embed__wrapper\">\n<iframe loading=\"lazy\" title=\"Vanier Elementary - Showcase\" width=\"640\" height=\"360\" src=\"https:\/\/www.youtube.com\/embed\/5MNjSeiIBwE?feature=oembed\" frameborder=\"0\" allow=\"accelerometer; autoplay; clipboard-write; encrypted-media; gyroscope; picture-in-picture; web-share\" allowfullscreen><\/iframe>\n<\/div><\/figure>\n","protected":false},"excerpt":{"rendered":"<p>Introduction Notre projet Notre projet d&rsquo;apprentissage par le jeu vise \u00e0 faire tomber les barri\u00e8res pour les groupes marginalis\u00e9s tels que nos \u00e9l\u00e8ves de la communaut\u00e9 2SLGBTQIA+. Lorsque les \u00e9l\u00e8ves [&hellip;]<\/p>\n","protected":false},"author":1,"featured_media":0,"parent":861,"menu_order":0,"comment_status":"open","ping_status":"closed","template":"","meta":[],"acf":[],"_links":{"self":[{"href":"https:\/\/playjouer.ca\/fr\/wp-json\/wp\/v2\/pages\/1285"}],"collection":[{"href":"https:\/\/playjouer.ca\/fr\/wp-json\/wp\/v2\/pages"}],"about":[{"href":"https:\/\/playjouer.ca\/fr\/wp-json\/wp\/v2\/types\/page"}],"author":[{"embeddable":true,"href":"https:\/\/playjouer.ca\/fr\/wp-json\/wp\/v2\/users\/1"}],"replies":[{"embeddable":true,"href":"https:\/\/playjouer.ca\/fr\/wp-json\/wp\/v2\/comments?post=1285"}],"version-history":[{"count":4,"href":"https:\/\/playjouer.ca\/fr\/wp-json\/wp\/v2\/pages\/1285\/revisions"}],"predecessor-version":[{"id":4915,"href":"https:\/\/playjouer.ca\/fr\/wp-json\/wp\/v2\/pages\/1285\/revisions\/4915"}],"up":[{"embeddable":true,"href":"https:\/\/playjouer.ca\/fr\/wp-json\/wp\/v2\/pages\/861"}],"wp:attachment":[{"href":"https:\/\/playjouer.ca\/fr\/wp-json\/wp\/v2\/media?parent=1285"}],"curies":[{"name":"wp","href":"https:\/\/api.w.org\/{rel}","templated":true}]}}