{"id":1301,"date":"2022-10-30T00:16:13","date_gmt":"2022-10-30T04:16:13","guid":{"rendered":"https:\/\/playjouer.ca\/about-fr\/ecoles-participantes\/bath-community-school\/"},"modified":"2024-01-08T15:50:47","modified_gmt":"2024-01-08T20:50:47","slug":"bath-community-school","status":"publish","type":"page","link":"https:\/\/playjouer.ca\/fr\/restez-connecte-es\/soyez-inspire-es\/bath-community-school\/","title":{"rendered":"Bath Community School [EN]"},"content":{"rendered":"\n<h2 class=\"has-cpsn-orange-color has-text-color\">Introduction<\/h2>\n\n\n\n<figure class=\"wp-block-embed is-type-video is-provider-youtube wp-block-embed-youtube wp-embed-aspect-16-9 wp-has-aspect-ratio\"><div class=\"wp-block-embed__wrapper\">\n<iframe loading=\"lazy\" title=\"Bath Community School : Introduction\" width=\"640\" height=\"360\" src=\"https:\/\/www.youtube.com\/embed\/B4Fq5Aug2Mg?feature=oembed\" frameborder=\"0\" allow=\"accelerometer; autoplay; clipboard-write; encrypted-media; gyroscope; picture-in-picture\" allowfullscreen><\/iframe>\n<\/div><\/figure>\n\n\n\n<h2 class=\"has-cpsn-orange-color has-text-color\">Notre projet<\/h2>\n\n\n\n<p>Notre projet est bas\u00e9 sur des plans visant \u00e0 cr\u00e9er un syst\u00e8me de sentiers de randonn\u00e9e \u00e0 travers les bois derri\u00e8re notre \u00e9cole. L&rsquo;objectif ultime est de permettre \u00e0 nos \u00e9l\u00e8ves d&rsquo;apprendre tout en s&rsquo;adonnant \u00e0 des t\u00e2ches pratiques, principalement en plein air. Nous d\u00e9velopperons le syst\u00e8me de sentiers pour en faire un lieu utilis\u00e9 toute l&rsquo;ann\u00e9e par l&rsquo;\u00e9cole et la communaut\u00e9. Au fur et \u00e0 mesure que le sentier prendra forme, nous incorporerons de plus petits projets, permettant aux \u00e9l\u00e8ves d&rsquo;inclure des \u00e9l\u00e9ments bas\u00e9s sur leurs int\u00e9r\u00eats. Le r\u00e9sultat que nous esp\u00e9rons obtenir pour nos \u00e9l\u00e8ves est une am\u00e9lioration de la communication, de la collaboration, de la r\u00e9solution de probl\u00e8mes et de la pens\u00e9e critique. Nous nous attendons \u00e0 ce que les \u00e9l\u00e8ves fassent des choses telles que : rechercher des habitats, construire des structures, cr\u00e9er des promenades et des \u00e9v\u00e9nements \u00e0 th\u00e8me. Nous atteindrons nos objectifs en renfor\u00e7ant le respect de la nature, en recherchant des moyens cr\u00e9atifs d&rsquo;utiliser les \u00e9l\u00e9ments de la nature et en modifiant radicalement l&rsquo;environnement d&rsquo;apprentissage.<\/p>\n\n\n\n<figure class=\"wp-block-embed is-type-video is-provider-youtube wp-block-embed-youtube wp-embed-aspect-16-9 wp-has-aspect-ratio\"><div class=\"wp-block-embed__wrapper\">\n<iframe loading=\"lazy\" title=\"Bath Community School Trail June 2023 - CPSN Virtual Showcase\" width=\"640\" height=\"360\" src=\"https:\/\/www.youtube.com\/embed\/9ay5fZXF1jA?feature=oembed\" frameborder=\"0\" allow=\"accelerometer; autoplay; clipboard-write; encrypted-media; gyroscope; picture-in-picture; web-share\" allowfullscreen><\/iframe>\n<\/div><\/figure>\n\n\n\n<p><strong>Parlez-nous de votre \u00e9quipe et de votre communaut\u00e9 scolaire.<\/strong><br>Nous sommes de l&rsquo;\u00e9cole communautaire de Bath, une \u00e9cole rurale de la maternelle \u00e0 la 8e ann\u00e9e dans l&rsquo;ouest du Nouveau-Brunswick, avec une population d&rsquo;environ 130 \u00e9l\u00e8ves. Notre \u00e9quipe est compos\u00e9e de membres de l&rsquo;administration, d&rsquo;enseignants de l&rsquo;\u00e9cole interm\u00e9diaire et de l&rsquo;\u00e9cole primaire sup\u00e9rieure. Nous sommes une \u00e9quipe de collaboration, chacun apportant ses propres forces et int\u00e9r\u00eats au projet. Notre \u00e9cole croit au d\u00e9veloppement d&rsquo;\u00e9tudiants qui sont gentils, impliqu\u00e9s, fiables et s\u00fbrs. Nous essayons de les exposer \u00e0 de nouvelles exp\u00e9riences et de tirer le meilleur parti de ce que nous avons dans notre r\u00e9gion.<\/p>\n\n\n\n<p><strong>Parlez-nous de l&rsquo;importance de l&rsquo;apprentissage par le jeu pour votre \u00e9quipe et vos \u00e9l\u00e8ves.<\/strong><br>Nous reconnaissons l&rsquo;importance de l&rsquo;apprentissage par le jeu pour am\u00e9liorer l&rsquo;engagement et atteindre un plus grand nombre de nos \u00e9l\u00e8ves. Nous avons de nombreux apprenants pratiques dont les besoins ne sont pas satisfaits dans un environnement de classe traditionnel. Cette approche est importante, car nous pourrons donner aux \u00e9l\u00e8ves la possibilit\u00e9 de s&rsquo;exprimer et de choisir comment et ce qu&rsquo;ils apprennent, et ce qu&rsquo;ils font de ces connaissances. Nous aimerions \u00e9galement avoir un endroit o\u00f9 les familles peuvent venir et un lieu de repos pour s&rsquo;asseoir et \u00e9couter. Nous esp\u00e9rons que cela contribuera \u00e0 am\u00e9liorer les liens entre la maison et l&rsquo;\u00e9cole. Il est important que notre communaut\u00e9 scolaire soit fi\u00e8re de son travail et s&rsquo;approprie son apprentissage et son environnement.<\/p>\n\n\n\n<p><strong>Parlez-nous de votre int\u00e9r\u00eat \u00e0 rejoindre le R\u00e9seau canadien des \u00e9coles ludiques.<\/strong><br>Notre \u00e9quipe esp\u00e8re voir ce que la recherche montre sur le jeu chez les jeunes adolescents, et la corr\u00e9lation avec l&rsquo;apprentissage et le bien-\u00eatre g\u00e9n\u00e9ral. Nous sommes impatients de collaborer et d&rsquo;\u00e9changer des id\u00e9es avec d&rsquo;autres \u00e9quipes et d&rsquo;avoir le temps et l&rsquo;espace pour le faire. L&rsquo;orientation et la collaboration autour de nouvelles approches de l&rsquo;apprentissage sont passionnantes pour notre \u00e9quipe. Nous travaillons lentement \u00e0 cette approche de l&rsquo;apprentissage depuis plusieurs ann\u00e9es, et nous sommes ravis de l&rsquo;impulsion que le r\u00e9seau nous donne pour aller de l&rsquo;avant.<\/p>\n\n\n\n<p><strong>Plus sur le projet ci-dessous !<\/strong><\/p>\n\n\n\n<div class=\"wp-block-file\"><object class=\"wp-block-file__embed\" data=\"https:\/\/playjouer.ca\/wp-content\/uploads\/2024\/01\/Bath-Community-School-Highlights.pdf\" type=\"application\/pdf\" style=\"width:100%;height:600px\" aria-label=\"Contenu embarqu\u00e9 Bath-Community-School-Highlights.\"><\/object><a id=\"wp-block-file--media-e3e21de9-c854-44c6-ac28-7da9d87c7e94\" href=\"https:\/\/playjouer.ca\/wp-content\/uploads\/2024\/01\/Bath-Community-School-Highlights.pdf\">Bath-Community-School-Highlights<\/a><a href=\"https:\/\/playjouer.ca\/wp-content\/uploads\/2024\/01\/Bath-Community-School-Highlights.pdf\" class=\"wp-block-file__button wp-element-button\" download aria-describedby=\"wp-block-file--media-e3e21de9-c854-44c6-ac28-7da9d87c7e94\">Download<\/a><\/div>\n","protected":false},"excerpt":{"rendered":"<p>Introduction Notre projet Notre projet est bas\u00e9 sur des plans visant \u00e0 cr\u00e9er un syst\u00e8me de sentiers de randonn\u00e9e \u00e0 travers les bois derri\u00e8re notre \u00e9cole. L&rsquo;objectif ultime est de [&hellip;]<\/p>\n","protected":false},"author":1,"featured_media":0,"parent":861,"menu_order":0,"comment_status":"open","ping_status":"closed","template":"","meta":[],"acf":[],"_links":{"self":[{"href":"https:\/\/playjouer.ca\/fr\/wp-json\/wp\/v2\/pages\/1301"}],"collection":[{"href":"https:\/\/playjouer.ca\/fr\/wp-json\/wp\/v2\/pages"}],"about":[{"href":"https:\/\/playjouer.ca\/fr\/wp-json\/wp\/v2\/types\/page"}],"author":[{"embeddable":true,"href":"https:\/\/playjouer.ca\/fr\/wp-json\/wp\/v2\/users\/1"}],"replies":[{"embeddable":true,"href":"https:\/\/playjouer.ca\/fr\/wp-json\/wp\/v2\/comments?post=1301"}],"version-history":[{"count":5,"href":"https:\/\/playjouer.ca\/fr\/wp-json\/wp\/v2\/pages\/1301\/revisions"}],"predecessor-version":[{"id":5001,"href":"https:\/\/playjouer.ca\/fr\/wp-json\/wp\/v2\/pages\/1301\/revisions\/5001"}],"up":[{"embeddable":true,"href":"https:\/\/playjouer.ca\/fr\/wp-json\/wp\/v2\/pages\/861"}],"wp:attachment":[{"href":"https:\/\/playjouer.ca\/fr\/wp-json\/wp\/v2\/media?parent=1301"}],"curies":[{"name":"wp","href":"https:\/\/api.w.org\/{rel}","templated":true}]}}