{"id":1312,"date":"2022-10-30T00:16:13","date_gmt":"2022-10-30T04:16:13","guid":{"rendered":"https:\/\/playjouer.ca\/about-fr\/ecoles-participantes\/valmont-academy\/"},"modified":"2024-01-08T10:35:56","modified_gmt":"2024-01-08T15:35:56","slug":"valmont-academy","status":"publish","type":"page","link":"https:\/\/playjouer.ca\/fr\/restez-connecte-es\/soyez-inspire-es\/valmont-academy\/","title":{"rendered":"Valmont Academy [EN]"},"content":{"rendered":"\n<h2 class=\"has-cpsn-orange-color has-text-color\">Introduction<\/h2>\n\n\n\n<figure class=\"wp-block-embed is-type-video is-provider-youtube wp-block-embed-youtube wp-embed-aspect-16-9 wp-has-aspect-ratio\"><div class=\"wp-block-embed__wrapper\">\n<iframe loading=\"lazy\" title=\"Valmont Academy : Introduction\" width=\"640\" height=\"360\" src=\"https:\/\/www.youtube.com\/embed\/zK9bFlyYiG4?feature=oembed\" frameborder=\"0\" allow=\"accelerometer; autoplay; clipboard-write; encrypted-media; gyroscope; picture-in-picture; web-share\" allowfullscreen><\/iframe>\n<\/div><\/figure>\n\n\n\n<h2 class=\"has-cpsn-orange-color has-text-color\">Notre projet<\/h2>\n\n\n\n<p>Notre projet vise \u00e0 \u00e9tablir un lien avec notre communaut\u00e9 par le biais du jeu et de l&rsquo;apprentissage, que nous allons capturer sous la forme d&rsquo;une peinture murale dans notre \u00e9cole afin d&rsquo;incarner qui nous sommes et d&rsquo;o\u00f9 nous venons. \u00c0 l&rsquo;aide de mat\u00e9riaux naturels et r\u00e9utilis\u00e9s, et avec l&rsquo;aide d&rsquo;experts locaux et de l&rsquo;industrie, nous r\u00e9aliserons une peinture murale inspir\u00e9e de l&rsquo;artiste de Terre-Neuve-et-Labrador, Adam Young. Les \u00e9l\u00e8ves exploreront notre r\u00e9gion et trouveront des mat\u00e9riaux qui feront partie du projet, comme du bois flott\u00e9 et du verre de plage qui s&rsquo;est \u00e9chou\u00e9 sur notre magnifique littoral. Ils fabriqueront \u00e9galement des objets en travaillant avec l&rsquo;industrie locale, comme notre atelier de poterie de classe mondiale, examineront des min\u00e9raux avec une soci\u00e9t\u00e9 mini\u00e8re, concevront des bateaux avec des constructeurs et apprendront m\u00eame \u00e0 souder dans un atelier communautaire. Nous utiliserons les nombreux outils \u00e0 notre disposition, de la Glowforge de notre \u00e9cole \u00e0 nos imprimantes 3D. La v\u00e9ritable force de notre jeu r\u00e9side dans les exp\u00e9riences que nous allons vivre gr\u00e2ce \u00e0 la collaboration, la cr\u00e9ativit\u00e9 et l&rsquo;esprit critique. Nous sommes impatients de voir o\u00f9 cela nous m\u00e8nera.<\/p>\n\n\n\n<p>Timelapse du projet de murale :<\/p>\n\n\n\n<figure class=\"wp-block-embed is-type-video is-provider-youtube wp-block-embed-youtube wp-embed-aspect-16-9 wp-has-aspect-ratio\"><div class=\"wp-block-embed__wrapper\">\n<iframe loading=\"lazy\" title=\"Valmon Academy : Mural Project Timelapse\" width=\"640\" height=\"360\" src=\"https:\/\/www.youtube.com\/embed\/dyaq-VXxF84?feature=oembed\" frameborder=\"0\" allow=\"accelerometer; autoplay; clipboard-write; encrypted-media; gyroscope; picture-in-picture; web-share\" allowfullscreen><\/iframe>\n<\/div><\/figure>\n\n\n\n<p><strong>Parlez-nous de votre \u00e9quipe et de votre communaut\u00e9 scolaire.<\/strong><br>En tant que petite \u00e9cole K-12 de moins de 100 \u00e9l\u00e8ves, notre \u00e9cole est le c\u0153ur de notre communaut\u00e9. C&rsquo;est une source de grande fiert\u00e9 et nos \u00e9l\u00e8ves ont apport\u00e9 des contributions exceptionnelles au sein de la ville. La citoyennet\u00e9 et le caract\u00e8re sont des comp\u00e9tences essentielles que nous nous effor\u00e7ons d&rsquo;\u00e9tablir par le biais de nos nombreux partenariats d&rsquo;apprentissage. Pour la majorit\u00e9 de nos \u00e9l\u00e8ves, l&rsquo;\u00e9cole est le principal lieu de socialisation, de participation et de nouvelles possibilit\u00e9s d&rsquo;apprentissage. Nous nous effor\u00e7ons d&rsquo;offrir autant d&rsquo;opportunit\u00e9s que possible tout au long de l&rsquo;ann\u00e9e. Nos \u00e9l\u00e8ves sont les innovateurs de leurs propres exp\u00e9riences d&rsquo;apprentissage.<\/p>\n\n\n\n<p><strong>Parlez-nous de l&rsquo;importance de l&rsquo;apprentissage par le jeu pour votre \u00e9quipe et vos \u00e9l\u00e8ves.<\/strong><br>La curiosit\u00e9 est ce qui ouvre la voie \u00e0 la Valmont Academy. Nous avons l&rsquo;opportunit\u00e9 unique de nous concentrer sur les \u00e9l\u00e8ves en tant qu&rsquo;individus, en encourageant leurs int\u00e9r\u00eats et en leur donnant une voix dans leur apprentissage. Ce sont les passions uniques des \u00e9l\u00e8ves qui nous propulsent vers des avenirs innovants. Nos \u00e9l\u00e8ves ouvrent la voie en organisant des \u00e9v\u00e9nements communautaires comme notre classique d&rsquo;hiver annuel qui se d\u00e9roule derri\u00e8re notre \u00e9cole sur notre patinoire communautaire, qui est entretenue par des b\u00e9n\u00e9voles. Nous sommes riches en ressources \u00e0 Valmont. Avec notre d\u00e9coupeur laser Glowforge, nos imprimantes 3D et notre programme de robotique Lego League, qui a remport\u00e9 un prix provincial, nous maximisons les possibilit\u00e9s d&rsquo;apprentissage au-del\u00e0 de ce qui est possible dans une \u00e9cole rurale. Et ce n&rsquo;est pas seulement ce qui se passe dans notre b\u00e2timent qui nous rend sp\u00e9ciaux. Nous ne laissons jamais les quatre murs d&rsquo;une salle de classe interf\u00e9rer avec l&rsquo;apprentissage.<\/p>\n\n\n\n<p><strong>Parlez-nous de votre int\u00e9r\u00eat \u00e0 rejoindre le R\u00e9seau canadien des \u00e9coles ludiques.<\/strong><br>Comme nous sommes une petite \u00e9cole avec un petit personnel, il peut \u00eatre difficile d&rsquo;offrir autant de possibilit\u00e9s d&rsquo;apprentissage que nous le voudrions. Nos \u00e9l\u00e8ves sont oblig\u00e9s de s&rsquo;impliquer dans la communaut\u00e9 et de travailler avec les membres de notre communaut\u00e9. Cette opportunit\u00e9 nous permettra d&rsquo;am\u00e9liorer nos ressources disponibles, tout en nous donnant de nouvelles id\u00e9es sur ce dont nous sommes capables, en nous connectant avec d&rsquo;autres \u00e9coles et d&rsquo;autres \u00e9ducateurs. Ce projet devrait nous permettre d&rsquo;\u00e9largir nos horizons et d&rsquo;apprendre ce qui est possible en interagissant avec les autres, en relevant des d\u00e9fis uniques et en d\u00e9veloppant des solutions innovantes.<\/p>\n\n\n\n<p><strong>D\u00e9couvrez ce que nous avons accompli au cours de l&rsquo;ann\u00e9e 2022-2023 !<\/strong><\/p>\n\n\n\n<div class=\"is-layout-flex wp-container-3 wp-block-columns\">\n<div class=\"is-layout-flow wp-block-column\">\n<p>Un aper\u00e7u du processus de fabrication :<\/p>\n\n\n\n<figure class=\"wp-block-embed is-type-video is-provider-youtube wp-block-embed-youtube wp-embed-aspect-4-3 wp-has-aspect-ratio\"><div class=\"wp-block-embed__wrapper\">\n<iframe loading=\"lazy\" title=\"Valmont Academy - Mural Project Overview\" width=\"640\" height=\"360\" src=\"https:\/\/www.youtube.com\/embed\/6P-vjI6Xtcw?feature=oembed\" frameborder=\"0\" allow=\"accelerometer; autoplay; clipboard-write; encrypted-media; gyroscope; picture-in-picture; web-share\" allowfullscreen><\/iframe>\n<\/div><\/figure>\n<\/div>\n\n\n\n<div class=\"is-layout-flow wp-block-column\">\n<p>\u00c9coutez ce que nos \u00e9l\u00e8ves ont \u00e0 dire sur le projet :<\/p>\n\n\n\n<figure class=\"wp-block-embed is-type-video is-provider-youtube wp-block-embed-youtube wp-embed-aspect-4-3 wp-has-aspect-ratio\"><div class=\"wp-block-embed__wrapper\">\n<iframe loading=\"lazy\" title=\"Valmon Academy - Students Feedback\" width=\"640\" height=\"360\" src=\"https:\/\/www.youtube.com\/embed\/6OxPuDV7Ibc?feature=oembed\" frameborder=\"0\" allow=\"accelerometer; autoplay; clipboard-write; encrypted-media; gyroscope; picture-in-picture; web-share\" allowfullscreen><\/iframe>\n<\/div><\/figure>\n<\/div>\n<\/div>\n\n\n\n<p>Photos de la murale :<\/p>\n\n\n\n<figure class=\"is-layout-flex wp-block-gallery-4 wp-block-gallery has-nested-images columns-1\">\n<figure class=\"wp-block-image size-large is-style-default\"><img decoding=\"async\" loading=\"lazy\" width=\"1024\" height=\"941\" data-id=\"4916\"  src=\"https:\/\/playjouer.ca\/wp-content\/uploads\/2024\/01\/FzAlRrfWcAk6RoK-1024x941.jpg\" alt=\"\" class=\"wp-image-4916\" srcset=\"https:\/\/playjouer.ca\/wp-content\/uploads\/2024\/01\/FzAlRrfWcAk6RoK-1024x941.jpg 1024w, https:\/\/playjouer.ca\/wp-content\/uploads\/2024\/01\/FzAlRrfWcAk6RoK-300x276.jpg 300w, https:\/\/playjouer.ca\/wp-content\/uploads\/2024\/01\/FzAlRrfWcAk6RoK-768x706.jpg 768w, https:\/\/playjouer.ca\/wp-content\/uploads\/2024\/01\/FzAlRrfWcAk6RoK-1536x1412.jpg 1536w, https:\/\/playjouer.ca\/wp-content\/uploads\/2024\/01\/FzAlRrfWcAk6RoK.jpg 2048w\" sizes=\"(max-width: 1024px) 100vw, 1024px\" \/><\/figure>\n\n\n\n<figure class=\"wp-block-image size-large\"><img decoding=\"async\" loading=\"lazy\" width=\"1024\" height=\"653\" data-id=\"4919\"  src=\"https:\/\/playjouer.ca\/wp-content\/uploads\/2024\/01\/FzAlRrfWIAQt5XG-1024x653.jpg\" alt=\"\" class=\"wp-image-4919\" srcset=\"https:\/\/playjouer.ca\/wp-content\/uploads\/2024\/01\/FzAlRrfWIAQt5XG-1024x653.jpg 1024w, https:\/\/playjouer.ca\/wp-content\/uploads\/2024\/01\/FzAlRrfWIAQt5XG-300x191.jpg 300w, https:\/\/playjouer.ca\/wp-content\/uploads\/2024\/01\/FzAlRrfWIAQt5XG-768x490.jpg 768w, https:\/\/playjouer.ca\/wp-content\/uploads\/2024\/01\/FzAlRrfWIAQt5XG-1536x980.jpg 1536w, https:\/\/playjouer.ca\/wp-content\/uploads\/2024\/01\/FzAlRrfWIAQt5XG.jpg 2048w\" sizes=\"(max-width: 1024px) 100vw, 1024px\" \/><\/figure>\n\n\n\n<figure class=\"wp-block-image size-large\"><img decoding=\"async\" loading=\"lazy\" width=\"1024\" height=\"839\" data-id=\"4921\"  src=\"https:\/\/playjouer.ca\/wp-content\/uploads\/2024\/01\/FzAlRrfXoAEOAyL-1024x839.jpg\" alt=\"\" class=\"wp-image-4921\" srcset=\"https:\/\/playjouer.ca\/wp-content\/uploads\/2024\/01\/FzAlRrfXoAEOAyL-1024x839.jpg 1024w, https:\/\/playjouer.ca\/wp-content\/uploads\/2024\/01\/FzAlRrfXoAEOAyL-300x246.jpg 300w, https:\/\/playjouer.ca\/wp-content\/uploads\/2024\/01\/FzAlRrfXoAEOAyL-768x629.jpg 768w, https:\/\/playjouer.ca\/wp-content\/uploads\/2024\/01\/FzAlRrfXoAEOAyL-1536x1259.jpg 1536w, https:\/\/playjouer.ca\/wp-content\/uploads\/2024\/01\/FzAlRrfXoAEOAyL.jpg 2048w\" sizes=\"(max-width: 1024px) 100vw, 1024px\" \/><\/figure>\n<\/figure>\n","protected":false},"excerpt":{"rendered":"<p>Introduction Notre projet Notre projet vise \u00e0 \u00e9tablir un lien avec notre communaut\u00e9 par le biais du jeu et de l&rsquo;apprentissage, que nous allons capturer sous la forme d&rsquo;une peinture [&hellip;]<\/p>\n","protected":false},"author":1,"featured_media":0,"parent":861,"menu_order":0,"comment_status":"open","ping_status":"closed","template":"","meta":[],"acf":[],"_links":{"self":[{"href":"https:\/\/playjouer.ca\/fr\/wp-json\/wp\/v2\/pages\/1312"}],"collection":[{"href":"https:\/\/playjouer.ca\/fr\/wp-json\/wp\/v2\/pages"}],"about":[{"href":"https:\/\/playjouer.ca\/fr\/wp-json\/wp\/v2\/types\/page"}],"author":[{"embeddable":true,"href":"https:\/\/playjouer.ca\/fr\/wp-json\/wp\/v2\/users\/1"}],"replies":[{"embeddable":true,"href":"https:\/\/playjouer.ca\/fr\/wp-json\/wp\/v2\/comments?post=1312"}],"version-history":[{"count":5,"href":"https:\/\/playjouer.ca\/fr\/wp-json\/wp\/v2\/pages\/1312\/revisions"}],"predecessor-version":[{"id":4929,"href":"https:\/\/playjouer.ca\/fr\/wp-json\/wp\/v2\/pages\/1312\/revisions\/4929"}],"up":[{"embeddable":true,"href":"https:\/\/playjouer.ca\/fr\/wp-json\/wp\/v2\/pages\/861"}],"wp:attachment":[{"href":"https:\/\/playjouer.ca\/fr\/wp-json\/wp\/v2\/media?parent=1312"}],"curies":[{"name":"wp","href":"https:\/\/api.w.org\/{rel}","templated":true}]}}