{"id":1338,"date":"2022-10-30T00:16:13","date_gmt":"2022-10-30T04:16:13","guid":{"rendered":"https:\/\/playjouer.ca\/about-fr\/ecoles-participantes\/terry-fox-elementary\/"},"modified":"2024-01-08T14:03:03","modified_gmt":"2024-01-08T19:03:03","slug":"terry-fox-elementary","status":"publish","type":"page","link":"https:\/\/playjouer.ca\/fr\/restez-connecte-es\/soyez-inspire-es\/terry-fox-elementary\/","title":{"rendered":"Terry Fox Elementary [EN]"},"content":{"rendered":"\n<h2 class=\"has-cpsn-orange-color has-text-color\">Introduction<\/h2>\n\n\n\n<figure class=\"wp-block-embed is-type-video is-provider-youtube wp-block-embed-youtube wp-embed-aspect-16-9 wp-has-aspect-ratio\"><div class=\"wp-block-embed__wrapper\">\n<iframe loading=\"lazy\" title=\"Terry Fox Elementary : Introduction\" width=\"640\" height=\"360\" src=\"https:\/\/www.youtube.com\/embed\/tQTjVhEsWHc?feature=oembed\" frameborder=\"0\" allow=\"accelerometer; autoplay; clipboard-write; encrypted-media; gyroscope; picture-in-picture\" allowfullscreen><\/iframe>\n<\/div><\/figure>\n\n\n\n<h2 class=\"has-cpsn-orange-color has-text-color\">Notre projet<\/h2>\n\n\n\n<p>Nos projets ludiques seront un m\u00e9lange de nombreuses id\u00e9es diff\u00e9rentes. Nous voulons que nos \u00e9l\u00e8ves aient la possibilit\u00e9 de s&rsquo;exprimer et de choisir alors qu&rsquo;ils explorent l&rsquo;apprentissage par la pratique et l&rsquo;exp\u00e9rience. Nos objectifs sont de faire appel aux experts de la communaut\u00e9 dans notre r\u00e9gion pour am\u00e9liorer notre niveau de jeu. Le plein air jouera un r\u00f4le important dans le cadre de nos objectifs pluridisciplinaires et nous chercherons \u00e0 associer la technologie \u00e0 l&rsquo;art, au th\u00e9\u00e2tre, aux sciences, au calcul et \u00e0 l&rsquo;alphab\u00e9tisation. Nous esp\u00e9rons avoir des projets individuels, de petits groupes, de classes enti\u00e8res et d&rsquo;\u00e9coles enti\u00e8res. Il sera important de rester flexible, en renon\u00e7ant \u00e0 l&#8217;emploi du temps traditionnel de l&rsquo;\u00e9cole o\u00f9 les sujets sont cloisonn\u00e9s, ce qui permettra d&rsquo;accro\u00eetre l&rsquo;engagement.<\/p>\n\n\n\n<p><strong>Parlez-nous de votre \u00e9quipe et de votre communaut\u00e9 scolaire.<\/strong><br>L&rsquo;\u00e9quipe de notre \u00e9cole est compos\u00e9e de 5 enseignants d\u00e9butants ou en milieu de carri\u00e8re pour les classes 3 \u00e0 5 et d&rsquo;un directeur adjoint. L&rsquo;\u00e9quipe compte des enseignants principaux de fran\u00e7ais et d&rsquo;anglais et deux anciens experts en num\u00e9ratie, en apprentissage transversal et en apprentissage personnalis\u00e9 pour notre district. La population \u00e9tudiante de l&rsquo;\u00e9cole primaire Terry-Fox est compos\u00e9e d&rsquo;une vari\u00e9t\u00e9 d&rsquo;\u00e9tudiants en qu\u00eate d&rsquo;excellence et de r\u00e9ussite. Tous les \u00e9l\u00e8ves de la 3e \u00e0 la 5e ann\u00e9e seront impliqu\u00e9s dans les initiatives d&rsquo;apprentissage par le jeu de notre \u00e9quipe. Les \u00e9l\u00e8ves ayant des assistants d&rsquo;\u00e9ducation et des plans de comportement seront aussi impliqu\u00e9s que tous les autres \u00e9l\u00e8ves. Il est important que les \u00e9l\u00e8ves obtiennent des r\u00e9sultats par le biais de l&rsquo;enqu\u00eate et du jeu, de la pens\u00e9e conceptuelle et de projets passionn\u00e9s. Les projets et les programmes qui sont transversaux, pratiques et\/ou bas\u00e9s sur l&rsquo;enqu\u00eate o\u00f9 les \u00e9l\u00e8ves ont eu l&rsquo;occasion de choisir un sujet d&rsquo;apprentissage et de le pr\u00e9senter \u00e0 une communaut\u00e9 plus large.<\/p>\n\n\n\n<p><strong>Parlez-nous de l&rsquo;importance de l&rsquo;apprentissage par le jeu pour votre \u00e9quipe et vos \u00e9l\u00e8ves.<\/strong><br>Le jeu permet aux capacit\u00e9s et aux int\u00e9r\u00eats uniques de nos \u00e9l\u00e8ves de se manifester. Lorsque les \u00e9l\u00e8ves participent \u00e0 des jeux, nous constatons que l&rsquo;engagement et les r\u00e9sultats augmentent, car ils sont mieux pr\u00e9par\u00e9s \u00e0 apprendre. Cette approche est unique parce que notre environnement d&rsquo;apprentissage ne se limite pas \u00e0 quatre murs de classe. \u00c0 l&rsquo;\u00e9cole primaire Terry-Fox, il comprend le plein air, la communaut\u00e9 et les gens afin de s&rsquo;assurer que l&rsquo;apprentissage est authentique et applicable \u00e0 leur propre vie. L&rsquo;environnement agit comme le troisi\u00e8me enseignant. Nous valorisons \u00e9galement l&rsquo;enseignement des ODD et de la citoyennet\u00e9 climatique. Les apprenants assument la responsabilit\u00e9 de leurs projets et se sentent, \u00e0 leur tour, habilit\u00e9s \u00e0 r\u00e9aliser leur meilleur potentiel.<\/p>\n\n\n\n<p><strong>Parlez-nous de votre int\u00e9r\u00eat \u00e0 rejoindre le R\u00e9seau canadien des \u00e9coles ludiques.<\/strong><br>L&rsquo;\u00e9quipe de TFES \u00e9tait tr\u00e8s d\u00e9sireuse de rejoindre le RC\u00c9L parce que nous sommes conscients de la valeur que le jeu peut offrir \u00e0 chaque \u00e9l\u00e8ve. Nous aimerions faire partie du mouvement de sensibilisation en participant activement \u00e0 la p\u00e9dagogie soutenue par la recherche. Nous sommes int\u00e9ress\u00e9s \u00e0 conna\u00eetre les recherches les plus r\u00e9centes gr\u00e2ce \u00e0 vos possibilit\u00e9s d&rsquo;apprentissage professionnel et nous nous r\u00e9jouissons des possibilit\u00e9s de r\u00e9seautage qui nous sont offertes avec des \u00e9ducateurs partageant les m\u00eames id\u00e9es \u00e0 travers le Canada. Ces liens, ainsi que les ressources qui seront partag\u00e9es, nous aideront \u00e0 renforcer nos propres capacit\u00e9s alors que nous nous lan\u00e7ons t\u00eate baiss\u00e9e. Notre objectif est d&rsquo;\u00eatre des leaders dans les \u00e9coles ludiques et de partager avec d&rsquo;autres \u00e9ducateurs qui voient l&rsquo;int\u00e9r\u00eat de r\u00e9imaginer l&rsquo;\u00e9ducation. Nous avons la chance de savoir que les \u00e9l\u00e8ves de la cohorte de Terry Fox du deuxi\u00e8me cycle du primaire b\u00e9n\u00e9ficieront des retomb\u00e9es positives de notre partenariat avec le RC\u00c9L.<\/p>\n\n\n\n<p><strong>D\u00e9couvrez ce que nous avons accompli au cours de l&rsquo;ann\u00e9e 2022-2023 !<\/strong><\/p>\n\n\n\n<div class=\"wp-block-file\"><object class=\"wp-block-file__embed\" data=\"https:\/\/playjouer.ca\/wp-content\/uploads\/2024\/01\/Terry-Fox-Elementary-CPSN.pdf\" type=\"application\/pdf\" style=\"width:100%;height:600px\" aria-label=\"Contenu embarqu\u00e9 Terry-Fox-Elementary-CPSN.\"><\/object><a id=\"wp-block-file--media-b2175962-ab26-4242-81b9-ca3b3c47a08f\" href=\"https:\/\/playjouer.ca\/wp-content\/uploads\/2024\/01\/Terry-Fox-Elementary-CPSN.pdf\">Terry-Fox-Elementary-CPSN<\/a><a href=\"https:\/\/playjouer.ca\/wp-content\/uploads\/2024\/01\/Terry-Fox-Elementary-CPSN.pdf\" class=\"wp-block-file__button wp-element-button\" download aria-describedby=\"wp-block-file--media-b2175962-ab26-4242-81b9-ca3b3c47a08f\">Download<\/a><\/div>\n\n\n\n<figure class=\"wp-block-embed is-type-video is-provider-youtube wp-block-embed-youtube wp-embed-aspect-16-9 wp-has-aspect-ratio\"><div class=\"wp-block-embed__wrapper\">\n<iframe loading=\"lazy\" title=\"Ottawa Powerful Play\" width=\"640\" height=\"360\" src=\"https:\/\/www.youtube.com\/embed\/YvZTFQyAZu4?feature=oembed\" frameborder=\"0\" allow=\"accelerometer; autoplay; clipboard-write; encrypted-media; gyroscope; picture-in-picture; web-share\" allowfullscreen><\/iframe>\n<\/div><\/figure>\n","protected":false},"excerpt":{"rendered":"<p>Introduction Notre projet Nos projets ludiques seront un m\u00e9lange de nombreuses id\u00e9es diff\u00e9rentes. Nous voulons que nos \u00e9l\u00e8ves aient la possibilit\u00e9 de s&rsquo;exprimer et de choisir alors qu&rsquo;ils explorent l&rsquo;apprentissage [&hellip;]<\/p>\n","protected":false},"author":1,"featured_media":0,"parent":861,"menu_order":0,"comment_status":"open","ping_status":"closed","template":"","meta":[],"acf":[],"_links":{"self":[{"href":"https:\/\/playjouer.ca\/fr\/wp-json\/wp\/v2\/pages\/1338"}],"collection":[{"href":"https:\/\/playjouer.ca\/fr\/wp-json\/wp\/v2\/pages"}],"about":[{"href":"https:\/\/playjouer.ca\/fr\/wp-json\/wp\/v2\/types\/page"}],"author":[{"embeddable":true,"href":"https:\/\/playjouer.ca\/fr\/wp-json\/wp\/v2\/users\/1"}],"replies":[{"embeddable":true,"href":"https:\/\/playjouer.ca\/fr\/wp-json\/wp\/v2\/comments?post=1338"}],"version-history":[{"count":3,"href":"https:\/\/playjouer.ca\/fr\/wp-json\/wp\/v2\/pages\/1338\/revisions"}],"predecessor-version":[{"id":4969,"href":"https:\/\/playjouer.ca\/fr\/wp-json\/wp\/v2\/pages\/1338\/revisions\/4969"}],"up":[{"embeddable":true,"href":"https:\/\/playjouer.ca\/fr\/wp-json\/wp\/v2\/pages\/861"}],"wp:attachment":[{"href":"https:\/\/playjouer.ca\/fr\/wp-json\/wp\/v2\/media?parent=1338"}],"curies":[{"name":"wp","href":"https:\/\/api.w.org\/{rel}","templated":true}]}}