{"id":1353,"date":"2022-10-30T00:16:13","date_gmt":"2022-10-30T04:16:13","guid":{"rendered":"https:\/\/playjouer.ca\/about-fr\/ecoles-participantes\/pierre-elliott-trudeau-elementary\/"},"modified":"2024-01-08T13:46:46","modified_gmt":"2024-01-08T18:46:46","slug":"pierre-elliott-trudeau-elementary","status":"publish","type":"page","link":"https:\/\/playjouer.ca\/fr\/restez-connecte-es\/soyez-inspire-es\/pierre-elliott-trudeau-elementary\/","title":{"rendered":"Pierre Elliott Trudeau Elementary [EN]"},"content":{"rendered":"\n<h2 class=\"has-cpsn-orange-color has-text-color\">Introduction<\/h2>\n\n\n\n<figure class=\"wp-block-embed is-type-video is-provider-youtube wp-block-embed-youtube wp-embed-aspect-16-9 wp-has-aspect-ratio\"><div class=\"wp-block-embed__wrapper\">\n<iframe loading=\"lazy\" title=\"Pierre Elliott Trudeau Elementary : Introduction\" width=\"640\" height=\"360\" src=\"https:\/\/www.youtube.com\/embed\/nMpNk0s7yCo?feature=oembed\" frameborder=\"0\" allow=\"accelerometer; autoplay; clipboard-write; encrypted-media; gyroscope; picture-in-picture\" allowfullscreen><\/iframe>\n<\/div><\/figure>\n\n\n\n<h2 class=\"has-cpsn-orange-color has-text-color\">Notre projet<\/h2>\n\n\n\n<p>Le plan d&rsquo;action PETES pour son projet de jeu 2022\/2023 sera une version de \u00ab\u00a0Genius Hour\u00a0\u00bb. Le projet impliquera quatre classes finissantes (2 de notre programme d&rsquo;immersion fran\u00e7aise, et 2 de notre programme anglais). L&rsquo;objectif est d&rsquo;int\u00e9grer et d&rsquo;ancrer davantage nos approches ludiques de l&rsquo;enseignement et de l&rsquo;apprentissage dans l&rsquo;\u00e9thique et la culture g\u00e9n\u00e9rales de l&rsquo;\u00e9cole. Le projet consistera \u00e0 m\u00e9langer les \u00e9l\u00e8ves des quatre classes pour travailler sur des projets particuliers bas\u00e9s sur leurs int\u00e9r\u00eats mutuels afin d&rsquo;augmenter la motivation et l&rsquo;engagement. Les domaines d&rsquo;apprentissage ludiques seront les suivants : Des projets scientifiques, artistiques, d&rsquo;apprentissage en plein air et de nutrition, tels que la construction de purificateurs d&rsquo;air dans les classes, la collaboration avec des musiciens et des po\u00e8tes, la conception d&rsquo;un programme d&rsquo;\u00e9ducation en plein air et la mise en place d&rsquo;un programme de nutrition, de cuisine et d&rsquo;entreprenariat \u00e0 l&rsquo;\u00e9chelle de l&rsquo;\u00e9cole. Les \u00e9l\u00e8ves auront l&rsquo;autonomie n\u00e9cessaire pour explorer et cr\u00e9er en collaboration de nouvelles intentions d&rsquo;apprentissage et strat\u00e9gies d&rsquo;\u00e9valuation. Ces approches ludiques et amusantes de l&rsquo;enseignement et de l&rsquo;apprentissage devraient accro\u00eetre les niveaux d&rsquo;engagement des \u00e9l\u00e8ves, leur attachement au personnel et \u00e0 leurs camarades de classe, leur capacit\u00e9 \u00e0 travailler en \u00e9quipe, \u00e0 am\u00e9liorer leurs comp\u00e9tences en mati\u00e8re de leadership, leur confiance et leur motivation g\u00e9n\u00e9rale pour l&rsquo;apprentissage.<\/p>\n\n\n\n<div class=\"wp-block-file\"><object class=\"wp-block-file__embed\" data=\"https:\/\/playjouer.ca\/wp-content\/uploads\/2024\/01\/PETES-CPSN-Project.pdf\" type=\"application\/pdf\" style=\"width:100%;height:600px\" aria-label=\"Contenu embarqu\u00e9 PETES-CPSN-Project.\"><\/object><a id=\"wp-block-file--media-5711dc01-2775-4d8c-89e2-550ff12050ca\" href=\"https:\/\/playjouer.ca\/wp-content\/uploads\/2024\/01\/PETES-CPSN-Project.pdf\">PETES-CPSN-Project<\/a><a href=\"https:\/\/playjouer.ca\/wp-content\/uploads\/2024\/01\/PETES-CPSN-Project.pdf\" class=\"wp-block-file__button wp-element-button\" download aria-describedby=\"wp-block-file--media-5711dc01-2775-4d8c-89e2-550ff12050ca\">Download<\/a><\/div>\n","protected":false},"excerpt":{"rendered":"<p>Introduction Notre projet Le plan d&rsquo;action PETES pour son projet de jeu 2022\/2023 sera une version de \u00ab\u00a0Genius Hour\u00a0\u00bb. Le projet impliquera quatre classes finissantes (2 de notre programme d&rsquo;immersion [&hellip;]<\/p>\n","protected":false},"author":1,"featured_media":0,"parent":861,"menu_order":0,"comment_status":"open","ping_status":"closed","template":"","meta":[],"acf":[],"_links":{"self":[{"href":"https:\/\/playjouer.ca\/fr\/wp-json\/wp\/v2\/pages\/1353"}],"collection":[{"href":"https:\/\/playjouer.ca\/fr\/wp-json\/wp\/v2\/pages"}],"about":[{"href":"https:\/\/playjouer.ca\/fr\/wp-json\/wp\/v2\/types\/page"}],"author":[{"embeddable":true,"href":"https:\/\/playjouer.ca\/fr\/wp-json\/wp\/v2\/users\/1"}],"replies":[{"embeddable":true,"href":"https:\/\/playjouer.ca\/fr\/wp-json\/wp\/v2\/comments?post=1353"}],"version-history":[{"count":5,"href":"https:\/\/playjouer.ca\/fr\/wp-json\/wp\/v2\/pages\/1353\/revisions"}],"predecessor-version":[{"id":4956,"href":"https:\/\/playjouer.ca\/fr\/wp-json\/wp\/v2\/pages\/1353\/revisions\/4956"}],"up":[{"embeddable":true,"href":"https:\/\/playjouer.ca\/fr\/wp-json\/wp\/v2\/pages\/861"}],"wp:attachment":[{"href":"https:\/\/playjouer.ca\/fr\/wp-json\/wp\/v2\/media?parent=1353"}],"curies":[{"name":"wp","href":"https:\/\/api.w.org\/{rel}","templated":true}]}}