{"id":1357,"date":"2022-10-30T00:16:13","date_gmt":"2022-10-30T04:16:13","guid":{"rendered":"https:\/\/playjouer.ca\/about-fr\/ecoles-participantes\/mount-edward-elementary-school\/"},"modified":"2024-01-08T16:18:56","modified_gmt":"2024-01-08T21:18:56","slug":"mount-edward-elementary-school","status":"publish","type":"page","link":"https:\/\/playjouer.ca\/fr\/restez-connecte-es\/soyez-inspire-es\/mount-edward-elementary-school\/","title":{"rendered":"Mount Edward Elementary School [EN]"},"content":{"rendered":"\n<h2 class=\"has-cpsn-orange-color has-text-color\">Introduction<\/h2>\n\n\n\n<figure class=\"wp-block-embed is-type-video is-provider-youtube wp-block-embed-youtube wp-embed-aspect-16-9 wp-has-aspect-ratio\"><div class=\"wp-block-embed__wrapper\">\n<iframe loading=\"lazy\" title=\"Mount Edward Elementary School : Introduction\" width=\"640\" height=\"360\" src=\"https:\/\/www.youtube.com\/embed\/jzT4lRDlhu0?feature=oembed\" frameborder=\"0\" allow=\"accelerometer; autoplay; clipboard-write; encrypted-media; gyroscope; picture-in-picture\" allowfullscreen><\/iframe>\n<\/div><\/figure>\n\n\n\n<h2 class=\"has-cpsn-orange-color has-text-color\">Notre projet<\/h2>\n\n\n\n<p>Pour notre projet, nous voulons mettre en place et faire fonctionner l&rsquo;espace <em>Maker<\/em>\/Bricolo de notre \u00e9cole. Nous avons un espace incroyable avec tellement de potentiel, mais il fonctionne actuellement comme une salle de stockage. Il n&rsquo;a pas \u00e9t\u00e9 utilis\u00e9 depuis avant la pand\u00e9mie. Nous voulons que ce soit un espace accueillant o\u00f9 les \u00e9l\u00e8ves, les enseignants et les invit\u00e9s se sentent enthousiastes \u00e0 l&rsquo;id\u00e9e d&rsquo;apprendre par des moyens nouveaux et innovants. Elle offrira des points d&rsquo;entr\u00e9e plus accessibles \u00e0 l&rsquo;apprentissage et permettra aux \u00e9l\u00e8ves de trouver la r\u00e9ussite de diverses mani\u00e8res. Id\u00e9alement, la salle serait utilis\u00e9e comme un espace d&rsquo;apprentissage alternatif, un endroit o\u00f9 divers clubs pourraient fonctionner pendant l&rsquo;heure du d\u00e9jeuner, et une base d&rsquo;accueil pour tous les tr\u00e9sors d&rsquo;un Maker Space. Les mat\u00e9riaux et les ressources de l&rsquo;espace Maker seraient mobiles et pourraient \u00eatre utilis\u00e9s n&rsquo;importe o\u00f9 \u00e0 l&rsquo;int\u00e9rieur ou \u00e0 l&rsquo;ext\u00e9rieur de l&rsquo;\u00e9cole. Il encouragera l&rsquo;apprentissage par la collaboration et la r\u00e9solution de probl\u00e8mes.<\/p>\n\n\n\n<p><strong>Parlez-nous de votre \u00e9quipe et de votre communaut\u00e9 scolaire.<\/strong><br>Mount Edward est un quartier \u00e0 revenu moyen ou faible. C&rsquo;est un quartier de classe moyenne avec un m\u00e9lange de modes de vie traditionnels, biparentaux, monoparentaux, grands-parents\/parentaux, et de familles d&rsquo;accueil. La communaut\u00e9 scolaire est fi\u00e8re d&rsquo;\u00e9tablir des relations et d&rsquo;offrir une vari\u00e9t\u00e9 de possibilit\u00e9s d&rsquo;apprentissage aux \u00e9l\u00e8ves qui fr\u00e9quentent cette \u00e9cole. Notre \u00e9quipe apporte des exp\u00e9riences, des formations et des perspectives diff\u00e9rentes. Nous avons un objectif commun : la r\u00e9ussite et le bien-\u00eatre des \u00e9l\u00e8ves. Nous respectons l&rsquo;importance de l&rsquo;implication de la communaut\u00e9 et nous c\u00e9l\u00e9brons la diversit\u00e9 au sein de notre population \u00e9tudiante.<\/p>\n\n\n\n<p><strong>Parlez-nous de l&rsquo;importance de l&rsquo;apprentissage par le jeu pour votre \u00e9quipe et vos \u00e9l\u00e8ves.<\/strong><br>L&rsquo;apprentissage par le jeu fait participer les \u00e9l\u00e8ves et rend l&rsquo;apprentissage int\u00e9ressant. Il fait participer tous les types d&rsquo;apprenants dans les salles de classe et permet de s&rsquo;assurer que les besoins de tous les \u00e9l\u00e8ves sont satisfaits. Il peut \u00e9galement \u00eatre utilis\u00e9 pour rep\u00e9rer les points forts &#8211; en donnant aux enfants qui ne brillent pas normalement l&rsquo;occasion de briller ! Souvent, le jeu se perd dans les classes \u00e9l\u00e9mentaires sup\u00e9rieures parce qu&rsquo;il y a tellement de r\u00e9sultats \u00e0 couvrir. Au COVID, les salles de classe devaient \u00eatre tr\u00e8s traditionnelles, et la socialisation des \u00e9l\u00e8ves \u00e9tait r\u00e9duite au minimum. L&rsquo;apprentissage par le jeu peut renforcer cette socialisation et d&rsquo;autres comp\u00e9tences de vie transf\u00e9rables, comme la pers\u00e9v\u00e9rance et la r\u00e9silience, car les \u00e9l\u00e8ves collaborent et surmontent les probl\u00e8mes et les obstacles ensemble. L&rsquo;apprentissage par le jeu favorise la cr\u00e9ativit\u00e9, la libre circulation des id\u00e9es et les interactions naturelles.<\/p>\n\n\n\n<p><strong>Parlez-nous de votre int\u00e9r\u00eat \u00e0 rejoindre le R\u00e9seau canadien des \u00e9coles ludiques.<\/strong><br>Nous consid\u00e9rons que l&rsquo;opportunit\u00e9 de travailler avec d&rsquo;autres \u00e9coles et d&rsquo;apprendre des exp\u00e9riences des autres est inestimable. L&rsquo;\u00e9quipe souhaite tirer parti de l&rsquo;expertise et de la cr\u00e9ativit\u00e9 des autres \u00e9quipes, ainsi que des le\u00e7ons apprises par les autres, afin d&rsquo;\u00e9viter les erreurs du pass\u00e9. En identifiant et en se concentrant ensemble sur les objectifs, nous pouvons accomplir beaucoup plus !<\/p>\n\n\n\n<p><strong>D\u00e9couvrez comment nous utilisons la technologie pour jouer et apprendre !<\/strong><\/p>\n\n\n\n<div class=\"wp-block-file\"><object class=\"wp-block-file__embed\" data=\"https:\/\/playjouer.ca\/wp-content\/uploads\/2024\/01\/Mount-Edward-Tech-Learning-and-Play.pdf\" type=\"application\/pdf\" style=\"width:100%;height:600px\" aria-label=\"Contenu embarqu\u00e9 Mount-Edward-Tech-Learning-and-Play.\"><\/object><a id=\"wp-block-file--media-cf230f90-8cb5-4872-b736-97d5f41472d9\" href=\"https:\/\/playjouer.ca\/wp-content\/uploads\/2024\/01\/Mount-Edward-Tech-Learning-and-Play.pdf\">Mount-Edward-Tech-Learning-and-Play<\/a><a href=\"https:\/\/playjouer.ca\/wp-content\/uploads\/2024\/01\/Mount-Edward-Tech-Learning-and-Play.pdf\" class=\"wp-block-file__button wp-element-button\" download aria-describedby=\"wp-block-file--media-cf230f90-8cb5-4872-b736-97d5f41472d9\">Download<\/a><\/div>\n","protected":false},"excerpt":{"rendered":"<p>Introduction Notre projet Pour notre projet, nous voulons mettre en place et faire fonctionner l&rsquo;espace Maker\/Bricolo de notre \u00e9cole. Nous avons un espace incroyable avec tellement de potentiel, mais il [&hellip;]<\/p>\n","protected":false},"author":1,"featured_media":0,"parent":861,"menu_order":0,"comment_status":"open","ping_status":"closed","template":"","meta":[],"acf":[],"_links":{"self":[{"href":"https:\/\/playjouer.ca\/fr\/wp-json\/wp\/v2\/pages\/1357"}],"collection":[{"href":"https:\/\/playjouer.ca\/fr\/wp-json\/wp\/v2\/pages"}],"about":[{"href":"https:\/\/playjouer.ca\/fr\/wp-json\/wp\/v2\/types\/page"}],"author":[{"embeddable":true,"href":"https:\/\/playjouer.ca\/fr\/wp-json\/wp\/v2\/users\/1"}],"replies":[{"embeddable":true,"href":"https:\/\/playjouer.ca\/fr\/wp-json\/wp\/v2\/comments?post=1357"}],"version-history":[{"count":3,"href":"https:\/\/playjouer.ca\/fr\/wp-json\/wp\/v2\/pages\/1357\/revisions"}],"predecessor-version":[{"id":5029,"href":"https:\/\/playjouer.ca\/fr\/wp-json\/wp\/v2\/pages\/1357\/revisions\/5029"}],"up":[{"embeddable":true,"href":"https:\/\/playjouer.ca\/fr\/wp-json\/wp\/v2\/pages\/861"}],"wp:attachment":[{"href":"https:\/\/playjouer.ca\/fr\/wp-json\/wp\/v2\/media?parent=1357"}],"curies":[{"name":"wp","href":"https:\/\/api.w.org\/{rel}","templated":true}]}}