{"id":1362,"date":"2022-10-30T00:16:13","date_gmt":"2022-10-30T04:16:13","guid":{"rendered":"https:\/\/playjouer.ca\/about-fr\/ecoles-participantes\/redcliff-middle-school\/"},"modified":"2024-01-08T16:28:44","modified_gmt":"2024-01-08T21:28:44","slug":"redcliff-middle-school","status":"publish","type":"page","link":"https:\/\/playjouer.ca\/fr\/restez-connecte-es\/soyez-inspire-es\/redcliff-middle-school\/","title":{"rendered":"Redcliff Middle School [EN]"},"content":{"rendered":"\n<h2 class=\"has-cpsn-orange-color has-text-color\">Introduction<\/h2>\n\n\n\n<figure class=\"wp-block-embed is-type-video is-provider-youtube wp-block-embed-youtube wp-embed-aspect-16-9 wp-has-aspect-ratio\"><div class=\"wp-block-embed__wrapper\">\n<iframe loading=\"lazy\" title=\"Redcliff Middle School : Introduction\" width=\"640\" height=\"360\" src=\"https:\/\/www.youtube.com\/embed\/Gea6tkR-LQg?feature=oembed\" frameborder=\"0\" allow=\"accelerometer; autoplay; clipboard-write; encrypted-media; gyroscope; picture-in-picture\" allowfullscreen><\/iframe>\n<\/div><\/figure>\n\n\n\n<h2 class=\"has-cpsn-orange-color has-text-color\">Notre projet<\/h2>\n\n\n\n<p>Nous cherchons \u00e0 int\u00e9grer des pratiques indig\u00e8nes dans nos possibilit\u00e9s d&rsquo;apprentissage acad\u00e9mique, social et \u00e9motionnel. Gr\u00e2ce au concept mi&rsquo;kmaq de la vision \u00e0 deux yeux, nous cherchons \u00e0 accro\u00eetre l&rsquo;engagement et l&rsquo;inclusion de tous nos \u00e9l\u00e8ves et de notre personnel. Notre \u00e9cole explorera l&rsquo;apprentissage bas\u00e9 sur l&rsquo;enqu\u00eate par le biais du jeu, avec des concepts d&rsquo;exploratoires, de technologie et de mise en r\u00e9seau au premier plan.<\/p>\n\n\n\n<figure class=\"wp-block-embed is-type-video is-provider-youtube wp-block-embed-youtube wp-embed-aspect-4-3 wp-has-aspect-ratio\"><div class=\"wp-block-embed__wrapper\">\n<iframe loading=\"lazy\" title=\"Redcliff Middle School - CPSN Virtual Showcase\" width=\"640\" height=\"360\" src=\"https:\/\/www.youtube.com\/embed\/SpyP7hZ_YmI?feature=oembed\" frameborder=\"0\" allow=\"accelerometer; autoplay; clipboard-write; encrypted-media; gyroscope; picture-in-picture; web-share\" allowfullscreen><\/iframe>\n<\/div><\/figure>\n\n\n\n<p><strong>Parlez-nous de votre \u00e9quipe et de votre communaut\u00e9 scolaire.<\/strong><br>Notre \u00e9quipe et notre \u00e9cole sont collaboratives par nature. Nous nous concentrons sur les \u00e9l\u00e8ves et croyons qu&rsquo;il faut les rencontrer l\u00e0 o\u00f9 ils sont et non l\u00e0 o\u00f9 ils sont \u00ab\u00a0cens\u00e9s\u00a0\u00bb \u00eatre, que ce soit sur le plan scolaire ou social. Notre communaut\u00e9 scolaire compte un peu plus de 400 \u00e9l\u00e8ves et 30 enseignant.e.s aux niveaux 5, 6 et 7.<\/p>\n\n\n\n<p><strong>Parlez-nous de l&rsquo;importance de l&rsquo;apprentissage par le jeu pour votre \u00e9quipe et vos \u00e9l\u00e8ves.<\/strong><br>L&rsquo;\u00e9cole Redcliff a toujours \u00e9t\u00e9 une \u00e9cole o\u00f9 les \u00e9l\u00e8ves s&rsquo;engagent par le biais d&rsquo;activit\u00e9s pratiques, d&rsquo;explorations et de gamification des concepts. Pendant la pand\u00e9mie, les pr\u00e9cautions sanitaires de la Nouvelle-\u00c9cosse nous ont essentiellement fait repenser la mani\u00e8re d&rsquo;atteindre les \u00e9l\u00e8ves par le biais du monde virtuel d&rsquo;apprentissage ou par des pratiques de classe qui ne permettaient pas le partage de mat\u00e9riel ou qui ne permettaient pas aux \u00e9l\u00e8ves de travailler en groupe. Il a toujours \u00e9t\u00e9 \u00e9vident que l&rsquo;apprentissage par le jeu est plus engageant et plus significatif pour les \u00e9l\u00e8ves.<\/p>\n\n\n\n<p><strong>Parlez-nous de votre int\u00e9r\u00eat \u00e0 rejoindre le R\u00e9seau canadien des \u00e9coles ludiques.<\/strong><br>En tant qu&rsquo;apprenants tout au long de la vie, notre \u00e9quipe comprend la valeur de la collaboration, de l&rsquo;apprentissage professionnel et de la croissance. Nous pensons que le RC\u00c9L est un excellent moyen pour nous de poursuivre notre apprentissage par le jeu. Nous sommes impatients de cr\u00e9er des r\u00e9seaux et d&rsquo;apprendre avec d&rsquo;autres professionnels partageant les m\u00eames id\u00e9es.<\/p>\n\n\n\n<p><strong>Notre projet a \u00e9t\u00e9 soutenu par les ressources suivantes !<\/strong><\/p>\n\n\n\n<div class=\"wp-block-file\"><object class=\"wp-block-file__embed\" data=\"https:\/\/playjouer.ca\/wp-content\/uploads\/2024\/01\/Redcliff-Middle-School-The-Sensory-Path-and-The-Seven-Sacred-Teachings.pdf\" type=\"application\/pdf\" style=\"width:100%;height:600px\" aria-label=\"Contenu embarqu\u00e9 Redcliff-Middle-School-The-Sensory-Path-and-The-Seven-Sacred-Teachings.\"><\/object><a id=\"wp-block-file--media-2414231c-16d3-4d28-ba16-1d7d66b83408\" href=\"https:\/\/playjouer.ca\/wp-content\/uploads\/2024\/01\/Redcliff-Middle-School-The-Sensory-Path-and-The-Seven-Sacred-Teachings.pdf\">Redcliff-Middle-School-The-Sensory-Path-and-The-Seven-Sacred-Teachings<\/a><a href=\"https:\/\/playjouer.ca\/wp-content\/uploads\/2024\/01\/Redcliff-Middle-School-The-Sensory-Path-and-The-Seven-Sacred-Teachings.pdf\" class=\"wp-block-file__button wp-element-button\" download aria-describedby=\"wp-block-file--media-2414231c-16d3-4d28-ba16-1d7d66b83408\">Download<\/a><\/div>\n\n\n\n<div class=\"wp-block-file\"><object class=\"wp-block-file__embed\" data=\"https:\/\/playjouer.ca\/wp-content\/uploads\/2024\/01\/Redciff-Ottawa-Amanda-Reid.pdf\" type=\"application\/pdf\" style=\"width:100%;height:600px\" aria-label=\"Contenu embarqu\u00e9 Redciff-Ottawa-Amanda-Reid.\"><\/object><a id=\"wp-block-file--media-6b7518b4-9856-494f-bded-f86998eaf8bb\" href=\"https:\/\/playjouer.ca\/wp-content\/uploads\/2024\/01\/Redciff-Ottawa-Amanda-Reid.pdf\">Redciff-Ottawa-Amanda-Reid<\/a><a href=\"https:\/\/playjouer.ca\/wp-content\/uploads\/2024\/01\/Redciff-Ottawa-Amanda-Reid.pdf\" class=\"wp-block-file__button wp-element-button\" download aria-describedby=\"wp-block-file--media-6b7518b4-9856-494f-bded-f86998eaf8bb\">Download<\/a><\/div>\n","protected":false},"excerpt":{"rendered":"<p>Introduction Notre projet Nous cherchons \u00e0 int\u00e9grer des pratiques indig\u00e8nes dans nos possibilit\u00e9s d&rsquo;apprentissage acad\u00e9mique, social et \u00e9motionnel. Gr\u00e2ce au concept mi&rsquo;kmaq de la vision \u00e0 deux yeux, nous cherchons [&hellip;]<\/p>\n","protected":false},"author":1,"featured_media":0,"parent":861,"menu_order":0,"comment_status":"open","ping_status":"closed","template":"","meta":[],"acf":[],"_links":{"self":[{"href":"https:\/\/playjouer.ca\/fr\/wp-json\/wp\/v2\/pages\/1362"}],"collection":[{"href":"https:\/\/playjouer.ca\/fr\/wp-json\/wp\/v2\/pages"}],"about":[{"href":"https:\/\/playjouer.ca\/fr\/wp-json\/wp\/v2\/types\/page"}],"author":[{"embeddable":true,"href":"https:\/\/playjouer.ca\/fr\/wp-json\/wp\/v2\/users\/1"}],"replies":[{"embeddable":true,"href":"https:\/\/playjouer.ca\/fr\/wp-json\/wp\/v2\/comments?post=1362"}],"version-history":[{"count":3,"href":"https:\/\/playjouer.ca\/fr\/wp-json\/wp\/v2\/pages\/1362\/revisions"}],"predecessor-version":[{"id":5036,"href":"https:\/\/playjouer.ca\/fr\/wp-json\/wp\/v2\/pages\/1362\/revisions\/5036"}],"up":[{"embeddable":true,"href":"https:\/\/playjouer.ca\/fr\/wp-json\/wp\/v2\/pages\/861"}],"wp:attachment":[{"href":"https:\/\/playjouer.ca\/fr\/wp-json\/wp\/v2\/media?parent=1362"}],"curies":[{"name":"wp","href":"https:\/\/api.w.org\/{rel}","templated":true}]}}