{"id":1365,"date":"2022-10-30T00:16:13","date_gmt":"2022-10-30T04:16:13","guid":{"rendered":"https:\/\/playjouer.ca\/about-fr\/ecoles-participantes\/untitled-copy\/"},"modified":"2023-12-30T10:51:25","modified_gmt":"2023-12-30T15:51:25","slug":"babine-elementary-secondary-school","status":"publish","type":"page","link":"https:\/\/playjouer.ca\/fr\/restez-connecte-es\/soyez-inspire-es\/babine-elementary-secondary-school\/","title":{"rendered":"Babine Elementary Secondary School [EN]"},"content":{"rendered":"\n<h2 class=\"has-cpsn-orange-color has-text-color\">Notre projet<\/h2>\n\n\n\n<p>Nous esp\u00e9rons utiliser les composants UDL dans un projet de conception qui implique l&rsquo;utilisation de Lego. Nous esp\u00e9rons que le fait de se concentrer sur le d\u00e9veloppement des comp\u00e9tences de base de la Colombie-Britannique entra\u00eenera une sensibilisation accrue aux comp\u00e9tences acad\u00e9miques chez nos \u00e9l\u00e8ves. Nous esp\u00e9rons organiser un d\u00e9fi de conception. Tout d&rsquo;abord, nous avons l&rsquo;intention de nous concentrer sur le jeu exploratoire et exp\u00e9rientiel, puis les \u00e9l\u00e8ves d\u00e9velopperont d\u00e9lib\u00e9r\u00e9ment des plans, les pr\u00e9senteront \u00e0 un petit groupe et repr\u00e9senteront ensuite leur pens\u00e9e avec cr\u00e9ativit\u00e9 et originalit\u00e9. Notre objectif est d&rsquo;aider nos \u00e9l\u00e8ves \u00e0 comprendre le lien entre ce qu&rsquo;ils cr\u00e9ent et les connaissances qu&rsquo;ils d\u00e9tiennent et qui permettent \u00e0 la cr\u00e9ativit\u00e9 de se concr\u00e9tiser.<\/p>\n\n\n\n<p><strong>Parlez-nous de votre \u00e9quipe et de votre communaut\u00e9 scolaire.<\/strong><br>Nous sommes des \u00e9ducateurs et des \u00e9tudiants dans une communaut\u00e9 rurale \u00e9loign\u00e9e. C&rsquo;est l\u00e0 que nous vivons, et notre lieu influence qui nous sommes et comment nous interagissons dans le monde. Nous voulons connecter nos \u00e9l\u00e8ves au monde de toutes les mani\u00e8res possibles. Les \u00e9ducateurs croient aux possibilit\u00e9s que rec\u00e8le chacun de nos \u00e9l\u00e8ves. Notre \u00e9cole n&rsquo;a pas eu d&rsquo;\u00e9quipe compl\u00e8te d&rsquo;\u00e9ducateurs depuis un certain temps. Cela cr\u00e9e un environnement d&rsquo;apprentissage familial, dans lequel nous devons interagir et d\u00e9pendre les uns des autres. Les \u00e9ducateurs du b\u00e2timent veulent cr\u00e9er de nouvelles fa\u00e7ons d&rsquo;\u00eatre et d&rsquo;apprendre, les \u00e9l\u00e8ves s&rsquo;accrochent aux anciennes fa\u00e7ons d&rsquo;apprendre ou \u00e0 un manque d&rsquo;int\u00e9r\u00eat pour l&rsquo;apprentissage tout court. Les \u00e9ducateurs veulent ressentir la joie de marcher aux c\u00f4t\u00e9s d&rsquo;apprenants qui sont engag\u00e9s et participent pleinement. Nos \u00e9l\u00e8ves ont une voix, mais ils ne sont pas habitu\u00e9s \u00e0 ce qu&rsquo;elle soit entendue. Nous voulons que nos \u00e9l\u00e8ves s&rsquo;approprient leur apprentissage, qu&rsquo;ils soient fiers d&rsquo;eux-m\u00eames et de l&rsquo;endroit o\u00f9 ils vivent et apprennent. Il est important pour nous que nous fassions partie de notre communaut\u00e9 et que notre communaut\u00e9 fasse partie de nous.<\/p>\n\n\n\n<p><strong>Parlez-nous de l&rsquo;importance de l&rsquo;apprentissage par le jeu pour votre \u00e9quipe et vos \u00e9l\u00e8ves.<\/strong><br>Les \u00e9ducateurs estiment que les \u00e9l\u00e8ves ne s&rsquo;adonnent pas fr\u00e9quemment au jeu libre ou au jeu cr\u00e9atif et qu&rsquo;ils sont d\u00e9sempar\u00e9s lorsqu&rsquo;on leur demande de cr\u00e9er. En revanche, ils passent des heures interminables \u00e0 la maison sur des appareils de jeu compatibles avec Internet. Ces jeux favorisent un certain type de d\u00e9veloppement c\u00e9r\u00e9bral mais n&rsquo;encouragent pas la communication ou la collaboration &#8211; ils sont surtout de nature comp\u00e9titive. Et nos \u00e9l\u00e8ves refusent cat\u00e9goriquement de s&rsquo;engager dans un quelconque apprentissage acad\u00e9mique. Nous pensons que nous serons en mesure d&rsquo;encadrer et de guider les \u00e9l\u00e8ves pour qu&rsquo;ils d\u00e9veloppent un int\u00e9r\u00eat soutenu, une autor\u00e9gulation et une persistance par le biais d&rsquo;activit\u00e9s d&rsquo;apprentissage de type ludique. Nous savons que nous nous concentrerons sur le d\u00e9veloppement d&rsquo;un vocabulaire sp\u00e9cifique qui permettra \u00e0 nos \u00e9l\u00e8ves de d\u00e9crire leurs strat\u00e9gies, de mettre en \u00e9vidence des mod\u00e8les, d&rsquo;expliquer leurs grandes id\u00e9es et d&rsquo;aider les autres \u00e0 visualiser les projets termin\u00e9s. Nous esp\u00e9rons que le niveau d&rsquo;engagement aidera nos \u00e9l\u00e8ves \u00e0 comprendre ce qu&rsquo;est l&rsquo;apprentissage et ce qu&rsquo;est la r\u00e9ussite.<\/p>\n\n\n\n<p><strong>Parlez-nous de votre int\u00e9r\u00eat \u00e0 rejoindre le R\u00e9seau canadien des \u00e9coles ludiques.<\/strong><br>Nous esp\u00e9rons sinc\u00e8rement \u00e9tablir des liens avec de nombreuses autres \u00e9coles, tant rurales qu&rsquo;urbaines, qui r\u00e9pondent aux m\u00eames besoins des \u00e9l\u00e8ves. Nous esp\u00e9rons que nos \u00e9l\u00e8ves pourront entrer en contact avec d&rsquo;autres \u00e9l\u00e8ves, avoir des discussions et partager leurs projets ainsi que ceux des adultes. Nous esp\u00e9rons d\u00e9velopper chez nos \u00e9l\u00e8ves des qualit\u00e9s de leadership fond\u00e9es sur la compassion, gr\u00e2ce \u00e0 cette possibilit\u00e9 d&rsquo;\u00eatre des leaders \u00e0 la fois dans leur communaut\u00e9 scolaire et dans un r\u00e9seau plus large. Les \u00e9ducateurs nous tendent la main &#8211; nous ne savons pas quel sera le r\u00e9sultat final. Nous connaissons bien la spirale de l&rsquo;enqu\u00eate et, comme toute bonne question d&rsquo;enqu\u00eate, nous ne connaissons pas nos r\u00e9ponses, mais nous sommes pr\u00eats \u00e0 donner l&rsquo;exemple en explorant et en exp\u00e9rimentant de nouvelles voies aux c\u00f4t\u00e9s de nos apprenants.<\/p>\n\n\n\n<h2 class=\"has-cpsn-orange-color has-text-color\">Apprenez-en plus ci-dessous !<\/h2>\n\n\n\n<div class=\"wp-block-file\"><object class=\"wp-block-file__embed\" data=\"https:\/\/playjouer.ca\/wp-content\/uploads\/2023\/12\/Babine-CPSN-Spotlight-1.pdf\" type=\"application\/pdf\" style=\"width:100%;height:600px\" aria-label=\"Contenu embarqu\u00e9 Babine Spotlight (PDF).\"><\/object><a id=\"wp-block-file--media-dd386fc7-a538-4c30-8088-2060fd135642\" href=\"https:\/\/playjouer.ca\/wp-content\/uploads\/2023\/12\/Babine-CPSN-Spotlight-1.pdf\">Babine Spotlight (PDF)<\/a><\/div>\n\n\n\n<p>Vous pouvez \u00e9galement t\u00e9l\u00e9charger le fichier PowerPoint qui contient un enregistrement audio suppl\u00e9mentaire de la pr\u00e9sentation !<\/p>\n\n\n\n<div class=\"is-content-justification-center is-layout-flex wp-container-1 wp-block-buttons\">\n<div class=\"wp-block-button has-custom-width wp-block-button__width-100 has-custom-font-size is-style-outline has-medium-font-size\"><a class=\"wp-block-button__link has-cpsn-orange-color has-cpsn-white-background-color has-text-color has-background wp-element-button\" href=\"https:\/\/playjouer.ca\/wp-content\/uploads\/2023\/12\/Babine-CPSN-Spotlight-1.pptx\">Vitrine Babine (PPT) &#8211; T\u00e9l\u00e9charger<\/a><\/div>\n<\/div>\n","protected":false},"excerpt":{"rendered":"<p>Notre projet Nous esp\u00e9rons utiliser les composants UDL dans un projet de conception qui implique l&rsquo;utilisation de Lego. Nous esp\u00e9rons que le fait de se concentrer sur le d\u00e9veloppement des [&hellip;]<\/p>\n","protected":false},"author":1,"featured_media":0,"parent":861,"menu_order":0,"comment_status":"open","ping_status":"closed","template":"","meta":[],"acf":[],"_links":{"self":[{"href":"https:\/\/playjouer.ca\/fr\/wp-json\/wp\/v2\/pages\/1365"}],"collection":[{"href":"https:\/\/playjouer.ca\/fr\/wp-json\/wp\/v2\/pages"}],"about":[{"href":"https:\/\/playjouer.ca\/fr\/wp-json\/wp\/v2\/types\/page"}],"author":[{"embeddable":true,"href":"https:\/\/playjouer.ca\/fr\/wp-json\/wp\/v2\/users\/1"}],"replies":[{"embeddable":true,"href":"https:\/\/playjouer.ca\/fr\/wp-json\/wp\/v2\/comments?post=1365"}],"version-history":[{"count":4,"href":"https:\/\/playjouer.ca\/fr\/wp-json\/wp\/v2\/pages\/1365\/revisions"}],"predecessor-version":[{"id":4823,"href":"https:\/\/playjouer.ca\/fr\/wp-json\/wp\/v2\/pages\/1365\/revisions\/4823"}],"up":[{"embeddable":true,"href":"https:\/\/playjouer.ca\/fr\/wp-json\/wp\/v2\/pages\/861"}],"wp:attachment":[{"href":"https:\/\/playjouer.ca\/fr\/wp-json\/wp\/v2\/media?parent=1365"}],"curies":[{"name":"wp","href":"https:\/\/api.w.org\/{rel}","templated":true}]}}