{"id":1591,"date":"2022-12-07T08:40:15","date_gmt":"2022-12-07T13:40:15","guid":{"rendered":"https:\/\/playjouer.ca\/?page_id=1591"},"modified":"2024-01-08T16:59:57","modified_gmt":"2024-01-08T21:59:57","slug":"ecole-elementaire-publique-mamawi","status":"publish","type":"page","link":"https:\/\/playjouer.ca\/fr\/restez-connecte-es\/soyez-inspire-es\/ecole-elementaire-publique-mamawi\/","title":{"rendered":"\u00c9cole \u00e9l\u00e9mentaire publique Mamawi"},"content":{"rendered":"\n<h2 class=\"has-cpsn-orange-color has-text-color\">Notre projet<\/h2>\n\n\n\n<p>\u00c0 l\u2019\u00e9cole \u00e9l\u00e9mentaire publique Mamawi, l\u2019\u00e9quipe p\u00e9dagogique est guid\u00e9e par les principes de Reggio Emilia.&nbsp; Le jeu libre \u00e9tant au c\u0153ur de cette approche, nous offrons aux \u00e9l\u00e8ves des sessions de l\u2019\u00e9cole de la nature au moins une fois par semaine. Pendant la session de 90 minutes, nous observons et entendons les \u00e9l\u00e8ves se questionner, \u00e9mettre des hypoth\u00e8ses et tenter de r\u00e9soudre des probl\u00e8mes authentiques. En utilisant la documentation p\u00e9dagogique, l\u2019\u00e9quipe peut ensuite se rencontrer pour r\u00e9fl\u00e9chir \u00e0 la planification \u00e9mergente et proposer aux \u00e9l\u00e8ves des exp\u00e9riences, des enqu\u00eates et\/ou des projets personnels. Pour l\u2019ann\u00e9e scolaire 2022-2023, nous croyons que l\u2019ajout du jeu bricolo et techno dans les enqu\u00eates permettra \u00e0 nos \u00e9l\u00e8ves d\u2019utiliser tous leurs sens et leur capacit\u00e9 de raisonnement dans une exp\u00e9rience p\u00e9dagogique li\u00e9e \u00e0 une situation r\u00e9elle.<\/p>\n\n\n\n<p><strong>Parlez-nous de votre \u00e9quipe et de votre communaut\u00e9 scolaire.<\/strong><br>L\u2019\u00e9quipe p\u00e9dagogique poss\u00e8de des exp\u00e9riences, des perspectives et des points de vue diff\u00e9rents. Lorsque nous r\u00e9fl\u00e9chissons et questionnons ensemble, ces diff\u00e9rences favorisent une r\u00e9flexion profonde. La cr\u00e9ativit\u00e9 de l\u2019\u00e9quipe est ainsi fortement stimul\u00e9e et sa capacit\u00e9 d&rsquo;innovation est mise de l\u2019avant. En 2019 et en 2022, la formation offerte par L&rsquo;alliance Enfant et Nature du Canada a \u00e9t\u00e9 offerte \u00e0 12 membres du personnel de l\u2019\u00e9cole. En ce qui concerne notre population scolaire, elle se distingue par sa diversit\u00e9 sociale, raciale, culturelle, linguistique, \u00e9conomique et religieuse. Deux tiers de nos \u00e9l\u00e8ves sont issus de familles immigrantes. Ces \u00e9l\u00e8ves d\u2019horizons divers et vari\u00e9s enrichissent et permettent d&rsquo;inclure diff\u00e9rentes perspectives lors des cercles de connaissances et des cercles de la parole.&nbsp;<\/p>\n\n\n\n<p><strong>Parlez-nous de l&rsquo;importance de l&rsquo;apprentissage par le jeu pour votre \u00e9quipe et vos \u00e9l\u00e8ves.<\/strong><br>Avec les sessions de l&rsquo;\u00e9cole de la nature, l&rsquo;apprentissage par enqu\u00eate et le curriculum \u00e9mergent, nous pouvons observer nos \u00e9l\u00e8ves en tant qu&rsquo;acteurs de leur \u00e9ducation.&nbsp; Par la documentation, nous pouvons rendre la pens\u00e9e visible de nos \u00e9l\u00e8ves et valoriser leurs savoir, savoir-faire et savoir-\u00eatre.&nbsp; Pour cette raison, notre \u00e9cole se veut un lieu pour les accompagner, les guider et les inspirer afin d\u2019assurer leur d\u00e9veloppement holistique. Ce respect et cette appr\u00e9ciation des diff\u00e9rences permettent aussi aux \u00e9l\u00e8ves et \u00e0 l\u2019ensemble de la communaut\u00e9 scolaire de se sentir les bienvenus en tout temps.<\/p>\n\n\n\n<p><strong>Parlez-nous de votre int\u00e9r\u00eat \u00e0 rejoindre le R\u00e9seau canadien des \u00e9coles ludiques.<\/strong><br>Nous souhaitons d\u00e9velopper une culture collaborative avec les autres \u00e9coles du r\u00e9seau pour r\u00e9pondre aux questions suivantes:&nbsp; Est-ce que la p\u00e9dagogie \u00e9mergente et le jeu libre permettent l&rsquo;acquisition d&rsquo;une autre langue?&nbsp; Comment implanter une culture de jeu dans une \u00e9cole publique de la maternelle \u00e0 la 6e ann\u00e9e? Quels outils pourrions-nous utiliser pour documenter le d\u00e9veloppement holistique de l&rsquo;enfant?&nbsp; Comment les int\u00e9r\u00eats et les questions des \u00e9l\u00e8ves permettent-ils \u00e0 l&rsquo;\u00e9quipe p\u00e9dagogique de proposer des sessions de jeu pour explorer diff\u00e9rentes pi\u00e8ces d\u00e9tach\u00e9es.<\/p>\n\n\n\n<p><strong>D\u00e9couvrez ce que nous avons accompli au cours de l&rsquo;ann\u00e9e 2022-2023 !<\/strong><\/p>\n\n\n\n<div class=\"wp-block-file\"><object class=\"wp-block-file__embed\" data=\"https:\/\/playjouer.ca\/wp-content\/uploads\/2024\/01\/Mamawi-Virtual-Showcase-1.pdf\" type=\"application\/pdf\" style=\"width:100%;height:600px\" aria-label=\"Contenu embarqu\u00e9 Mamawi-Virtual-Showcase-1.\"><\/object><a id=\"wp-block-file--media-5ac4e049-c3bc-4208-847a-e295813dbb2b\" href=\"https:\/\/playjouer.ca\/wp-content\/uploads\/2024\/01\/Mamawi-Virtual-Showcase-1.pdf\">Mamawi-Virtual-Showcase-1<\/a><a href=\"https:\/\/playjouer.ca\/wp-content\/uploads\/2024\/01\/Mamawi-Virtual-Showcase-1.pdf\" class=\"wp-block-file__button wp-element-button\" download aria-describedby=\"wp-block-file--media-5ac4e049-c3bc-4208-847a-e295813dbb2b\">Download<\/a><\/div>\n\n\n\n<div class=\"wp-block-file\"><object class=\"wp-block-file__embed\" data=\"https:\/\/playjouer.ca\/wp-content\/uploads\/2024\/01\/Mamawi-Virtual-Showcase-2.pdf\" type=\"application\/pdf\" style=\"width:100%;height:600px\" aria-label=\"Contenu embarqu\u00e9 Mamawi-Virtual-Showcase-2.\"><\/object><a id=\"wp-block-file--media-fd98b27b-0e0d-492f-998c-73901c345323\" href=\"https:\/\/playjouer.ca\/wp-content\/uploads\/2024\/01\/Mamawi-Virtual-Showcase-2.pdf\">Mamawi-Virtual-Showcase-2<\/a><a href=\"https:\/\/playjouer.ca\/wp-content\/uploads\/2024\/01\/Mamawi-Virtual-Showcase-2.pdf\" class=\"wp-block-file__button wp-element-button\" download aria-describedby=\"wp-block-file--media-fd98b27b-0e0d-492f-998c-73901c345323\">Download<\/a><\/div>\n\n\n\n<div class=\"wp-block-file\"><object class=\"wp-block-file__embed\" data=\"https:\/\/playjouer.ca\/wp-content\/uploads\/2024\/01\/Mamawi-Virtual-Showcase-3.pdf\" type=\"application\/pdf\" style=\"width:100%;height:600px\" aria-label=\"Contenu embarqu\u00e9 Mamawi-Virtual-Showcase-3.\"><\/object><a id=\"wp-block-file--media-a7f7898e-037c-47f0-bafb-092f49c02e22\" href=\"https:\/\/playjouer.ca\/wp-content\/uploads\/2024\/01\/Mamawi-Virtual-Showcase-3.pdf\">Mamawi-Virtual-Showcase-3<\/a><a href=\"https:\/\/playjouer.ca\/wp-content\/uploads\/2024\/01\/Mamawi-Virtual-Showcase-3.pdf\" class=\"wp-block-file__button wp-element-button\" download aria-describedby=\"wp-block-file--media-a7f7898e-037c-47f0-bafb-092f49c02e22\">Download<\/a><\/div>\n","protected":false},"excerpt":{"rendered":"<p>Notre projet \u00c0 l\u2019\u00e9cole \u00e9l\u00e9mentaire publique Mamawi, l\u2019\u00e9quipe p\u00e9dagogique est guid\u00e9e par les principes de Reggio Emilia.&nbsp; Le jeu libre \u00e9tant au c\u0153ur de cette approche, nous offrons aux \u00e9l\u00e8ves [&hellip;]<\/p>\n","protected":false},"author":2,"featured_media":0,"parent":861,"menu_order":0,"comment_status":"closed","ping_status":"closed","template":"","meta":[],"acf":[],"_links":{"self":[{"href":"https:\/\/playjouer.ca\/fr\/wp-json\/wp\/v2\/pages\/1591"}],"collection":[{"href":"https:\/\/playjouer.ca\/fr\/wp-json\/wp\/v2\/pages"}],"about":[{"href":"https:\/\/playjouer.ca\/fr\/wp-json\/wp\/v2\/types\/page"}],"author":[{"embeddable":true,"href":"https:\/\/playjouer.ca\/fr\/wp-json\/wp\/v2\/users\/2"}],"replies":[{"embeddable":true,"href":"https:\/\/playjouer.ca\/fr\/wp-json\/wp\/v2\/comments?post=1591"}],"version-history":[{"count":3,"href":"https:\/\/playjouer.ca\/fr\/wp-json\/wp\/v2\/pages\/1591\/revisions"}],"predecessor-version":[{"id":5084,"href":"https:\/\/playjouer.ca\/fr\/wp-json\/wp\/v2\/pages\/1591\/revisions\/5084"}],"up":[{"embeddable":true,"href":"https:\/\/playjouer.ca\/fr\/wp-json\/wp\/v2\/pages\/861"}],"wp:attachment":[{"href":"https:\/\/playjouer.ca\/fr\/wp-json\/wp\/v2\/media?parent=1591"}],"curies":[{"name":"wp","href":"https:\/\/api.w.org\/{rel}","templated":true}]}}