{"id":2368,"date":"2023-02-23T08:57:56","date_gmt":"2023-02-23T13:57:56","guid":{"rendered":"https:\/\/playjouer.ca\/rejoignez-nous\/cpsn-partners\/"},"modified":"2023-06-01T10:44:40","modified_gmt":"2023-06-01T14:44:40","slug":"partenaires-rcel","status":"publish","type":"page","link":"https:\/\/playjouer.ca\/fr\/restez-connecte-es\/partenaires-rcel\/","title":{"rendered":"Partenaires"},"content":{"rendered":"\n<p>Le RC\u00c9L est fier de collaborer avec les partenaires suivants. Nous leur sommes reconnaissants de leurs contributions et de leur g\u00e9n\u00e9reux soutien.<\/p>\n\n\n\n<p><strong>Vous aimerez collaborer avec nous?<\/strong><br>Pour les demandes de renseignements concernant les partenaires, veuillez nous \u00e9crire \u00e0 <a rel=\"noreferrer noopener\" href=\"mailto:playjouer@uottawa.ca\" target=\"_blank\">playjouer@uottawa.ca<\/a> !<\/p>\n\n\n\n<h2 class=\"has-cpsn-orange-color has-text-color\">Sponsors<\/h2>\n\n\n\n<div class=\"is-layout-flex wp-container-4 wp-block-columns\">\n<div class=\"is-layout-flow wp-block-column\"><div class=\"wp-block-image is-style-default\">\n<figure class=\"aligncenter size-large\"><a href=\"https:\/\/learningthroughplay.com\/\" target=\"_blank\" rel=\"noreferrer noopener\"><img decoding=\"async\" loading=\"lazy\" width=\"1024\" height=\"478\" src=\"https:\/\/playjouer.ca\/wp-content\/uploads\/2023\/04\/LegoWebsite-1-1024x478.png\" alt=\"The LEGO Foundation Logo\" class=\"wp-image-2730\" srcset=\"https:\/\/playjouer.ca\/wp-content\/uploads\/2023\/04\/LegoWebsite-1-1024x478.png 1024w, https:\/\/playjouer.ca\/wp-content\/uploads\/2023\/04\/LegoWebsite-1-300x140.png 300w, https:\/\/playjouer.ca\/wp-content\/uploads\/2023\/04\/LegoWebsite-1-768x358.png 768w, https:\/\/playjouer.ca\/wp-content\/uploads\/2023\/04\/LegoWebsite-1.png 1200w\" sizes=\"(max-width: 1024px) 100vw, 1024px\" \/><\/a><\/figure><\/div>\n\n\n<p class=\"has-text-align-center\">La LEGO Foundation collabore avec le personnel \u00e9ducatif, de recherche et soignant, et les organismes \u00e0 but non lucratif et d&rsquo;autres organisations afin de donner aux enfants la possibilit\u00e9 d&rsquo;apprendre par le jeu.<\/p>\n<\/div>\n\n\n\n<div class=\"is-layout-flow wp-block-column\" style=\"flex-basis:1px\"><\/div>\n\n\n\n<div class=\"is-layout-flow wp-block-column\"><div class=\"wp-block-image is-style-default\">\n<figure class=\"aligncenter size-large\"><a href=\"https:\/\/ingeniumcanada.org\/fr\" target=\"_blank\" rel=\"noreferrer noopener\"><img decoding=\"async\" loading=\"lazy\" width=\"1024\" height=\"478\" src=\"https:\/\/playjouer.ca\/wp-content\/uploads\/2023\/04\/IngeniumWebsiteFR-1024x478.png\" alt=\"Logo Ingenium : mus\u00e9e des sciences et de la technologie du Canada\" class=\"wp-image-2724\" srcset=\"https:\/\/playjouer.ca\/wp-content\/uploads\/2023\/04\/IngeniumWebsiteFR-1024x478.png 1024w, https:\/\/playjouer.ca\/wp-content\/uploads\/2023\/04\/IngeniumWebsiteFR-300x140.png 300w, https:\/\/playjouer.ca\/wp-content\/uploads\/2023\/04\/IngeniumWebsiteFR-768x358.png 768w, https:\/\/playjouer.ca\/wp-content\/uploads\/2023\/04\/IngeniumWebsiteFR.png 1200w\" sizes=\"(max-width: 1024px) 100vw, 1024px\" \/><\/a><\/figure><\/div>\n\n\n<p class=\"has-text-align-center\">Ingenium est un espace de collaboration o\u00f9 le pass\u00e9 rejoint le futur pour c\u00e9l\u00e9brer la cr\u00e9ativit\u00e9, la d\u00e9couverte et l\u2019ing\u00e9niosit\u00e9 humaine.<\/p>\n<\/div>\n<\/div>\n\n\n\n<h2 class=\"has-cpsn-orange-color has-text-color\">Sous le patronage de \/ en partenariat avec<\/h2>\n\n\n\n<div class=\"is-layout-flex wp-container-8 wp-block-columns\">\n<div class=\"is-layout-flow wp-block-column\"><div class=\"wp-block-image is-style-default\">\n<figure class=\"aligncenter size-large\"><img decoding=\"async\" loading=\"lazy\" width=\"1024\" height=\"478\" src=\"https:\/\/playjouer.ca\/wp-content\/uploads\/2023\/06\/CCUNESCO_WEBSITE-1024x478.png\" alt=\"CCUNESCO Logo\" class=\"wp-image-3212\" srcset=\"https:\/\/playjouer.ca\/wp-content\/uploads\/2023\/06\/CCUNESCO_WEBSITE-1024x478.png 1024w, https:\/\/playjouer.ca\/wp-content\/uploads\/2023\/06\/CCUNESCO_WEBSITE-300x140.png 300w, https:\/\/playjouer.ca\/wp-content\/uploads\/2023\/06\/CCUNESCO_WEBSITE-768x358.png 768w, https:\/\/playjouer.ca\/wp-content\/uploads\/2023\/06\/CCUNESCO_WEBSITE.png 1200w\" sizes=\"(max-width: 1024px) 100vw, 1024px\" \/><\/figure><\/div>\n\n\n<p class=\"has-text-align-center\">La Commission canadienne pour l\u2019UNESCO (CCUNESCO) contribue au d\u00e9veloppement de soci\u00e9t\u00e9s au sein desquelles les citoyens \u00e9changent leurs connaissances, tant \u00e0 l\u2019\u00e9chelle locale qu\u2019\u00e0 l\u2019\u00e9chelle mondiale, afin de b\u00e2tir la paix dans l\u2019esprit des hommes et des femmes.<\/p>\n<\/div>\n\n\n\n<div class=\"is-layout-flow wp-block-column\" style=\"flex-basis:1px\"><\/div>\n\n\n\n<div class=\"is-layout-flow wp-block-column\"><\/div>\n<\/div>\n\n\n\n<h2 class=\"has-cpsn-orange-color has-text-color\">En collaboration avec<\/h2>\n\n\n\n<div class=\"is-layout-flex wp-container-12 wp-block-columns\">\n<div class=\"is-layout-flow wp-block-column\"><div class=\"wp-block-image is-style-default\">\n<figure class=\"aligncenter size-large\"><a href=\"https:\/\/www.platformtoplay.com\/\" target=\"_blank\" rel=\"noreferrer noopener\"><img decoding=\"async\" loading=\"lazy\" width=\"1024\" height=\"478\" src=\"https:\/\/playjouer.ca\/wp-content\/uploads\/2023\/04\/PlatformToPlayWebsite-1024x478.png\" alt=\"Logo Platform to Play\" class=\"wp-image-2713\" srcset=\"https:\/\/playjouer.ca\/wp-content\/uploads\/2023\/04\/PlatformToPlayWebsite-1024x478.png 1024w, https:\/\/playjouer.ca\/wp-content\/uploads\/2023\/04\/PlatformToPlayWebsite-300x140.png 300w, https:\/\/playjouer.ca\/wp-content\/uploads\/2023\/04\/PlatformToPlayWebsite-768x358.png 768w, https:\/\/playjouer.ca\/wp-content\/uploads\/2023\/04\/PlatformToPlayWebsite.png 1200w\" sizes=\"(max-width: 1024px) 100vw, 1024px\" \/><\/a><\/figure><\/div>\n\n\n<p class=\"has-text-align-center\">Platform To Play travaille en \u00e9troite collaboration avec les \u00e9coles pour cr\u00e9er une culture du jeu afin de soutenir le personnel et de guider le changement dans l&rsquo;environnement scolaire.<\/p>\n<\/div>\n\n\n\n<div class=\"is-layout-flow wp-block-column\" style=\"flex-basis:1px\"><\/div>\n\n\n\n<div class=\"is-layout-flow wp-block-column\"><div class=\"wp-block-image\">\n<figure class=\"aligncenter size-large\"><a href=\"https:\/\/nationalcreativitynetwork.org\/\" target=\"_blank\" rel=\"noreferrer noopener\"><img decoding=\"async\" loading=\"lazy\" width=\"1024\" height=\"478\" src=\"https:\/\/playjouer.ca\/wp-content\/uploads\/2023\/04\/NCN-1-1024x478.png\" alt=\"Logo National Creativity Network\" class=\"wp-image-2711\" srcset=\"https:\/\/playjouer.ca\/wp-content\/uploads\/2023\/04\/NCN-1-1024x478.png 1024w, https:\/\/playjouer.ca\/wp-content\/uploads\/2023\/04\/NCN-1-300x140.png 300w, https:\/\/playjouer.ca\/wp-content\/uploads\/2023\/04\/NCN-1-768x358.png 768w, https:\/\/playjouer.ca\/wp-content\/uploads\/2023\/04\/NCN-1.png 1200w\" sizes=\"(max-width: 1024px) 100vw, 1024px\" \/><\/a><\/figure><\/div>\n\n\n<p class=\"has-text-align-center\">Le National Creativity Network est un organisme national \u00e0 but non lucratif qui aide la cr\u00e9ativit\u00e9 et les activit\u00e9s cr\u00e9atives \u00e0 s&rsquo;\u00e9panouir dans toute l&rsquo;Am\u00e9rique du Nord, pour un avenir meilleur.<\/p>\n<\/div>\n<\/div>\n\n\n\n<div class=\"is-layout-flex wp-container-16 wp-block-columns\">\n<div class=\"is-layout-flow wp-block-column\"><div class=\"wp-block-image is-style-default\">\n<figure class=\"aligncenter size-large\"><a href=\"https:\/\/canadiannetworkforimaginationandcreativity.com\/\" target=\"_blank\" rel=\"noreferrer noopener\"><img decoding=\"async\" loading=\"lazy\" width=\"1024\" height=\"478\" src=\"https:\/\/playjouer.ca\/wp-content\/uploads\/2023\/04\/CNICLogoColour-1024x478.png\" alt=\"Logo Canadian Network for Imagination and Creativity\" class=\"wp-image-2697\" srcset=\"https:\/\/playjouer.ca\/wp-content\/uploads\/2023\/04\/CNICLogoColour-1024x478.png 1024w, https:\/\/playjouer.ca\/wp-content\/uploads\/2023\/04\/CNICLogoColour-300x140.png 300w, https:\/\/playjouer.ca\/wp-content\/uploads\/2023\/04\/CNICLogoColour-768x358.png 768w, https:\/\/playjouer.ca\/wp-content\/uploads\/2023\/04\/CNICLogoColour.png 1200w\" sizes=\"(max-width: 1024px) 100vw, 1024px\" \/><\/a><\/figure><\/div>\n\n\n<p class=\"has-text-align-center\">Le CNIC vise \u00e0 promouvoir l&rsquo;imagination et la cr\u00e9ativit\u00e9 dans tous les domaines d&rsquo;activit\u00e9, y compris les arts, les sciences, l&rsquo;\u00e9conomie et l&rsquo;\u00e9ducation.<\/p>\n<\/div>\n\n\n\n<div class=\"is-layout-flow wp-block-column\" style=\"flex-basis:1px\"><\/div>\n\n\n\n<div class=\"is-layout-flow wp-block-column\"><div class=\"wp-block-image\">\n<figure class=\"aligncenter size-large\"><a href=\"https:\/\/pz.harvard.edu\/\" target=\"_blank\" rel=\"noreferrer noopener\"><img decoding=\"async\" loading=\"lazy\" width=\"1024\" height=\"478\" src=\"https:\/\/playjouer.ca\/wp-content\/uploads\/2023\/04\/PZ-2_Test-1024x478.png\" alt=\"Logo Project Zero Havard\" class=\"wp-image-2695\" srcset=\"https:\/\/playjouer.ca\/wp-content\/uploads\/2023\/04\/PZ-2_Test-1024x478.png 1024w, https:\/\/playjouer.ca\/wp-content\/uploads\/2023\/04\/PZ-2_Test-300x140.png 300w, https:\/\/playjouer.ca\/wp-content\/uploads\/2023\/04\/PZ-2_Test-768x358.png 768w, https:\/\/playjouer.ca\/wp-content\/uploads\/2023\/04\/PZ-2_Test.png 1200w\" sizes=\"(max-width: 1024px) 100vw, 1024px\" \/><\/a><\/figure><\/div>\n\n\n<p class=\"has-text-align-center\">La mission du Project Zero est de comprendre et de d\u00e9velopper les potentiels humains &#8211; tels que l&rsquo;apprentissage, la r\u00e9flexion, l&rsquo;\u00e9thique, l&rsquo;intelligence et la cr\u00e9ativit\u00e9 &#8211; chez tous les \u00eatres humains.<\/p>\n<\/div>\n<\/div>\n\n\n\n<div class=\"is-layout-flex wp-container-20 wp-block-columns\">\n<div class=\"is-layout-flow wp-block-column\"><div class=\"wp-block-image is-style-default\">\n<figure class=\"aligncenter size-large\"><a href=\"https:\/\/www.outdoorplaycanada.ca\/fr\/\" target=\"_blank\" rel=\"noreferrer noopener\"><img decoding=\"async\" loading=\"lazy\" width=\"1024\" height=\"478\" src=\"https:\/\/playjouer.ca\/wp-content\/uploads\/2023\/04\/OPC_Website-1-1024x478.png\" alt=\"Logo de Jouons dehors Canada\" class=\"wp-image-2739\" srcset=\"https:\/\/playjouer.ca\/wp-content\/uploads\/2023\/04\/OPC_Website-1-1024x478.png 1024w, https:\/\/playjouer.ca\/wp-content\/uploads\/2023\/04\/OPC_Website-1-300x140.png 300w, https:\/\/playjouer.ca\/wp-content\/uploads\/2023\/04\/OPC_Website-1-768x358.png 768w, https:\/\/playjouer.ca\/wp-content\/uploads\/2023\/04\/OPC_Website-1.png 1200w\" sizes=\"(max-width: 1024px) 100vw, 1024px\" \/><\/a><\/figure><\/div>\n\n\n<p class=\"has-text-align-center\">Jouons dehors Canada est une organisation nationale qui rassemble des d\u00e9fenseurs, des praticiens, des chercheurs et des organisations partenaires pour promouvoir, prot\u00e9ger et pr\u00e9server l&rsquo;acc\u00e8s au jeu dans la nature et en plein air pour toutes les personnes vivant au Canada.<\/p>\n<\/div>\n\n\n\n<div class=\"is-layout-flow wp-block-column\" style=\"flex-basis:1px\"><\/div>\n\n\n\n<div class=\"is-layout-flow wp-block-column\"><div class=\"wp-block-image\">\n<figure class=\"aligncenter size-large\"><a href=\"https:\/\/www.laboscreatifs.ca\/\" target=\"_blank\" rel=\"noreferrer noopener\"><img decoding=\"async\" loading=\"lazy\" width=\"1024\" height=\"478\" src=\"https:\/\/playjouer.ca\/wp-content\/uploads\/2023\/04\/CreativeLab_Website-1024x478.png\" alt=\"Logo Labos Cr\u00e9atifs\" class=\"wp-image-2742\" srcset=\"https:\/\/playjouer.ca\/wp-content\/uploads\/2023\/04\/CreativeLab_Website-1024x478.png 1024w, https:\/\/playjouer.ca\/wp-content\/uploads\/2023\/04\/CreativeLab_Website-300x140.png 300w, https:\/\/playjouer.ca\/wp-content\/uploads\/2023\/04\/CreativeLab_Website-768x358.png 768w, https:\/\/playjouer.ca\/wp-content\/uploads\/2023\/04\/CreativeLab_Website.png 1200w\" sizes=\"(max-width: 1024px) 100vw, 1024px\" \/><\/a><\/figure><\/div>\n\n\n<p class=\"has-text-align-center\">Labos Cr\u00e9atifs est un organisme \u00e0 but non lucratif situ\u00e9 au Canada atlantique encourageant l\u2019apprentissage pratique et exp\u00e9rimental qui permet aux jeunes de d\u00e9velopper leur apprentissage par l\u2019entremise de la cr\u00e9ativit\u00e9, de l\u2019innovation et de la technologie d\u2019aujourd\u2019hui.<\/p>\n<\/div>\n<\/div>\n\n\n\n<div class=\"is-layout-flex wp-container-24 wp-block-columns\">\n<div class=\"is-layout-flow wp-block-column\"><div class=\"wp-block-image is-style-default\">\n<figure class=\"aligncenter size-large\"><a href=\"https:\/\/wciw.org\/\" target=\"_blank\" rel=\"noreferrer noopener\"><img decoding=\"async\" loading=\"lazy\" width=\"1024\" height=\"478\" src=\"https:\/\/playjouer.ca\/wp-content\/uploads\/2023\/04\/WCIW_Website-1024x478.png\" alt=\"World Creativity and Innovation Week Logo\" class=\"wp-image-2819\" srcset=\"https:\/\/playjouer.ca\/wp-content\/uploads\/2023\/04\/WCIW_Website-1024x478.png 1024w, https:\/\/playjouer.ca\/wp-content\/uploads\/2023\/04\/WCIW_Website-300x140.png 300w, https:\/\/playjouer.ca\/wp-content\/uploads\/2023\/04\/WCIW_Website-768x358.png 768w, https:\/\/playjouer.ca\/wp-content\/uploads\/2023\/04\/WCIW_Website.png 1200w\" sizes=\"(max-width: 1024px) 100vw, 1024px\" \/><\/a><\/figure><\/div>\n\n\n<p class=\"has-text-align-center\">La mission de WCIW est d&rsquo;encourager les gens \u00e0 utiliser de nouvelles id\u00e9es, \u00e0 prendre de nouvelles d\u00e9cisions et \u00e0 franchir de nouvelles \u00e9tapes pour am\u00e9liorer le monde, et la place que vous y occupez, gr\u00e2ce \u00e0 la cr\u00e9ativit\u00e9.<\/p>\n<\/div>\n\n\n\n<div class=\"is-layout-flow wp-block-column\" style=\"flex-basis:1px\"><\/div>\n\n\n\n<div class=\"is-layout-flow wp-block-column\"><\/div>\n<\/div>\n","protected":false},"excerpt":{"rendered":"<p>Le RC\u00c9L est fier de collaborer avec les partenaires suivants. Nous leur sommes reconnaissants de leurs contributions et de leur g\u00e9n\u00e9reux soutien. Vous aimerez collaborer avec nous?Pour les demandes de [&hellip;]<\/p>\n","protected":false},"author":1,"featured_media":0,"parent":845,"menu_order":0,"comment_status":"closed","ping_status":"closed","template":"","meta":[],"acf":[],"_links":{"self":[{"href":"https:\/\/playjouer.ca\/fr\/wp-json\/wp\/v2\/pages\/2368"}],"collection":[{"href":"https:\/\/playjouer.ca\/fr\/wp-json\/wp\/v2\/pages"}],"about":[{"href":"https:\/\/playjouer.ca\/fr\/wp-json\/wp\/v2\/types\/page"}],"author":[{"embeddable":true,"href":"https:\/\/playjouer.ca\/fr\/wp-json\/wp\/v2\/users\/1"}],"replies":[{"embeddable":true,"href":"https:\/\/playjouer.ca\/fr\/wp-json\/wp\/v2\/comments?post=2368"}],"version-history":[{"count":4,"href":"https:\/\/playjouer.ca\/fr\/wp-json\/wp\/v2\/pages\/2368\/revisions"}],"predecessor-version":[{"id":3214,"href":"https:\/\/playjouer.ca\/fr\/wp-json\/wp\/v2\/pages\/2368\/revisions\/3214"}],"up":[{"embeddable":true,"href":"https:\/\/playjouer.ca\/fr\/wp-json\/wp\/v2\/pages\/845"}],"wp:attachment":[{"href":"https:\/\/playjouer.ca\/fr\/wp-json\/wp\/v2\/media?parent=2368"}],"curies":[{"name":"wp","href":"https:\/\/api.w.org\/{rel}","templated":true}]}}