{"id":3082,"date":"2023-05-03T15:42:50","date_gmt":"2023-05-03T19:42:50","guid":{"rendered":"https:\/\/playjouer.ca\/?page_id=3082"},"modified":"2023-06-27T13:32:56","modified_gmt":"2023-06-27T17:32:56","slug":"vitrine-rcel","status":"publish","type":"page","link":"https:\/\/playjouer.ca\/fr\/restez-connecte-es\/vitrine-rcel\/","title":{"rendered":"Vitrine RC\u00c9L"},"content":{"rendered":"\n<h2 class=\"has-cpsn-orange-color has-text-color\">Programme<\/h2>\n\n\n\n<p>T\u00e9l\u00e9chargez le programme de la vitrine du RC\u00c9L ci-dessous !<br>(derni\u00e8re mise \u00e0 jour : 7 juin 2023)<\/p>\n\n\n\n<div class=\"is-content-justification-left is-layout-flex wp-container-1 wp-block-buttons\">\n<div class=\"wp-block-button has-custom-font-size is-style-fill has-small-font-size\"><a class=\"wp-block-button__link has-cpsn-white-color has-cpsn-orange-background-color has-text-color has-background wp-element-button\" href=\"https:\/\/playjouer.ca\/wp-content\/uploads\/2023\/06\/RCEL-Vitrine-2023-Programme.pdf\" target=\"_blank\" rel=\"noreferrer noopener\">Vitrine RC\u00c9L &#8211; Programme (FR)<\/a><\/div>\n\n\n\n<div class=\"wp-block-button has-custom-font-size is-style-fill has-small-font-size\"><a class=\"wp-block-button__link has-cpsn-white-color has-cpsn-orange-background-color has-text-color has-background wp-element-button\" href=\"https:\/\/playjouer.ca\/wp-content\/uploads\/2023\/06\/CPSN-Showcase-2023-Program.pdf\" target=\"_blank\" rel=\"noreferrer noopener\">CPSN Showcase &#8211; Program (EN)<\/a><\/div>\n<\/div>\n\n\n\n<div style=\"height:25px\" aria-hidden=\"true\" class=\"wp-block-spacer\"><\/div>\n\n\n\n<p>Nous sommes extr\u00eamement reconnaissants au Mus\u00e9e des sciences et de la technologie du Canada d&rsquo;accueillir le programme de la soir\u00e9e du vendredi 9 juin. \u00c0 toutes les \u00e9quipes participantes, voici un petit mot de bienvenue de Catherine Emond.<\/p>\n\n\n\n<figure class=\"wp-block-embed is-type-video is-provider-youtube wp-block-embed-youtube wp-embed-aspect-16-9 wp-has-aspect-ratio\"><div class=\"wp-block-embed__wrapper\">\n<iframe loading=\"lazy\" title=\"Mots de bienvenue du Mus\u00e9e des sciences et de la technologie du Canada\" width=\"640\" height=\"360\" src=\"https:\/\/www.youtube.com\/embed\/xqQBM6tP0ig?feature=oembed\" frameborder=\"0\" allow=\"accelerometer; autoplay; clipboard-write; encrypted-media; gyroscope; picture-in-picture; web-share\" allowfullscreen><\/iframe>\n<\/div><\/figure>\n\n\n\n<div style=\"height:50px\" aria-hidden=\"true\" class=\"wp-block-spacer\"><\/div>\n\n\n\n<h2 class=\"has-cpsn-orange-color has-text-color\">Informations pour les \u00e9quipes scolaires participantes<\/h2>\n\n\n\n<figure class=\"wp-block-table\"><table class=\"has-cpsn-orange-color has-text-color\"><tbody><tr><td><strong>La Vitrine du RC\u00c9L se d\u00e9roulera dans le b\u00e2timent du Carrefour des apprentissages (CRX : <a rel=\"noreferrer noopener\" href=\"https:\/\/goo.gl\/maps\/rJdvxoh7cjckejgT6\" data-type=\"URL\" data-id=\"https:\/\/goo.gl\/maps\/rJdvxoh7cjckejgT6\" target=\"_blank\">100, rue Louis-Pasteur<\/a>) \u00e0 l&rsquo;Universit\u00e9 d&rsquo;Ottawa.<br><br>Veuillez noter qu&rsquo;il y aura deux sessions d&rsquo;inscription au CRX (premier \u00e9tage) le jeudi soir (8 juin) entre 16h et 18h et le vendredi matin (9 juin) entre 8h et 8h50.<br><br>Le programme du vendredi soir se d\u00e9roulera au <a rel=\"noreferrer noopener\" href=\"https:\/\/goo.gl\/maps\/Gco5Tf1S5qjN8GdV6\" data-type=\"URL\" data-id=\"https:\/\/goo.gl\/maps\/Gco5Tf1S5qjN8GdV6\" target=\"_blank\">Mus\u00e9e des sciences et de la technologie du Canada<\/a>. Des bus seront en place pour permettre aux participant\u00b7es du RC\u00c9L de se rendre au mus\u00e9e \u00e0 partir de leur r\u00e9sidence et d&rsquo;en revenir, \u00e0 partir de 16h40 (r\u00e9sidence 90U) et 16h50 (r\u00e9sidence Rideau).<br><br>Le RC\u00c9L fournira les repas aux participant\u00b7es le vendredi 9 juin (petit-d\u00e9jeuner, d\u00e9jeuner et d\u00eener) et le samedi 10 juin (petit-d\u00e9jeuner et d\u00e9jeuner). Il n&rsquo;y aura pas d&rsquo;indemnit\u00e9 journali\u00e8re offerte au-del\u00e0 de ces repas \u00e0 la conf\u00e9rence.<\/strong><\/td><\/tr><\/tbody><\/table><\/figure>\n\n\n\n<h4><strong>Informations sur le voyagement et le stationnement<\/strong><\/h4>\n\n\n\n<p>Vous voyagez en avion ou en voiture ? Vous vous demandez comment vous rendre \u00e0 votre r\u00e9sidence et o\u00f9 vous stationner ? Les r\u00e9ponses \u00e0 ces questions (et \u00e0 bien d&rsquo;autres) se trouvent ici.<\/p>\n\n\n\n<div class=\"is-horizontal is-content-justification-left is-layout-flex wp-container-2 wp-block-buttons has-custom-font-size has-small-font-size\">\n<div class=\"wp-block-button is-style-fill\"><a class=\"wp-block-button__link has-cpsn-white-color has-cpsn-orange-background-color has-text-color has-background wp-element-button\" href=\"https:\/\/playjouer.ca\/wp-content\/uploads\/2023\/06\/RCEL-Information-sur-le-voyagement-et-le-stationnement-Equipes-Ecoles.pdf\" target=\"_blank\" rel=\"noreferrer noopener\">Information sur le voyagement et le stationnement (FR)<\/a><\/div>\n\n\n\n<div class=\"wp-block-button is-style-fill\"><a class=\"wp-block-button__link has-cpsn-white-color has-cpsn-orange-background-color has-text-color has-background wp-element-button\" href=\"https:\/\/playjouer.ca\/wp-content\/uploads\/2023\/06\/CPSN-Travelling-and-Parking-Information-School-Teams.pdf\" target=\"_blank\" rel=\"noreferrer noopener\">Travelling and Parking Information (EN)<\/a><\/div>\n<\/div>\n\n\n\n<h4><strong>H\u00e9bergement et r\u00e9sidence<\/strong>s<\/h4>\n\n\n\n<p>Vous trouverez ici des informations sur les r\u00e9sidences dans laquelle chaque \u00e9quipe scolaire sera log\u00e9e, les heures d&rsquo;arriv\u00e9e et de d\u00e9part, et bien d&rsquo;autres choses encore.<\/p>\n\n\n\n<div class=\"is-horizontal is-content-justification-left is-layout-flex wp-container-3 wp-block-buttons has-custom-font-size has-small-font-size\">\n<div class=\"wp-block-button is-style-fill\"><a class=\"wp-block-button__link has-cpsn-white-color has-cpsn-orange-background-color has-text-color has-background wp-element-button\" href=\"https:\/\/playjouer.ca\/wp-content\/uploads\/2023\/06\/RCEL-Hebergement-Equipes-Ecoles.pdf\" target=\"_blank\" rel=\"noreferrer noopener\">Information sur l&rsquo;h\u00e9bergement (FR)<\/a><\/div>\n\n\n\n<div class=\"wp-block-button is-style-fill\"><a class=\"wp-block-button__link has-cpsn-white-color has-cpsn-orange-background-color has-text-color has-background wp-element-button\" href=\"https:\/\/playjouer.ca\/wp-content\/uploads\/2023\/06\/CPSN-Accommodations-School-Teams.pdf\" target=\"_blank\" rel=\"noreferrer noopener\">Accommodations Information (EN)<\/a><\/div>\n<\/div>\n\n\n\n<h4><strong>\u00c0 propos de la vitrine des projets lors de la conf\u00e9rence<\/strong><\/h4>\n\n\n\n<p>Trouvez tous les d\u00e9tails concernant la pr\u00e9sentation de la vitrine, son format, ce qui est attendu, et plus encore.<\/p>\n\n\n\n<div class=\"is-horizontal is-content-justification-left is-layout-flex wp-container-4 wp-block-buttons has-custom-font-size has-small-font-size\">\n<div class=\"wp-block-button is-style-fill\"><a class=\"wp-block-button__link has-cpsn-white-color has-cpsn-orange-background-color has-text-color has-background wp-element-button\" href=\"https:\/\/playjouer.ca\/wp-content\/uploads\/2023\/06\/RCEL-Information-Vitrine-Equipes-Ecoles.pdf\" target=\"_blank\" rel=\"noreferrer noopener\">Information sur les vitrines (FR)<\/a><\/div>\n\n\n\n<div class=\"wp-block-button is-style-fill\"><a class=\"wp-block-button__link has-cpsn-white-color has-cpsn-orange-background-color has-text-color has-background wp-element-button\" href=\"https:\/\/playjouer.ca\/wp-content\/uploads\/2023\/06\/CPSN-Showcase-Information-School-Teams.pdf\" target=\"_blank\" rel=\"noreferrer noopener\">Showcase Session Information (EN)<\/a><\/div>\n<\/div>\n\n\n\n<h4><strong>D\u00e9penses et remboursement<\/strong><\/h4>\n\n\n\n<p>Quelles sont les d\u00e9penses couvertes pendant votre s\u00e9jour \u00e0 Ottawa, et comment les r\u00e9clamer pour le remboursement ? Vous trouverez ici tous les d\u00e9tails sur les d\u00e9penses et les remboursements.<\/p>\n\n\n\n<ul>\n<li><strong>Instructions pour s&rsquo;inscrire comme fournisseur sur Workday<\/strong><\/li>\n<\/ul>\n\n\n\n<div class=\"is-horizontal is-content-justification-left is-layout-flex wp-container-5 wp-block-buttons has-custom-font-size has-small-font-size\">\n<div class=\"wp-block-button is-style-fill\"><a class=\"wp-block-button__link has-cpsn-white-color has-cpsn-orange-background-color has-text-color has-background wp-element-button\" href=\"https:\/\/playjouer.ca\/wp-content\/uploads\/2023\/06\/Instructions-pour-sinscrire-comme-fournisseur-sur-Workday.pdf\" target=\"_blank\" rel=\"noreferrer noopener\">Instructions Workday (FR)<\/a><\/div>\n\n\n\n<div class=\"wp-block-button is-style-fill\"><a class=\"wp-block-button__link has-cpsn-white-color has-cpsn-orange-background-color has-text-color has-background wp-element-button\" href=\"https:\/\/playjouer.ca\/wp-content\/uploads\/2023\/06\/Instructions-for-Signing-up-as-a-Supplier-on-Workday.pdf\" target=\"_blank\" rel=\"noreferrer noopener\">Instructions Workday (EN)<\/a><\/div>\n<\/div>\n\n\n\n<ul>\n<li><strong>Facturation pour le personnel enseignant<\/strong><\/li>\n<\/ul>\n\n\n\n<div class=\"is-horizontal is-content-justification-left is-layout-flex wp-container-6 wp-block-buttons has-custom-font-size has-small-font-size\">\n<div class=\"wp-block-button is-style-fill\"><a class=\"wp-block-button__link has-cpsn-white-color has-cpsn-orange-background-color has-text-color has-background wp-element-button\" href=\"https:\/\/playjouer.ca\/wp-content\/uploads\/2023\/06\/FR-Facturation-enseignants-honoraire-et-depenses.xlsx\" target=\"_blank\" rel=\"noreferrer noopener\">Facturation Personnel Enseignant (FR)<\/a><\/div>\n\n\n\n<div class=\"wp-block-button is-style-fill\"><a class=\"wp-block-button__link has-cpsn-white-color has-cpsn-orange-background-color has-text-color has-background wp-element-button\" href=\"https:\/\/playjouer.ca\/wp-content\/uploads\/2023\/06\/EN-Teacher-Invoice-Templates-Honorarium-and-Travel.xlsx\" target=\"_blank\" rel=\"noreferrer noopener\">Teacher Invoices (EN)<\/a><\/div>\n<\/div>\n\n\n\n<ul>\n<li><strong>Facturation pour les \u00e9coles ou les conseils scolaires<\/strong><\/li>\n<\/ul>\n\n\n\n<div class=\"is-horizontal is-content-justification-left is-layout-flex wp-container-7 wp-block-buttons has-custom-font-size has-small-font-size\">\n<div class=\"wp-block-button is-style-fill\"><a class=\"wp-block-button__link has-cpsn-white-color has-cpsn-orange-background-color has-text-color has-background wp-element-button\" href=\"https:\/\/playjouer.ca\/wp-content\/uploads\/2023\/06\/FR-Facturation-par-les-ecoles-ou-conseils-scolaires.xlsx\" target=\"_blank\" rel=\"noreferrer noopener\">Facturation \u00c9coles\/Conseils Scolaires (FR)<\/a><\/div>\n\n\n\n<div class=\"wp-block-button is-style-fill\"><a class=\"wp-block-button__link has-cpsn-white-color has-cpsn-orange-background-color has-text-color has-background wp-element-button\" href=\"https:\/\/playjouer.ca\/wp-content\/uploads\/2023\/06\/EN-School-School-Board-Invoice-Templates.xlsx\" target=\"_blank\" rel=\"noreferrer noopener\">School Board Invoices (EN)<\/a><\/div>\n<\/div>\n","protected":false},"excerpt":{"rendered":"<p>Programme T\u00e9l\u00e9chargez le programme de la vitrine du RC\u00c9L ci-dessous !(derni\u00e8re mise \u00e0 jour : 7 juin 2023) Nous sommes extr\u00eamement reconnaissants au Mus\u00e9e des sciences et de la technologie [&hellip;]<\/p>\n","protected":false},"author":1,"featured_media":0,"parent":845,"menu_order":0,"comment_status":"closed","ping_status":"closed","template":"","meta":[],"acf":[],"_links":{"self":[{"href":"https:\/\/playjouer.ca\/fr\/wp-json\/wp\/v2\/pages\/3082"}],"collection":[{"href":"https:\/\/playjouer.ca\/fr\/wp-json\/wp\/v2\/pages"}],"about":[{"href":"https:\/\/playjouer.ca\/fr\/wp-json\/wp\/v2\/types\/page"}],"author":[{"embeddable":true,"href":"https:\/\/playjouer.ca\/fr\/wp-json\/wp\/v2\/users\/1"}],"replies":[{"embeddable":true,"href":"https:\/\/playjouer.ca\/fr\/wp-json\/wp\/v2\/comments?post=3082"}],"version-history":[{"count":4,"href":"https:\/\/playjouer.ca\/fr\/wp-json\/wp\/v2\/pages\/3082\/revisions"}],"predecessor-version":[{"id":3806,"href":"https:\/\/playjouer.ca\/fr\/wp-json\/wp\/v2\/pages\/3082\/revisions\/3806"}],"up":[{"embeddable":true,"href":"https:\/\/playjouer.ca\/fr\/wp-json\/wp\/v2\/pages\/845"}],"wp:attachment":[{"href":"https:\/\/playjouer.ca\/fr\/wp-json\/wp\/v2\/media?parent=3082"}],"curies":[{"name":"wp","href":"https:\/\/api.w.org\/{rel}","templated":true}]}}