{"id":828,"date":"2022-09-12T19:02:53","date_gmt":"2022-09-12T19:02:53","guid":{"rendered":"https:\/\/playjouer.ca\/?page_id=828"},"modified":"2022-11-03T21:14:03","modified_gmt":"2022-11-03T21:14:03","slug":"a-propos","status":"publish","type":"page","link":"https:\/\/playjouer.ca\/fr\/a-propos\/","title":{"rendered":"\u00c0 propos du RC\u00c9L"},"content":{"rendered":"\n<h2 style=\"font-size:25px\">Entre septembre 2022 et juin 2023, le RC\u00c9L se concentrera sur les 6 priorit\u00e9s strat\u00e9giques suivantes.<\/h2>\n\n\n\n<ol><li>Cr\u00e9er des r\u00e9seaux humains et num\u00e9riques qui appuient et soutiennent les pratiques ludiques dans les syst\u00e8mes scolaires canadiens.<\/li><li>Organiser une conf\u00e9rence r\u00e9unissant tous les membres du RC\u00c9L en juin 2023 sur le campus de l\u2019Universit\u00e9 d\u2019Ottawa.<\/li><li>Co-cr\u00e9er des guides et des protocoles pour l\u2019apprentissage par le jeu qui privil\u00e9gient l\u2019inclusion, l\u2019accessibilit\u00e9 et les priorit\u00e9s et orientations sociales, culturelles et linguistiques en mati\u00e8re de jeu des \u00e9quipes, des communaut\u00e9s et des \u00e9l\u00e8ves membres du RC\u00c9L.<\/li><li>Documenter la conception du RC\u00c9L, le premier r\u00e9seau du genre au monde.<\/li><li>Cr\u00e9er et publier de nouvelles connaissances sur l\u2019apprentissage par le jeu dans les \u00e9coles canadiennes gr\u00e2ce \u00e0 une recherche avec les membres du RC\u00c9L.<\/li><li>Construire un laboratoire d\u2019innovation en \u00e9ducation \u00e0 la Facult\u00e9 d\u2019\u00e9ducation de l\u2019Universit\u00e9 d\u2019Ottawa \u00e0 partir duquel de nouvelles connaissances sur l\u2019apprentissage par le jeu peuvent \u00eatre partag\u00e9es, o\u00f9 la recherche sur l\u2019apprentissage par le jeu peut \u00e9voluer, et o\u00f9 de nouvelles connaissances sur le jeu et sa place dans les ann\u00e9es interm\u00e9diaires peuvent \u00eatre int\u00e9gr\u00e9es dans les programmes de formation du personnel enseignant en langue fran\u00e7aise et anglaise.<\/li><\/ol>\n","protected":false},"excerpt":{"rendered":"<p>Entre septembre 2022 et juin 2023, le RC\u00c9L se concentrera sur les 6 priorit\u00e9s strat\u00e9giques suivantes. Cr\u00e9er des r\u00e9seaux humains et num\u00e9riques qui appuient et soutiennent les pratiques ludiques dans [&hellip;]<\/p>\n","protected":false},"author":1,"featured_media":772,"parent":0,"menu_order":0,"comment_status":"closed","ping_status":"closed","template":"","meta":[],"acf":[],"_links":{"self":[{"href":"https:\/\/playjouer.ca\/fr\/wp-json\/wp\/v2\/pages\/828"}],"collection":[{"href":"https:\/\/playjouer.ca\/fr\/wp-json\/wp\/v2\/pages"}],"about":[{"href":"https:\/\/playjouer.ca\/fr\/wp-json\/wp\/v2\/types\/page"}],"author":[{"embeddable":true,"href":"https:\/\/playjouer.ca\/fr\/wp-json\/wp\/v2\/users\/1"}],"replies":[{"embeddable":true,"href":"https:\/\/playjouer.ca\/fr\/wp-json\/wp\/v2\/comments?post=828"}],"version-history":[{"count":6,"href":"https:\/\/playjouer.ca\/fr\/wp-json\/wp\/v2\/pages\/828\/revisions"}],"predecessor-version":[{"id":1437,"href":"https:\/\/playjouer.ca\/fr\/wp-json\/wp\/v2\/pages\/828\/revisions\/1437"}],"wp:featuredmedia":[{"embeddable":true,"href":"https:\/\/playjouer.ca\/fr\/wp-json\/wp\/v2\/media\/772"}],"wp:attachment":[{"href":"https:\/\/playjouer.ca\/fr\/wp-json\/wp\/v2\/media?parent=828"}],"curies":[{"name":"wp","href":"https:\/\/api.w.org\/{rel}","templated":true}]}}