{"id":852,"date":"2022-10-06T19:39:37","date_gmt":"2022-10-06T23:39:37","guid":{"rendered":"https:\/\/playjouer.ca\/research\/"},"modified":"2023-11-06T20:12:39","modified_gmt":"2023-11-07T01:12:39","slug":"publications","status":"publish","type":"page","link":"https:\/\/playjouer.ca\/fr\/publications\/","title":{"rendered":"Publications du RC\u00c9L"},"content":{"rendered":"\n<h2 class=\"has-cpsn-plum-color has-text-color\">D\u00e9couvrez nos publications concernant le RC\u00c9L !<\/h2>\n\n\n\n<p>Dans Le R\u00e9seau EdCan : \u00ab <em><strong><a rel=\"noreferrer noopener\" href=\"https:\/\/playjouer.ca\/wp-content\/uploads\/2023\/06\/Des-ecoles-se-prennent-au-jeu-apres-la-pandemie-_-Le-Reseau-EdCan.pdf\" data-type=\"attachment\" data-id=\"3728\" target=\"_blank\">Des \u00e9coles se prennent au jeu apr\u00e8s la pand\u00e9mie : Le R\u00e9seau canadien des \u00e9coles ludiques<\/a><\/strong><\/em> \u00bb [PDF t\u00e9l\u00e9chargeable] (Hollweck, Cotnam-Kappel, Hargreaves, et Boultif, 2023)<\/p>\n\n\n\n<p>Dans Principal Connections : \u00ab <strong><em><a rel=\"noreferrer noopener\" href=\"https:\/\/playjouer.ca\/wp-content\/uploads\/2023\/06\/TristaHollweck-Vol27Issue3Summer2023_HighRes_compressed.pdf\" data-type=\"attachment\" data-id=\"3791\" target=\"_blank\">Learning Through Play in the Middle Year<\/a><a href=\"https:\/\/playjouer.ca\/wp-content\/uploads\/2023\/06\/CPSN-Article_CPCO_Hollweck_2023_compressed.pdf\" data-type=\"attachment\" data-id=\"3735\">s<\/a><\/em><\/strong> \u00bb [PDF t\u00e9l\u00e9chargeable] (Hollweck, 2023)<\/p>\n\n\n\n<p>Chapitre 8 de \u00ab <strong><a rel=\"noreferrer noopener\" href=\"https:\/\/www.routledge.com\/Leadership-From-the-Middle-The-Beating-Heart-of-Educational-Transformation\/Hargreaves\/p\/book\/9781138926875\" data-type=\"URL\" data-id=\"https:\/\/www.routledge.com\/Leadership-From-the-Middle-The-Beating-Heart-of-Educational-Transformation\/Hargreaves\/p\/book\/9781138926875\" target=\"_blank\">Leadership From the Middle: The Beating Heart of Educational Transformation<\/a><\/strong> \u00bb [Livre] (Hargreaves, 2023)<\/p>\n\n\n\n<p>Dernier chapitre de \u00ab <strong><a rel=\"noreferrer noopener\" href=\"https:\/\/www.sagepub.com\/hi\/nam\/the-age-of-identity\/book283302#description\" data-type=\"URL\" data-id=\"https:\/\/www.sagepub.com\/hi\/nam\/the-age-of-identity\/book283302#description\" target=\"_blank\">The Age of Identity<\/a><\/strong> \u00bb [Livre] (Shirley &amp; Hargreaves, 2023)<\/p>\n\n\n\n<p>Dans l&rsquo;Internationale de l&rsquo;\u00c9ducation : \u00ab <a rel=\"noreferrer noopener\" href=\"https:\/\/www.ei-ie.org\/fr\/item\/28147:teachers-need-more-innovation-not-more-innovations\" data-type=\"URL\" data-id=\"https:\/\/www.ei-ie.org\/fr\/item\/28147:teachers-need-more-innovation-not-more-innovations\" target=\"_blank\"><strong><em>Les enseignant\u00b7e\u00b7s ont besoin d\u2019innover plus, pas de plus d\u2019innovations<\/em><\/strong><\/a> \u00bb (Hargreaves, 2023)<\/p>\n","protected":false},"excerpt":{"rendered":"<p>D\u00e9couvrez nos publications concernant le RC\u00c9L ! Dans Le R\u00e9seau EdCan : \u00ab Des \u00e9coles se prennent au jeu apr\u00e8s la pand\u00e9mie : Le R\u00e9seau canadien des \u00e9coles ludiques \u00bb [&hellip;]<\/p>\n","protected":false},"author":1,"featured_media":773,"parent":0,"menu_order":0,"comment_status":"closed","ping_status":"closed","template":"","meta":[],"acf":[],"_links":{"self":[{"href":"https:\/\/playjouer.ca\/fr\/wp-json\/wp\/v2\/pages\/852"}],"collection":[{"href":"https:\/\/playjouer.ca\/fr\/wp-json\/wp\/v2\/pages"}],"about":[{"href":"https:\/\/playjouer.ca\/fr\/wp-json\/wp\/v2\/types\/page"}],"author":[{"embeddable":true,"href":"https:\/\/playjouer.ca\/fr\/wp-json\/wp\/v2\/users\/1"}],"replies":[{"embeddable":true,"href":"https:\/\/playjouer.ca\/fr\/wp-json\/wp\/v2\/comments?post=852"}],"version-history":[{"count":5,"href":"https:\/\/playjouer.ca\/fr\/wp-json\/wp\/v2\/pages\/852\/revisions"}],"predecessor-version":[{"id":4705,"href":"https:\/\/playjouer.ca\/fr\/wp-json\/wp\/v2\/pages\/852\/revisions\/4705"}],"wp:featuredmedia":[{"embeddable":true,"href":"https:\/\/playjouer.ca\/fr\/wp-json\/wp\/v2\/media\/773"}],"wp:attachment":[{"href":"https:\/\/playjouer.ca\/fr\/wp-json\/wp\/v2\/media?parent=852"}],"curies":[{"name":"wp","href":"https:\/\/api.w.org\/{rel}","templated":true}]}}