{"id":858,"date":"2022-09-12T15:49:10","date_gmt":"2022-09-12T19:49:10","guid":{"rendered":"https:\/\/playjouer.ca\/home\/"},"modified":"2023-11-03T14:30:10","modified_gmt":"2023-11-03T18:30:10","slug":"accueil","status":"publish","type":"page","link":"https:\/\/playjouer.ca\/fr\/","title":{"rendered":"Accueil"},"content":{"rendered":"\n<section class=\"is-layout-flow wp-block-group section-1\"><div class=\"wp-block-group__inner-container\">\n<div class=\"is-layout-flex wp-container-4 wp-block-columns section-1-columns-a\">\n<div class=\"is-layout-flow wp-block-column\">\n<figure class=\"wp-block-embed is-type-video is-provider-youtube wp-block-embed-youtube wp-embed-aspect-16-9 wp-has-aspect-ratio\"><div class=\"wp-block-embed__wrapper\">\n<iframe loading=\"lazy\" title=\"CPSN Showcase | Vitrine RC\u00c9L\" width=\"640\" height=\"360\" src=\"https:\/\/www.youtube.com\/embed\/thd5gQ6ciIY?feature=oembed\" frameborder=\"0\" allow=\"accelerometer; autoplay; clipboard-write; encrypted-media; gyroscope; picture-in-picture; web-share\" allowfullscreen><\/iframe>\n<\/div><\/figure>\n<\/div>\n\n\n\n<div class=\"is-layout-flow wp-block-column\" style=\"flex-basis:10px\"><\/div>\n\n\n\n<div class=\"is-layout-flow wp-block-column\">\n<div style=\"height:32px\" aria-hidden=\"true\" class=\"wp-block-spacer\"><\/div>\n\n\n\n<h1 style=\"font-size:50px\">Le R\u00e9seau canadien des \u00e9coles ludiques (RC\u00c9L) est le tout premier en son genre \u00e0 l\u2019\u00e9chelle mondiale<\/h1>\n<\/div>\n<\/div>\n\n\n\n<div class=\"is-layout-flex wp-container-8 wp-block-columns section-1-columns\">\n<div class=\"is-layout-flow wp-block-column\">\n<p class=\"has-medium-font-size\"><strong>L\u2019AVENTURE EST LANC\u00c9E !<\/strong><strong><br><\/strong>Suivez notre parcours. Recevez des nouvelles et des mises \u00e0 jour du RC\u00c9L en vous inscrivant \u00e0 notre bulletin \u00e9lectronique !<\/p>\n\n\n\n<div style=\"height:16px\" aria-hidden=\"true\" class=\"wp-block-spacer\"><\/div>\n\n\n\n<div class=\"is-layout-flex wp-block-buttons\">\n<div class=\"wp-block-button\"><a class=\"wp-block-button__link has-cpsn-purple-color has-cpsn-yellow-background-color has-text-color has-background wp-element-button\" href=\"https:\/\/playjouer.ca\/fr\/restez-connecte-es\/\"><strong>RESTEZ CONNECT\u00c9.ES<\/strong><\/a><\/div>\n<\/div>\n<\/div>\n\n\n\n<div class=\"is-layout-flow wp-block-column\">\n<p>Financ\u00e9 par une <a rel=\"noreferrer noopener\" href=\"https:\/\/education.uottawa.ca\/fr\/nouvelles\/fondation-lego-accorde-subvention-27-millions-dollars-nos-chercheuses-chercheurs-creation\" target=\"_blank\"><mark style=\"background-color:rgba(0, 0, 0, 0)\" class=\"has-inline-color has-cpsn-white-color\">subvention<\/mark><\/a> de la Fondation LEGO et dirig\u00e9 par des chercheures et chercheurs en \u00e9ducation de l\u2019Universit\u00e9 d\u2019Ottawa, le RC\u00c9L est un r\u00e9seau pan-canadien nouvellement \u00e9tabli d\u2019\u00e9coles publiques de langue fran\u00e7aise et anglaise. Pr\u00e9sentes sur l&rsquo;ensemble du pays, ces \u00e9coles tiennent \u00e0 favoriser l\u2019apprentissage par le jeu pour les \u00e9l\u00e8ves des ann\u00e9es interm\u00e9diaires, soient les 2<sup>e<\/sup> et 3<sup>e<\/sup> cycles du primaire et le 1<sup>er<\/sup> cycle du secondaire au Qu\u00e9bec, et la 4<sup>e<\/sup> \u00e0 la 8<sup>e<\/sup> ann\u00e9e dans les autres provinces canadiennes.<\/p>\n<\/div>\n<\/div>\n\n\n\n<figure class=\"wp-block-image size-full section-1-image\"><img decoding=\"async\" loading=\"lazy\" width=\"450\" height=\"450\" src=\"https:\/\/playjouer.ca\/wp-content\/uploads\/2022\/10\/Home-Machine-Photo.png\" alt=\"\" class=\"wp-image-442\" srcset=\"https:\/\/playjouer.ca\/wp-content\/uploads\/2022\/10\/Home-Machine-Photo.png 450w, https:\/\/playjouer.ca\/wp-content\/uploads\/2022\/10\/Home-Machine-Photo-300x300.png 300w, https:\/\/playjouer.ca\/wp-content\/uploads\/2022\/10\/Home-Machine-Photo-150x150.png 150w\" sizes=\"(max-width: 450px) 100vw, 450px\" \/><\/figure>\n<\/div><\/section>\n\n\n\n<section class=\"is-layout-flow wp-block-group section-2\"><div class=\"wp-block-group__inner-container\">\n<h2>\u00c0 propos du RC\u00c9L<\/h2>\n\n\n\n<div class=\"embed-responsive embed-responsive-16by9 cpsn-embed cpsn-embed-map\"><iframe loading=\"lazy\" src=\"https:\/\/embed.kumu.io\/374efa303ba98f5ebbeab2148557093c\" tabindex=\"-1\" width=\"100%\" height=\"600\" frameborder=\"0\"><\/iframe><\/div>\n\n\n\n<div class=\"is-layout-flex wp-container-12 wp-block-columns\">\n<div class=\"is-layout-flow wp-block-column\">\n<p class=\"has-medium-font-size\">Le R\u00e9seau canadien des \u00e9coles ludiques (RC\u00c9L) est un r\u00e9seau virtuel dirig\u00e9 par des chercheures et chercheurs en \u00e9ducation de l\u2019Universit\u00e9 d\u2019Ottawa. \u00c0 travers le pays, il se consacre \u00e0 la mise en relation et au soutien des \u00e9coles et de leurs \u00e9quipes de personnel enseignant et administratif qui ont con\u00e7u des programmes et des activit\u00e9s exemplaires et innovantes pour encourager l\u2019apprentissage des \u00e9l\u00e8ves par le jeu au cours des ann\u00e9es interm\u00e9diaires, soient les 2<sup>e<\/sup> et 3<sup>e<\/sup> cycles du primaire et le 1<sup>er<\/sup> cycle du secondaire au Qu\u00e9bec, et la 4<sup>e<\/sup> \u00e0 la 8<sup>e<\/sup> ann\u00e9e dans les autres provinces canadiennes.<\/p>\n<\/div>\n\n\n\n<div class=\"is-layout-flow wp-block-column\">\n<p>La carte interactive montre l&#8217;emplacement et le profil de toutes les \u00e9coles participantes pour l&rsquo;ann\u00e9e 2022-2023. Vous pouvez trouver le lien vers cette carte <a rel=\"noreferrer noopener\" href=\"https:\/\/embed.kumu.io\/374efa303ba98f5ebbeab2148557093c#rcel-cpsn\" target=\"_blank\"><mark style=\"background-color:rgba(0, 0, 0, 0)\" class=\"has-inline-color has-cpsn-white-color\">ici<\/mark><\/a>.<\/p>\n<\/div>\n<\/div>\n\n\n\n<h2>Nouvelles &amp; Mises \u00e0 Jour<\/h2>\n\n\n\n<div class=\"is-layout-flow wp-block-query\"><ul class=\"is-layout-flow is-flex-container columns-3 wp-block-post-template\"><li class=\"wp-block-post post-4717 post type-post status-publish format-standard hentry category-vitrine-projets\">\n\n<div class=\"is-layout-flow wp-block-group\" style=\"padding-top:30px;padding-right:30px;padding-bottom:30px;padding-left:30px\"><div class=\"wp-block-group__inner-container\">\n\n<div class=\"taxonomy-category wp-block-post-terms\"><a href=\"https:\/\/playjouer.ca\/fr\/category\/vitrine-projets\/\" rel=\"tag\">Vitrine de projets<\/a><\/div>\n\n<h2 class=\"wp-block-post-title\"><a href=\"https:\/\/playjouer.ca\/fr\/plein-feu-sur-lecole-monseigneur-laval-de-regina-en-saskatchewan\/\" target=\"_self\" >Plein feu sur\u2026 l\u2019\u00c9cole Monseigneur de Laval de Regina en Saskatchewan<\/a><\/h2>\n\n<div class=\"wp-block-post-excerpt\"><p class=\"wp-block-post-excerpt__excerpt\">Tout a d\u00e9but\u00e9 \u00e0 la demande des \u00e9l\u00e8ves de faire du th\u00e9\u00e2tre\u2026 L\u2019\u00e9cole Monseigneur de Laval est la deuxi\u00e8me \u00e9cole francophone ouverte en Saskatchewan et se situe \u00e0 Regina. L\u2019enseignement [&hellip;] <\/p><\/div>\n\n<div class=\"wp-block-post-date\"><time datetime=\"2023-11-30T09:23:11-05:00\">novembre 30, 2023<\/time><\/div><\/div><\/div>\n\n<\/li><li class=\"wp-block-post post-5324 post type-post status-publish format-standard hentry category-vitrine-projets\">\n\n<div class=\"is-layout-flow wp-block-group\" style=\"padding-top:30px;padding-right:30px;padding-bottom:30px;padding-left:30px\"><div class=\"wp-block-group__inner-container\">\n\n<div class=\"taxonomy-category wp-block-post-terms\"><a href=\"https:\/\/playjouer.ca\/fr\/category\/vitrine-projets\/\" rel=\"tag\">Vitrine de projets<\/a><\/div>\n\n<h2 class=\"wp-block-post-title\"><a href=\"https:\/\/playjouer.ca\/fr\/north-gower-filmmaking-journey-spotlight\/\" target=\"_self\" >Pleins feux sur North Gower : un voyage cin\u00e9matographique<\/a><\/h2>\n\n<div class=\"wp-block-post-excerpt\"><p class=\"wp-block-post-excerpt__excerpt\">J&rsquo;ai (Alice) eu le plaisir de rencontrer virtuellement l&rsquo;\u00e9quipe de North Gower. Nous avons discut\u00e9 de leur parcours cin\u00e9matographique, de la cr\u00e9ation musicale \u00e0 l&rsquo;\u00e9criture d&rsquo;un sc\u00e9nario, en passant par [&hellip;] <\/p><\/div>\n\n<div class=\"wp-block-post-date\"><time datetime=\"2023-11-16T15:42:00-05:00\">novembre 16, 2023<\/time><\/div><\/div><\/div>\n\n<\/li><li class=\"wp-block-post post-5183 post type-post status-publish format-standard hentry category-vitrine-projets\">\n\n<div class=\"is-layout-flow wp-block-group\" style=\"padding-top:30px;padding-right:30px;padding-bottom:30px;padding-left:30px\"><div class=\"wp-block-group__inner-container\">\n\n<div class=\"taxonomy-category wp-block-post-terms\"><a href=\"https:\/\/playjouer.ca\/fr\/category\/vitrine-projets\/\" rel=\"tag\">Vitrine de projets<\/a><\/div>\n\n<h2 class=\"wp-block-post-title\"><a href=\"https:\/\/playjouer.ca\/fr\/project-spotlight-biggar-school\/\" target=\"_self\" >\u00ab\u00a0Nous voulons progresser vers l&rsquo;inclusion par l&rsquo;engagement\u00a0\u00bb : Pleins feux sur l&rsquo;\u00e9cole centrale de Biggar en Saskatchewan<\/a><\/h2>\n\n<div class=\"wp-block-post-excerpt\"><p class=\"wp-block-post-excerpt__excerpt\">**Article originalement en anglais.** Nous arrivons avec l&rsquo;esprit et le c\u0153ur ouverts pour soutenir une vaste communaut\u00e9 d&rsquo;apprentissage ! Cette communaut\u00e9 scolaire se trouve au centre d&rsquo;une riche r\u00e9gion agricole, [&hellip;] <\/p><\/div>\n\n<div class=\"wp-block-post-date\"><time datetime=\"2023-10-14T10:32:39-04:00\">octobre 14, 2023<\/time><\/div><\/div><\/div>\n\n<\/li><\/ul><\/div>\n\n\n\n<div class=\"is-content-justification-center is-layout-flex wp-container-18 wp-block-buttons\">\n<div class=\"wp-block-button\"><a class=\"wp-block-button__link has-cpsn-black-color has-cpsn-yellow-background-color has-text-color has-background wp-element-button\" href=\"https:\/\/playjouer.ca\/fr\/actualite-et-ressources\/\"><strong>Publications ant\u00e9rieures<\/strong><\/a><\/div>\n<\/div>\n<\/div><\/section>\n\n\n\n<section class=\"is-layout-flow wp-block-group section-3\"><div class=\"wp-block-group__inner-container\">\n<div class=\"is-layout-flow wp-block-group why-learning-through-play\"><div class=\"wp-block-group__inner-container\">\n<h2>Pourquoi apprendre par le jeu&nbsp;?<\/h2>\n\n\n\n<div class=\"is-layout-flex wp-container-22 wp-block-columns\">\n<div class=\"is-layout-flow wp-block-column\">\n<p class=\"has-medium-font-size\">Le jeu est un m\u00e9canisme merveilleusement \u00e9volu\u00e9 pour la sant\u00e9, le bien-\u00eatre et le d\u00e9veloppement de l\u2019\u00eatre humain. Le jeu favorise la curiosit\u00e9, la cr\u00e9ativit\u00e9, l\u2019imagination, la confiance en soi, l\u2019auto-efficacit\u00e9, la r\u00e9gulation \u00e9motionnelle, ainsi que les comp\u00e9tences physiques, sociales et cognitives.<\/p>\n<\/div>\n\n\n\n<div class=\"is-layout-flow wp-block-column\">\n<p>La Fondation LEGO a identifi\u00e9 cinq caract\u00e9ristiques essentielles des exp\u00e9riences ludiques qui favorisent un apprentissage profond. Une activit\u00e9 est consid\u00e9r\u00e9e comme ludique si elle\u2026<\/p>\n\n\n\n<ol>\n<li>aide les \u00e9l\u00e8ves \u00e0 <strong>trouver un sens<\/strong> \u00e0 ce qu\u2019ils font ou apprennent;<\/li>\n\n\n\n<li>permet aux enfants de <strong>s\u2019engager profond\u00e9ment<\/strong>;<\/li>\n\n\n\n<li>inclut des <strong>processus de r\u00e9flexion it\u00e9ratifs<\/strong> tels que le bricolage, l\u2019exp\u00e9rimentation et le test d\u2019hypoth\u00e8ses;<\/li>\n\n\n\n<li>favorise <strong>l\u2019interaction sociale<\/strong>, et<\/li>\n\n\n\n<li>est v\u00e9cue comme <strong>joyeuse<\/strong>.<\/li>\n<\/ol>\n<\/div>\n<\/div>\n<\/div><\/div>\n<\/div><\/section>\n\n\n\n<section class=\"is-layout-flow wp-block-group section-4\"><div class=\"wp-block-group__inner-container\">\n<figure class=\"wp-block-image size-full section-4-image\"><img decoding=\"async\" loading=\"lazy\" width=\"423\" height=\"473\" src=\"https:\/\/playjouer.ca\/wp-content\/uploads\/2022\/10\/Home_Everything-1.png\" alt=\"\" class=\"wp-image-444\" srcset=\"https:\/\/playjouer.ca\/wp-content\/uploads\/2022\/10\/Home_Everything-1.png 423w, https:\/\/playjouer.ca\/wp-content\/uploads\/2022\/10\/Home_Everything-1-268x300.png 268w\" sizes=\"(max-width: 423px) 100vw, 423px\" \/><\/figure>\n\n\n\n<h2>Modes d\u2019apprentissage par le jeu&nbsp;: Enviro, techno, bricolo \u2013 et tout ce qui est socio<\/h2>\n\n\n\n<p class=\"has-medium-font-size\">Le RC\u00c9L se consacre \u00e0 l\u2019approfondissement et \u00e0 l\u2019\u00e9largissement des p\u00e9dagogies du jeu \u00e0 travers trois modalit\u00e9s dans les \u00e9coles : enviro, techno et bricolo. \u00ab Tout ce qui est socio \u00bb fait r\u00e9f\u00e9rence \u00e0 l\u2019importance fondamentale des contextes, langues et cultures de tous dans l\u2019apprentissage par le jeu.<\/p>\n\n\n\n<p>L\u2019objectif est d\u2019am\u00e9liorer l\u2019apprentissage et le bien-\u00eatre des \u00e9l\u00e8ves de la 4<sup>e<\/sup> \u00e0 la 8<sup>e<\/sup> ann\u00e9e, en particulier avec et pour les groupes qui ont \u00e9t\u00e9 traditionnellement marginalis\u00e9s des syst\u00e8mes scolaires et\/ou mal desservis par les \u00e9coles.<\/p>\n<\/div><\/section>\n","protected":false},"excerpt":{"rendered":"<p>Le R\u00e9seau canadien des \u00e9coles ludiques (RC\u00c9L) est le tout premier en son genre \u00e0 l\u2019\u00e9chelle mondiale L\u2019AVENTURE EST LANC\u00c9E !Suivez notre parcours. Recevez des nouvelles et des mises \u00e0 [&hellip;]<\/p>\n","protected":false},"author":1,"featured_media":0,"parent":0,"menu_order":0,"comment_status":"closed","ping_status":"closed","template":"","meta":[],"acf":[],"_links":{"self":[{"href":"https:\/\/playjouer.ca\/fr\/wp-json\/wp\/v2\/pages\/858"}],"collection":[{"href":"https:\/\/playjouer.ca\/fr\/wp-json\/wp\/v2\/pages"}],"about":[{"href":"https:\/\/playjouer.ca\/fr\/wp-json\/wp\/v2\/types\/page"}],"author":[{"embeddable":true,"href":"https:\/\/playjouer.ca\/fr\/wp-json\/wp\/v2\/users\/1"}],"replies":[{"embeddable":true,"href":"https:\/\/playjouer.ca\/fr\/wp-json\/wp\/v2\/comments?post=858"}],"version-history":[{"count":4,"href":"https:\/\/playjouer.ca\/fr\/wp-json\/wp\/v2\/pages\/858\/revisions"}],"predecessor-version":[{"id":4692,"href":"https:\/\/playjouer.ca\/fr\/wp-json\/wp\/v2\/pages\/858\/revisions\/4692"}],"wp:attachment":[{"href":"https:\/\/playjouer.ca\/fr\/wp-json\/wp\/v2\/media?parent=858"}],"curies":[{"name":"wp","href":"https:\/\/api.w.org\/{rel}","templated":true}]}}