{"id":861,"date":"2022-09-13T14:17:24","date_gmt":"2022-09-13T18:17:24","guid":{"rendered":"https:\/\/playjouer.ca\/join-us\/stay-connected\/"},"modified":"2024-02-14T22:12:44","modified_gmt":"2024-02-15T03:12:44","slug":"soyez-inspire-es","status":"publish","type":"page","link":"https:\/\/playjouer.ca\/fr\/restez-connecte-es\/soyez-inspire-es\/","title":{"rendered":"Soyez inspir\u00e9.es"},"content":{"rendered":"\n<div class=\"is-layout-flex wp-container-3 wp-block-columns\">\n<div class=\"is-layout-flow wp-block-column\">\n<h2 class=\"has-cpsn-orange-color has-text-color has-large-font-size\">Colombie-Britannique<\/h2>\n\n\n\n<ul class=\"has-medium-font-size\">\n<li><a href=\"https:\/\/playjouer.ca\/fr\/restez-connecte-es\/soyez-inspire-es\/babine-elementary-secondary-school\/\" data-type=\"page\" data-id=\"1365\" target=\"_blank\" rel=\"noreferrer noopener\">Babine Elementary Secondary School\u200b<\/a> [EN]<\/li>\n\n\n\n<li><a href=\"https:\/\/playjouer.ca\/fr\/restez-connecte-es\/soyez-inspire-es\/brooks-secondary\/\" data-type=\"page\" data-id=\"1175\" target=\"_blank\" rel=\"noreferrer noopener\">Brooks Secondary School<\/a> [EN]<\/li>\n\n\n\n<li><a href=\"https:\/\/playjouer.ca\/fr\/restez-connecte-es\/soyez-inspire-es\/hudson-road-elementary\/\" data-type=\"page\" data-id=\"1227\" target=\"_blank\" rel=\"noreferrer noopener\">Hudson Road Elementary<\/a>\u200b [EN]<\/li>\n\n\n\n<li><a href=\"https:\/\/playjouer.ca\/fr\/restez-connecte-es\/soyez-inspire-es\/ecole-des-sentiers-alpins\/\" data-type=\"page\" data-id=\"1326\" target=\"_blank\" rel=\"noreferrer noopener\">\u00c9cole des Sentiers-alpins et Secondaire de Nelson<\/a> [FR]<\/li>\n\n\n\n<li><a href=\"https:\/\/playjouer.ca\/fr\/restez-connecte-es\/soyez-inspire-es\/ecole-collines-or-secondaire-kamloops\/\" data-type=\"page\" data-id=\"1288\" target=\"_blank\" rel=\"noreferrer noopener\">\u00c9cole Collines-d\u2019or et Secondaire de Kamloops<\/a> [FR]<\/li>\n<\/ul>\n<\/div>\n\n\n\n<div class=\"is-layout-flow wp-block-column\">\n<h2 class=\"has-cpsn-orange-color has-text-color has-large-font-size\">Nouveau-Brunswick<\/h2>\n\n\n\n<ul class=\"has-medium-font-size\">\n<li><a href=\"https:\/\/playjouer.ca\/fr\/restez-connecte-es\/soyez-inspire-es\/bath-community-school\/\" data-type=\"page\" data-id=\"1301\" target=\"_blank\" rel=\"noreferrer noopener\">Bath Community School<\/a> [EN]<\/li>\n\n\n\n<li>\u200b\u200b<a href=\"https:\/\/playjouer.ca\/fr\/restez-connecte-es\/soyez-inspire-es\/ecole-communautaire-saint-joseph\/\" data-type=\"page\" data-id=\"1188\" target=\"_blank\" rel=\"noreferrer noopener\">\u00c9cole Communautaire Saint-Joseph<\/a> [FR]<\/li>\n\n\n\n<li>\u200b\u200b<a href=\"https:\/\/playjouer.ca\/fr\/restez-connecte-es\/soyez-inspire-es\/gagetown-school\/\" data-type=\"page\" data-id=\"1265\" target=\"_blank\" rel=\"noreferrer noopener\">Gagetown School\u200b<\/a> [EN]<\/li>\n\n\n\n<li>\u200b\u200b<a href=\"https:\/\/playjouer.ca\/fr\/restez-connecte-es\/soyez-inspire-es\/hanwell-park-academy\/\" data-type=\"page\" data-id=\"1260\" target=\"_blank\" rel=\"noreferrer noopener\">Hanwell Park Academy<\/a>\u200b [EN]<\/li>\n\n\n\n<li><a href=\"https:\/\/playjouer.ca\/fr\/restez-connecte-es\/soyez-inspire-es\/terry-fox-elementary\/\" data-type=\"page\" data-id=\"1338\" target=\"_blank\" rel=\"noreferrer noopener\">Terry Fox Elementary School<\/a> [EN]<\/li>\n\n\n\n<li><a href=\"https:\/\/playjouer.ca\/fr\/restez-connecte-es\/soyez-inspire-es\/polyvalente-thomas-albert\/\" data-type=\"page\" data-id=\"1242\" target=\"_blank\" rel=\"noreferrer noopener\">Polyvalente Thomas-Albert<\/a> [FR]<\/li>\n<\/ul>\n<\/div>\n<\/div>\n\n\n\n<div class=\"is-layout-flex wp-container-6 wp-block-columns\">\n<div class=\"is-layout-flow wp-block-column\">\n<h2 class=\"has-cpsn-orange-color has-text-color has-large-font-size\">Ontario<\/h2>\n\n\n\n<ul class=\"has-medium-font-size\">\n<li><a href=\"https:\/\/playjouer.ca\/fr\/restez-connecte-es\/soyez-inspire-es\/ecole-elementaire-catholique-st-michel\/\" data-type=\"page\" data-id=\"1294\" target=\"_blank\" rel=\"noreferrer noopener\">\u00c9cole \u00e9l\u00e9mentaire catholique St-Michel<\/a> [FR]<\/li>\n\n\n\n<li><a href=\"https:\/\/playjouer.ca\/fr\/restez-connecte-es\/soyez-inspire-es\/ecole-elementaire-publique-mamawi\/\" data-type=\"page\" data-id=\"1591\" target=\"_blank\" rel=\"noreferrer noopener\">\u00c9cole \u00e9l\u00e9mentaire publique Mamawi<\/a> [FR]<\/li>\n\n\n\n<li>\u200b\u200b<a href=\"https:\/\/playjouer.ca\/fr\/restez-connecte-es\/soyez-inspire-es\/duncan-schoular-public-school\/\" data-type=\"page\" data-id=\"1255\" target=\"_blank\" rel=\"noreferrer noopener\">Duncan J Schoular\u200b Public School<\/a> [EN]<\/li>\n\n\n\n<li><a href=\"https:\/\/playjouer.ca\/fr\/restez-connecte-es\/soyez-inspire-es\/mcmurrich-junior-public-school\/\" data-type=\"page\" data-id=\"1333\" target=\"_blank\" rel=\"noreferrer noopener\">McMurrich Junior Public School<\/a> [EN]<\/li>\n\n\n\n<li><a href=\"https:\/\/playjouer.ca\/fr\/restez-connecte-es\/soyez-inspire-es\/north-gower-marlborough-public-school\/\" data-type=\"page\" data-id=\"1181\" target=\"_blank\" rel=\"noreferrer noopener\">North Gower Marlborough Public School<\/a> [EN]<\/li>\n\n\n\n<li>\u200b\u200b<a href=\"https:\/\/playjouer.ca\/fr\/restez-connecte-es\/soyez-inspire-es\/st-david-catholic-elementary-school\/\" data-type=\"page\" data-id=\"1212\" target=\"_blank\" rel=\"noreferrer noopener\">St. David Catholic Elementary School\u200b<\/a> [EN]<\/li>\n\n\n\n<li><a href=\"https:\/\/playjouer.ca\/fr\/restez-connecte-es\/soyez-inspire-es\/st-george-notre-dame\/\" data-type=\"page\" data-id=\"1232\" target=\"_blank\" rel=\"noreferrer noopener\">St. George and Notre Dame<\/a> [EN]<\/li>\n<\/ul>\n<\/div>\n\n\n\n<div class=\"is-layout-flow wp-block-column\">\n<h2 class=\"has-cpsn-orange-color has-text-color has-large-font-size\">Nouvelle-\u00c9cosse<\/h2>\n\n\n\n<ul class=\"has-medium-font-size\">\n<li><a href=\"https:\/\/playjouer.ca\/fr\/restez-connecte-es\/soyez-inspire-es\/ecole-acadienne-de-pomquet\/\" data-type=\"page\" data-id=\"1340\" target=\"_blank\" rel=\"noreferrer noopener\">\u00c9cole acadienne de Pomquet<\/a> [FR]<\/li>\n\n\n\n<li><a href=\"https:\/\/playjouer.ca\/fr\/restez-connecte-es\/soyez-inspire-es\/ecole-secondaire-de-clare\/\" data-type=\"page\" data-id=\"1465\" target=\"_blank\" rel=\"noreferrer noopener\">\u00c9cole secondaire de Clare<\/a> [FR]<\/li>\n\n\n\n<li><a href=\"https:\/\/playjouer.ca\/fr\/restez-connecte-es\/soyez-inspire-es\/fanning-education-centre-canso-academy\/\" data-type=\"page\" data-id=\"1372\" target=\"_blank\" rel=\"noreferrer noopener\">Fanning Education Centre \/ Canso Academy<\/a> [EN]<\/li>\n\n\n\n<li><a href=\"https:\/\/playjouer.ca\/fr\/restez-connecte-es\/soyez-inspire-es\/mount-edward-elementary-school\/\" data-type=\"page\" data-id=\"1357\" target=\"_blank\" rel=\"noreferrer noopener\">Mount Edward Elementary School<\/a> [EN]<\/li>\n\n\n\n<li><a href=\"https:\/\/playjouer.ca\/fr\/restez-connecte-es\/soyez-inspire-es\/redcliff-middle-school\/\" data-type=\"page\" data-id=\"1362\" target=\"_blank\" rel=\"noreferrer noopener\">Redcliff Middle School<\/a> [EN]<\/li>\n\n\n\n<li><a href=\"https:\/\/playjouer.ca\/fr\/restez-connecte-es\/soyez-inspire-es\/harbourside-elementary\/\" data-type=\"page\" data-id=\"1250\" target=\"_blank\" rel=\"noreferrer noopener\">Harbourside Elementary<\/a> [EN]<\/li>\n<\/ul>\n<\/div>\n<\/div>\n\n\n\n<div class=\"is-layout-flex wp-container-9 wp-block-columns\">\n<div class=\"is-layout-flow wp-block-column\">\n<h2 class=\"has-cpsn-orange-color has-text-color has-large-font-size\">Saskatchewan<\/h2>\n\n\n\n<ul class=\"has-medium-font-size\">\n<li><a href=\"https:\/\/playjouer.ca\/fr\/restez-connecte-es\/soyez-inspire-es\/ecole-monseigneur-de-laval\/\" data-type=\"page\" data-id=\"1375\" target=\"_blank\" rel=\"noreferrer noopener\">\u00c9cole Monseigneur de Laval<\/a> [FR]<\/li>\n\n\n\n<li><a href=\"https:\/\/playjouer.ca\/fr\/restez-connecte-es\/soyez-inspire-es\/st-anne-elementary-school\/\" data-type=\"page\" data-id=\"1308\" target=\"_blank\" rel=\"noreferrer noopener\">St. Anne Elementary School<\/a> [EN]<\/li>\n\n\n\n<li><a href=\"https:\/\/playjouer.ca\/fr\/restez-connecte-es\/soyez-inspire-es\/biggar-central-school\/\" data-type=\"page\" data-id=\"1279\" target=\"_blank\" rel=\"noreferrer noopener\">Biggar Central School<\/a> [EN]<\/li>\n\n\n\n<li><a href=\"https:\/\/playjouer.ca\/fr\/restez-connecte-es\/soyez-inspire-es\/birch-hills-public-schools\/\" data-type=\"page\" data-id=\"1195\" target=\"_blank\" rel=\"noreferrer noopener\">Birch Hills Public School<\/a> [EN]<\/li>\n\n\n\n<li>\u200b\u200b<a href=\"https:\/\/playjouer.ca\/fr\/restez-connecte-es\/soyez-inspire-es\/queen-mary-public-school\/\" data-type=\"page\" data-id=\"1273\" target=\"_blank\" rel=\"noreferrer noopener\">Queen Mary Public School<\/a> \u200b[EN] <\/li>\n\n\n\n<li>\u200b\u200b<a href=\"https:\/\/playjouer.ca\/fr\/restez-connecte-es\/soyez-inspire-es\/riverside-public-school\/\" data-type=\"page\" data-id=\"1224\" target=\"_blank\" rel=\"noreferrer noopener\">Riverside Public School<\/a>\u200b [EN]<\/li>\n\n\n\n<li><a href=\"https:\/\/playjouer.ca\/fr\/restez-connecte-es\/soyez-inspire-es\/st-lorenzo-ruiz\/\" data-type=\"page\" data-id=\"1321\" target=\"_blank\" rel=\"noreferrer noopener\">\u200b\u200bSt. Lorenzo Ruiz<\/a>\u200b [EN]<\/li>\n\n\n\n<li>\u200b\u200b<a href=\"https:\/\/playjouer.ca\/fr\/restez-connecte-es\/soyez-inspire-es\/eaton-school-sunwest\/\" data-type=\"page\" data-id=\"1166\" target=\"_blank\" rel=\"noreferrer noopener\">Eaton School Sunwest<\/a>\u200b [EN]<\/li>\n<\/ul>\n<\/div>\n\n\n\n<div class=\"is-layout-flow wp-block-column\">\n<h2 class=\"has-cpsn-orange-color has-text-color has-large-font-size\">Terre-Neuve-et-Labrador<\/h2>\n\n\n\n<ul class=\"has-medium-font-size\">\n<li><a href=\"https:\/\/playjouer.ca\/fr\/restez-connecte-es\/soyez-inspire-es\/amos-comenius-memorial-school\/\" data-type=\"page\" data-id=\"1240\" target=\"_blank\" rel=\"noreferrer noopener\">Amos Comenius Memorial School<\/a> [EN]<\/li>\n\n\n\n<li><a href=\"https:\/\/playjouer.ca\/fr\/restez-connecte-es\/soyez-inspire-es\/ecole-notre-dame-du-cap\/\" data-type=\"page\" data-id=\"1580\" target=\"_blank\" rel=\"noreferrer noopener\">\u00c9cole Notre-Dame-du-Cap<\/a> [FR]<\/li>\n\n\n\n<li>\u200b\u200b<a href=\"https:\/\/playjouer.ca\/fr\/restez-connecte-es\/soyez-inspire-es\/stephenville-elementary-school\/\" data-type=\"page\" data-id=\"1315\" target=\"_blank\" rel=\"noreferrer noopener\">Stephenville Elementary School<\/a>\u200b [EN]<\/li>\n\n\n\n<li><a href=\"https:\/\/playjouer.ca\/fr\/restez-connecte-es\/soyez-inspire-es\/st-andrews-elementary\/\" data-type=\"page\" data-id=\"1269\" target=\"_blank\" rel=\"noreferrer noopener\">St. Andrew\u2019s Elementary<\/a> [EN]<\/li>\n\n\n\n<li><a href=\"https:\/\/playjouer.ca\/fr\/restez-connecte-es\/soyez-inspire-es\/valmont-academy\/\" data-type=\"page\" data-id=\"1312\" target=\"_blank\" rel=\"noreferrer noopener\">Valmont Academy<\/a> [EN]<\/li>\n\n\n\n<li><a href=\"https:\/\/playjouer.ca\/fr\/restez-connecte-es\/soyez-inspire-es\/vanier-elementary\/\" data-type=\"page\" data-id=\"1285\" target=\"_blank\" rel=\"noreferrer noopener\">Vanier Elementary<\/a> [EN]<\/li>\n<\/ul>\n<\/div>\n<\/div>\n\n\n\n<div class=\"is-layout-flex wp-container-12 wp-block-columns\">\n<div class=\"is-layout-flow wp-block-column\">\n<h2 class=\"has-cpsn-orange-color has-text-color has-large-font-size\">Qu\u00e9bec<\/h2>\n\n\n\n<ul class=\"has-medium-font-size\">\n<li><a href=\"https:\/\/playjouer.ca\/fr\/restez-connecte-es\/soyez-inspire-es\/ecole-benoit-duhamel\/\" data-type=\"page\" data-id=\"1214\" target=\"_blank\" rel=\"noreferrer noopener\">\u00c9cole Beno\u00eet-Duhamel<\/a>\u200b [FR]<\/li>\n\n\n\n<li><a href=\"https:\/\/playjouer.ca\/fr\/restez-connecte-es\/soyez-inspire-es\/kitigan-zibi-kikinamadinan\/\" data-type=\"page\" data-id=\"1348\" target=\"_blank\" rel=\"noreferrer noopener\">Kitigan Zibi Kikinamadinan<\/a> [EN]<\/li>\n\n\n\n<li><a href=\"https:\/\/playjouer.ca\/fr\/restez-connecte-es\/soyez-inspire-es\/pierre-elliott-trudeau-elementary\/\" data-type=\"page\" data-id=\"1353\" target=\"_blank\" rel=\"noreferrer noopener\">Pierre Elliott Trudeau Elementary School<\/a> [EN]<\/li>\n<\/ul>\n<\/div>\n\n\n\n<div class=\"is-layout-flow wp-block-column\"><\/div>\n<\/div>\n","protected":false},"excerpt":{"rendered":"<p>Colombie-Britannique Nouveau-Brunswick Ontario Nouvelle-\u00c9cosse Saskatchewan Terre-Neuve-et-Labrador Qu\u00e9bec<\/p>\n","protected":false},"author":1,"featured_media":810,"parent":845,"menu_order":0,"comment_status":"closed","ping_status":"closed","template":"","meta":[],"acf":[],"_links":{"self":[{"href":"https:\/\/playjouer.ca\/fr\/wp-json\/wp\/v2\/pages\/861"}],"collection":[{"href":"https:\/\/playjouer.ca\/fr\/wp-json\/wp\/v2\/pages"}],"about":[{"href":"https:\/\/playjouer.ca\/fr\/wp-json\/wp\/v2\/types\/page"}],"author":[{"embeddable":true,"href":"https:\/\/playjouer.ca\/fr\/wp-json\/wp\/v2\/users\/1"}],"replies":[{"embeddable":true,"href":"https:\/\/playjouer.ca\/fr\/wp-json\/wp\/v2\/comments?post=861"}],"version-history":[{"count":5,"href":"https:\/\/playjouer.ca\/fr\/wp-json\/wp\/v2\/pages\/861\/revisions"}],"predecessor-version":[{"id":5336,"href":"https:\/\/playjouer.ca\/fr\/wp-json\/wp\/v2\/pages\/861\/revisions\/5336"}],"up":[{"embeddable":true,"href":"https:\/\/playjouer.ca\/fr\/wp-json\/wp\/v2\/pages\/845"}],"wp:featuredmedia":[{"embeddable":true,"href":"https:\/\/playjouer.ca\/fr\/wp-json\/wp\/v2\/media\/810"}],"wp:attachment":[{"href":"https:\/\/playjouer.ca\/fr\/wp-json\/wp\/v2\/media?parent=861"}],"curies":[{"name":"wp","href":"https:\/\/api.w.org\/{rel}","templated":true}]}}